{"id":28488,"date":"2025-10-06T22:47:30","date_gmt":"2025-10-06T19:47:30","guid":{"rendered":"https:\/\/edam.com.tr\/?post_type=product&#038;p=28488"},"modified":"2026-01-02T00:16:58","modified_gmt":"2026-01-01T21:16:58","slug":"birdirbir-filistin-yeni","status":"publish","type":"product","link":"https:\/\/edam.com.tr\/en\/product\/birdirbir-filistin-yeni\/","title":{"rendered":"Birdirbir &#8211; Filistin"},"content":{"rendered":"<p>Birdirbir &#8211; Filistin \u00f6zel bask\u0131s\u0131&#8230;<\/p>\n<p>PDF format\u0131nda \u00fccretsiz indirmek i\u00e7in a\u015fa\u011f\u0131daki butona t\u0131klay\u0131n\u0131z.<\/p>\n<p><a class=\"single_add_to_cart_button button alt\" href=\"https:\/\/edam.com.tr\/wp-content\/uploads\/2025\/10\/birdirbir_filistin_yeni.pdf\" target=\"_blank\" rel=\"noopener\">\u00dccretsiz \u0130ndir (PDF)<\/a><\/p>\n","protected":false},"excerpt":{"rendered":"<p>Birdirbir &#8211; Filistin \u00f6zel bask\u0131s\u0131&#8230; PDF format\u0131nda \u00fccretsiz indirmek i\u00e7in&hellip;<\/p>\n<p> <a class=\"more-link\" href=\"https:\/\/edam.com.tr\/en\/product\/birdirbir-filistin-yeni\/\">Read more<\/a><\/p>\n","protected":false},"featured_media":28490,"comment_status":"open","ping_status":"closed","template":"","meta":{"_acf_changed":false},"product_brand":[],"product_cat":[427,433,453,428,434],"product_tag":[780],"class_list":{"0":"post-28488","1":"product","2":"type-product","3":"status-publish","4":"has-post-thumbnail","6":"product_cat-childrens","7":"product_cat-childrens-religious-books","8":"product_cat-iammuslim-special-series","9":"product_cat-reference","10":"product_cat-reference-childrens-religious-books","11":"product_tag-filistin-en","12":"pa_katki-saglayan-hatice-isilak-durmus-en","13":"pa_yas-gruplari-9-12-en","15":"first","16":"instock","17":"featured","18":"purchasable","19":"product-type-simple"},"acf":[],"_links":{"self":[{"href":"https:\/\/edam.com.tr\/en\/wp-json\/wp\/v2\/product\/28488","targetHints":{"allow":["GET"]}}],"collection":[{"href":"https:\/\/edam.com.tr\/en\/wp-json\/wp\/v2\/product"}],"about":[{"href":"https:\/\/edam.com.tr\/en\/wp-json\/wp\/v2\/types\/product"}],"replies":[{"embeddable":true,"href":"https:\/\/edam.com.tr\/en\/wp-json\/wp\/v2\/comments?post=28488"}],"wp:featuredmedia":[{"embeddable":true,"href":"https:\/\/edam.com.tr\/en\/wp-json\/wp\/v2\/media\/28490"}],"wp:attachment":[{"href":"https:\/\/edam.com.tr\/en\/wp-json\/wp\/v2\/media?parent=28488"}],"wp:term":[{"taxonomy":"product_brand","embeddable":true,"href":"https:\/\/edam.com.tr\/en\/wp-json\/wp\/v2\/product_brand?post=28488"},{"taxonomy":"product_cat","embeddable":true,"href":"https:\/\/edam.com.tr\/en\/wp-json\/wp\/v2\/product_cat?post=28488"},{"taxonomy":"product_tag","embeddable":true,"href":"https:\/\/edam.com.tr\/en\/wp-json\/wp\/v2\/product_tag?post=28488"}],"curies":[{"name":"wp","href":"https:\/\/api.w.org\/{rel}","templated":true}]}}