{"id":27704,"date":"2025-03-26T07:46:35","date_gmt":"2025-03-26T04:46:35","guid":{"rendered":"https:\/\/edam.com.tr\/urun\/saklambac-boyama-ve-bulmaca-kitabi\/"},"modified":"2026-01-02T00:16:58","modified_gmt":"2026-01-01T21:16:58","slug":"saklambac-boyama-ve-bulmaca-kitabi","status":"publish","type":"product","link":"https:\/\/edam.com.tr\/en\/product\/saklambac-boyama-ve-bulmaca-kitabi\/","title":{"rendered":"Saklamba\u00e7 Boyama ve Bulmaca Kitab\u0131"},"content":{"rendered":"<p>Hayvanlar \u00e2leminin sevimli d\u00fcnya\u00ads\u0131nda reng\u00e2renk bir maceraya var m\u0131s\u0131n? Ahtapot, ar\u0131, at, ay\u0131, bal\u0131k, bayku\u015f, denizat\u0131, e\u015fek, fil, gergedan, geyik, horoz, kaplumba\u011fa, karga, kedi, kelebek, kirpi, koyun, k\u00f6pek, kurba\u011fa, ku\u015f, maymun, papa\u011fan, sincap, su ayg\u0131r\u0131, tav\u015fan, tavuk, tilki, timsah, y\u0131lan, z\u00fcrafa ve tabii civciv! Hepsi bu kitapta seni bekliyor. Di\u00adledi\u011fin gibi boyayabilece\u011fin harika resimleri, \u00e7e\u015fit \u00e7e\u015fit bulmacalar\u0131yla bu kitap \u00e7ok e\u011flenceli!<\/p>\n","protected":false},"excerpt":{"rendered":"<p>Hayvanlar \u00e2leminin sevimli d\u00fcnya\u00ads\u0131nda reng\u00e2renk bir maceraya var m\u0131s\u0131n? Ahtapot,&hellip;<\/p>\n<p> <a class=\"more-link\" href=\"https:\/\/edam.com.tr\/en\/product\/saklambac-boyama-ve-bulmaca-kitabi\/\">Read more<\/a><\/p>\n","protected":false},"featured_media":27703,"comment_status":"open","ping_status":"closed","template":"","meta":{"_acf_changed":false},"product_brand":[],"product_cat":[448,427,445,431,472],"product_tag":[],"class_list":{"0":"post-27704","1":"product","2":"type-product","3":"status-publish","4":"has-post-thumbnail","6":"product_cat-activity","7":"product_cat-childrens","8":"product_cat-coloring-books","9":"product_cat-hobby","10":"product_cat-values-education-activity","11":"pa_katki-saglayan-hatice-isilak-durmus-en","12":"pa_katki-saglayan-yahya-alakay-en","13":"pa_yas-gruplari-6-9-en","15":"first","16":"instock","17":"taxable","18":"shipping-taxable","19":"purchasable","20":"product-type-simple"},"acf":[],"_links":{"self":[{"href":"https:\/\/edam.com.tr\/en\/wp-json\/wp\/v2\/product\/27704","targetHints":{"allow":["GET"]}}],"collection":[{"href":"https:\/\/edam.com.tr\/en\/wp-json\/wp\/v2\/product"}],"about":[{"href":"https:\/\/edam.com.tr\/en\/wp-json\/wp\/v2\/types\/product"}],"replies":[{"embeddable":true,"href":"https:\/\/edam.com.tr\/en\/wp-json\/wp\/v2\/comments?post=27704"}],"wp:featuredmedia":[{"embeddable":true,"href":"https:\/\/edam.com.tr\/en\/wp-json\/wp\/v2\/media\/27703"}],"wp:attachment":[{"href":"https:\/\/edam.com.tr\/en\/wp-json\/wp\/v2\/media?parent=27704"}],"wp:term":[{"taxonomy":"product_brand","embeddable":true,"href":"https:\/\/edam.com.tr\/en\/wp-json\/wp\/v2\/product_brand?post=27704"},{"taxonomy":"product_cat","embeddable":true,"href":"https:\/\/edam.com.tr\/en\/wp-json\/wp\/v2\/product_cat?post=27704"},{"taxonomy":"product_tag","embeddable":true,"href":"https:\/\/edam.com.tr\/en\/wp-json\/wp\/v2\/product_tag?post=27704"}],"curies":[{"name":"wp","href":"https:\/\/api.w.org\/{rel}","templated":true}]}}