{"id":27671,"date":"2025-03-14T15:48:08","date_gmt":"2025-03-14T12:48:08","guid":{"rendered":"https:\/\/edam.com.tr\/urun\/ayet-ve-hadislerle-degerler-egitimi-8-10-yas\/"},"modified":"2026-01-02T00:16:58","modified_gmt":"2026-01-01T21:16:58","slug":"ayet-ve-hadislerle-degerler-egitimi-8-10-yas","status":"publish","type":"product","link":"https:\/\/edam.com.tr\/en\/product\/ayet-ve-hadislerle-degerler-egitimi-8-10-yas\/","title":{"rendered":"Ayet ve Hadislerle De\u011ferler E\u011fitimi (8-10 Ya\u015f)"},"content":{"rendered":"<p>Erdemli olmak hayal de\u011fil. De\u011ferler, \u00e7ocuklar\u0131m\u0131z\u0131n eri\u015femeyece\u011fi kadar y\u00fcksekte de\u011fil.<\/p>\n<p>Bu kitap \u00e7ocuklara, erdemleri kazanabilmek i\u00e7in gitmeleri gereken en yak\u0131n adresi g\u00f6steriyor: vicdanlar\u0131n\u0131.<\/p>\n<p>De\u011ferleri tan\u0131mlayan didaktik dil, s\u0131k\u0131c\u0131 olabilir. Daima olmas\u0131 gerekeni dinlemek de\u2026 Bu kitap, olmas\u0131 gerekeni buyurganl\u0131ktan uzak bir dille anlat\u0131yor. \u00c7ocu\u011fa, kendi durumu \u00fczerinden de\u011ferlendirme yapabilmesi i\u00e7in \u00f6neriler sunuyor. Toplam on temel de\u011feri ele al\u0131yor: sorumluluk, yard\u0131mseverlik, adalet, \u00f6z g\u00fcven, liderlik, dostluk, do\u011fruluk, sab\u0131r, sayg\u0131 ve \u00f6z denetim. Ayet ve hadislerle her bir de\u011fere dikkat \u00e7ektikten sonra onlar\u0131 k\u0131sa bir metinle a\u00e7\u0131kl\u0131yor. Devam\u0131nda yer alan \u00abPeki\u00bb ve \u00abBen Olsam\u00bb b\u00f6l\u00fcmlerinde ise e\u011flenceli ve \u00e7ocu\u011fu ters k\u00f6\u015feye yat\u0131ran \u00f6rneklerle anlat\u0131lmak istenenler destekleniyor.<\/p>\n<p>Anne babalar\u0131n, \u00e7ocuklar\u0131n ve \u00f6\u011fretmenlerin severek okuyaca\u011f\u0131 Ayet ve Hadislerle De\u011ferler E\u011fitimi 8-10 Ya\u015f kitab\u0131 ders materyali olarak da kullan\u0131labilir.<\/p>\n","protected":false},"excerpt":{"rendered":"<p>Erdemli olmak hayal de\u011fil. De\u011ferler, \u00e7ocuklar\u0131m\u0131z\u0131n eri\u015femeyece\u011fi kadar y\u00fcksekte de\u011fil.&hellip;<\/p>\n<p> <a class=\"more-link\" href=\"https:\/\/edam.com.tr\/en\/product\/ayet-ve-hadislerle-degerler-egitimi-8-10-yas\/\">Read more<\/a><\/p>\n","protected":false},"featured_media":27670,"comment_status":"open","ping_status":"closed","template":"","meta":{"_acf_changed":false},"product_brand":[],"product_cat":[433],"product_tag":[],"class_list":{"0":"post-27671","1":"product","2":"type-product","3":"status-publish","4":"has-post-thumbnail","6":"product_cat-childrens-religious-books","7":"pa_katki-saglayan-hatice-isilak-durmus-en","8":"pa_katki-saglayan-meryem-nuriye-yavuz-en","9":"pa_katki-saglayan-muzeyyen-yilmaz-en","10":"pa_yas-gruplari-8-10-en","12":"first","13":"instock","14":"featured","15":"taxable","16":"shipping-taxable","17":"purchasable","18":"product-type-simple"},"acf":[],"_links":{"self":[{"href":"https:\/\/edam.com.tr\/en\/wp-json\/wp\/v2\/product\/27671","targetHints":{"allow":["GET"]}}],"collection":[{"href":"https:\/\/edam.com.tr\/en\/wp-json\/wp\/v2\/product"}],"about":[{"href":"https:\/\/edam.com.tr\/en\/wp-json\/wp\/v2\/types\/product"}],"replies":[{"embeddable":true,"href":"https:\/\/edam.com.tr\/en\/wp-json\/wp\/v2\/comments?post=27671"}],"wp:featuredmedia":[{"embeddable":true,"href":"https:\/\/edam.com.tr\/en\/wp-json\/wp\/v2\/media\/27670"}],"wp:attachment":[{"href":"https:\/\/edam.com.tr\/en\/wp-json\/wp\/v2\/media?parent=27671"}],"wp:term":[{"taxonomy":"product_brand","embeddable":true,"href":"https:\/\/edam.com.tr\/en\/wp-json\/wp\/v2\/product_brand?post=27671"},{"taxonomy":"product_cat","embeddable":true,"href":"https:\/\/edam.com.tr\/en\/wp-json\/wp\/v2\/product_cat?post=27671"},{"taxonomy":"product_tag","embeddable":true,"href":"https:\/\/edam.com.tr\/en\/wp-json\/wp\/v2\/product_tag?post=27671"}],"curies":[{"name":"wp","href":"https:\/\/api.w.org\/{rel}","templated":true}]}}