{"id":27636,"date":"2025-03-08T10:50:57","date_gmt":"2025-03-08T07:50:57","guid":{"rendered":"https:\/\/edam.com.tr\/?post_type=product&#038;p=27636"},"modified":"2025-03-08T10:52:25","modified_gmt":"2025-03-08T07:52:25","slug":"ev-okulu-serisi-3-kur-set-3-kitap","status":"publish","type":"product","link":"https:\/\/edam.com.tr\/en\/product\/ev-okulu-serisi-3-kur-set-3-kitap\/","title":{"rendered":"Ev Okulu Serisi 3. Kur Set (3 Kitap)"},"content":{"rendered":"<p>Ev Okulu Serisi 3. Kur Set (3 Kitap).<\/p>\n<p><strong>NOT:<\/strong> Paket i\u00e7eri\u011findeki \u00fcr\u00fcnlerin adetlerini de\u011fi\u015ftirebilirsiniz. Paketten \u00e7\u0131karmak istedi\u011finiz \u00fcr\u00fcn i\u00e7in adet k\u0131sm\u0131na rakamla &#8220;0&#8221; (s\u0131f\u0131r) yaz\u0131n\u0131z.<\/p>\n","protected":false},"excerpt":{"rendered":"<p>Ev Okulu Serisi 3. Kur Set (3 Kitap). NOT: Paket&hellip;<\/p>\n<p> <a class=\"more-link\" href=\"https:\/\/edam.com.tr\/en\/product\/ev-okulu-serisi-3-kur-set-3-kitap\/\">Read more<\/a><\/p>\n","protected":false},"featured_media":27638,"comment_status":"open","ping_status":"closed","template":"","meta":{"_acf_changed":false},"product_brand":[],"product_cat":[433,435,434],"product_tag":[],"class_list":{"0":"post-27636","1":"product","2":"type-product","3":"status-publish","4":"has-post-thumbnail","6":"product_cat-childrens-religious-books","7":"product_cat-home-school-series","8":"product_cat-reference-childrens-religious-books","9":"pa_katki-saglayan-alpaslan-durmus-en","10":"pa_katki-saglayan-hatice-isilak-durmus-en","11":"pa_yas-gruplari-8-13-en","13":"first","14":"instock","15":"taxable","16":"shipping-taxable","17":"product-type-grouped"},"acf":[],"_links":{"self":[{"href":"https:\/\/edam.com.tr\/en\/wp-json\/wp\/v2\/product\/27636","targetHints":{"allow":["GET"]}}],"collection":[{"href":"https:\/\/edam.com.tr\/en\/wp-json\/wp\/v2\/product"}],"about":[{"href":"https:\/\/edam.com.tr\/en\/wp-json\/wp\/v2\/types\/product"}],"replies":[{"embeddable":true,"href":"https:\/\/edam.com.tr\/en\/wp-json\/wp\/v2\/comments?post=27636"}],"wp:featuredmedia":[{"embeddable":true,"href":"https:\/\/edam.com.tr\/en\/wp-json\/wp\/v2\/media\/27638"}],"wp:attachment":[{"href":"https:\/\/edam.com.tr\/en\/wp-json\/wp\/v2\/media?parent=27636"}],"wp:term":[{"taxonomy":"product_brand","embeddable":true,"href":"https:\/\/edam.com.tr\/en\/wp-json\/wp\/v2\/product_brand?post=27636"},{"taxonomy":"product_cat","embeddable":true,"href":"https:\/\/edam.com.tr\/en\/wp-json\/wp\/v2\/product_cat?post=27636"},{"taxonomy":"product_tag","embeddable":true,"href":"https:\/\/edam.com.tr\/en\/wp-json\/wp\/v2\/product_tag?post=27636"}],"curies":[{"name":"wp","href":"https:\/\/api.w.org\/{rel}","templated":true}]}}