{"id":26053,"date":"2024-12-07T07:14:59","date_gmt":"2024-12-07T04:14:59","guid":{"rendered":"https:\/\/edam.com.tr\/urun\/tursu\/"},"modified":"2026-01-02T00:16:58","modified_gmt":"2026-01-01T21:16:58","slug":"tursu","status":"publish","type":"product","link":"https:\/\/edam.com.tr\/en\/product\/tursu\/","title":{"rendered":"Tur\u015fu"},"content":{"rendered":"<p lang=\"tr-TR\"><span style=\"color: #000000;\">Kasaban\u0131n \u00e7\u00f6p\u00e7\u00fcs\u00fc Tur\u015fu grev yapmaya karar verince Ho\u015fsefa kasabas\u0131nda i\u015fler kar\u0131\u015f\u0131r. Sokaklar\u0131 dolduran \u00e7\u00f6p y\u0131\u011f\u0131nlar\u0131, pis kokular\u0131yla kasabal\u0131lar\u0131 canlar\u0131ndan bezdirir. Acaba Tur\u015fu neden grev yapmaya karar verdi? Kasabal\u0131lar sorunu nas\u0131l \u00e7\u00f6zecekler? <\/span><\/p>\n<p lang=\"tr-TR\"><span style=\"color: #000000;\">\u00c7evre sorunlar\u0131, temizli\u011fin \u00f6nemi, i\u015f\u00e7i haklar\u0131 ve eme\u011fe sayg\u0131 ile ilgili ho\u015f bir hik\u00e2ye\u2026<\/span><\/p>\n","protected":false},"excerpt":{"rendered":"<p>Kasaban\u0131n \u00e7\u00f6p\u00e7\u00fcs\u00fc Tur\u015fu grev yapmaya karar verince Ho\u015fsefa kasabas\u0131nda i\u015fler&hellip;<\/p>\n<p> <a class=\"more-link\" href=\"https:\/\/edam.com.tr\/en\/product\/tursu\/\">Read more<\/a><\/p>\n","protected":false},"featured_media":26052,"comment_status":"open","ping_status":"closed","template":"","meta":{"_acf_changed":false},"product_brand":[],"product_cat":[427],"product_tag":[],"class_list":{"0":"post-26053","1":"product","2":"type-product","3":"status-publish","4":"has-post-thumbnail","6":"product_cat-childrens","7":"pa_katki-saglayan-fatima-sharaf-al-deen-en","8":"pa_katki-saglayan-joelle-achkar-en","9":"pa_katki-saglayan-zeynep-alp-en","10":"pa_yas-gruplari-4-8-en","12":"first","13":"instock","14":"featured","15":"taxable","16":"shipping-taxable","17":"purchasable","18":"product-type-simple"},"acf":[],"_links":{"self":[{"href":"https:\/\/edam.com.tr\/en\/wp-json\/wp\/v2\/product\/26053","targetHints":{"allow":["GET"]}}],"collection":[{"href":"https:\/\/edam.com.tr\/en\/wp-json\/wp\/v2\/product"}],"about":[{"href":"https:\/\/edam.com.tr\/en\/wp-json\/wp\/v2\/types\/product"}],"replies":[{"embeddable":true,"href":"https:\/\/edam.com.tr\/en\/wp-json\/wp\/v2\/comments?post=26053"}],"wp:featuredmedia":[{"embeddable":true,"href":"https:\/\/edam.com.tr\/en\/wp-json\/wp\/v2\/media\/26052"}],"wp:attachment":[{"href":"https:\/\/edam.com.tr\/en\/wp-json\/wp\/v2\/media?parent=26053"}],"wp:term":[{"taxonomy":"product_brand","embeddable":true,"href":"https:\/\/edam.com.tr\/en\/wp-json\/wp\/v2\/product_brand?post=26053"},{"taxonomy":"product_cat","embeddable":true,"href":"https:\/\/edam.com.tr\/en\/wp-json\/wp\/v2\/product_cat?post=26053"},{"taxonomy":"product_tag","embeddable":true,"href":"https:\/\/edam.com.tr\/en\/wp-json\/wp\/v2\/product_tag?post=26053"}],"curies":[{"name":"wp","href":"https:\/\/api.w.org\/{rel}","templated":true}]}}