{"id":26049,"date":"2024-12-07T07:10:50","date_gmt":"2024-12-07T04:10:50","guid":{"rendered":"https:\/\/edam.com.tr\/urun\/savastan-kacis\/"},"modified":"2026-01-02T00:16:58","modified_gmt":"2026-01-01T21:16:58","slug":"savastan-kacis","status":"publish","type":"product","link":"https:\/\/edam.com.tr\/en\/product\/savastan-kacis\/","title":{"rendered":"Sava\u015ftan Ka\u00e7\u0131\u015f"},"content":{"rendered":"<p lang=\"tr-TR\"><span style=\"color: #000000;\">Televizyonda veya gazetelerde d\u00fcnyan\u0131n bir\u00e7ok yerinden sava\u015f haberleri g\u00f6r\u00fcyoruz. \u00d6ld\u00fcren, yaralayan, yok eden, yak\u0131p y\u0131kan, insanlar\u0131 yerlerinden eden bu sava\u015flara dair gazete sayfalar\u0131nda okudu\u011fumuz haberlere \u00fcz\u00fcl\u00fcp \u00f6fkelenmekle yetinebilir miyiz? Peki, oturup televizyon ekranlar\u0131ndan izledi\u011fimiz sava\u015f g\u00f6r\u00fcnt\u00fclerinin \u00e7irkinli\u011finden etkilenip a\u011flamak yeterli midir? Hay\u0131r! El ele verip bir \u015feyler yapmal\u0131y\u0131z.<\/span><\/p>\n<p lang=\"tr-TR\"><span style=\"color: #000000;\">\u201cDaha \u0130yi Bir Hayat \u0130\u00e7in El Ele!\u201d<\/span><\/p>\n","protected":false},"excerpt":{"rendered":"<p>Televizyonda veya gazetelerde d\u00fcnyan\u0131n bir\u00e7ok yerinden sava\u015f haberleri g\u00f6r\u00fcyoruz. \u00d6ld\u00fcren,&hellip;<\/p>\n<p> <a class=\"more-link\" href=\"https:\/\/edam.com.tr\/en\/product\/savastan-kacis\/\">Read more<\/a><\/p>\n","protected":false},"featured_media":26048,"comment_status":"open","ping_status":"closed","template":"","meta":{"_acf_changed":false},"product_brand":[],"product_cat":[437],"product_tag":[],"class_list":{"0":"post-26049","1":"product","2":"type-product","3":"status-publish","4":"has-post-thumbnail","6":"product_cat-fiction","7":"pa_katki-saglayan-bah-ya-bah-group-en","8":"pa_katki-saglayan-hatice-isilak-durmus-en","9":"pa_katki-saglayan-sana-harakeh-en","10":"pa_yas-gruplari-general-audience","12":"first","13":"instock","14":"featured","15":"taxable","16":"shipping-taxable","17":"purchasable","18":"product-type-simple"},"acf":[],"_links":{"self":[{"href":"https:\/\/edam.com.tr\/en\/wp-json\/wp\/v2\/product\/26049","targetHints":{"allow":["GET"]}}],"collection":[{"href":"https:\/\/edam.com.tr\/en\/wp-json\/wp\/v2\/product"}],"about":[{"href":"https:\/\/edam.com.tr\/en\/wp-json\/wp\/v2\/types\/product"}],"replies":[{"embeddable":true,"href":"https:\/\/edam.com.tr\/en\/wp-json\/wp\/v2\/comments?post=26049"}],"wp:featuredmedia":[{"embeddable":true,"href":"https:\/\/edam.com.tr\/en\/wp-json\/wp\/v2\/media\/26048"}],"wp:attachment":[{"href":"https:\/\/edam.com.tr\/en\/wp-json\/wp\/v2\/media?parent=26049"}],"wp:term":[{"taxonomy":"product_brand","embeddable":true,"href":"https:\/\/edam.com.tr\/en\/wp-json\/wp\/v2\/product_brand?post=26049"},{"taxonomy":"product_cat","embeddable":true,"href":"https:\/\/edam.com.tr\/en\/wp-json\/wp\/v2\/product_cat?post=26049"},{"taxonomy":"product_tag","embeddable":true,"href":"https:\/\/edam.com.tr\/en\/wp-json\/wp\/v2\/product_tag?post=26049"}],"curies":[{"name":"wp","href":"https:\/\/api.w.org\/{rel}","templated":true}]}}