{"id":26045,"date":"2024-12-06T21:07:02","date_gmt":"2024-12-06T18:07:02","guid":{"rendered":"https:\/\/edam.com.tr\/urun\/ninemin-coraplari\/"},"modified":"2026-01-02T00:16:58","modified_gmt":"2026-01-01T21:16:58","slug":"ninemin-coraplari","status":"publish","type":"product","link":"https:\/\/edam.com.tr\/en\/product\/ninemin-coraplari\/","title":{"rendered":"Ninemin \u00c7oraplar\u0131"},"content":{"rendered":"<p class=\"western\" lang=\"tr-TR\">Nineme her gidi\u015fimizde \u00e7oraplar\u0131 dikkatimi \u00e7eker. Hi\u00e7bir zaman \u00e7oraplar\u0131n\u0131n ikisi birbirinin ayn\u0131s\u0131 olmaz. Ya renkleri farkl\u0131d\u0131r ya da desenleri.<\/p>\n<p class=\"western\" lang=\"tr-TR\">Bir seferinde \u00e7oraplar\u0131ndan birinde ye\u015fil, mavi ve k\u0131rm\u0131z\u0131 halkalar vard\u0131; di\u011ferinde ise zikzak ve d\u00fcz \u00e7izgiler. Bir ba\u015fka sefer bir aya\u011f\u0131ndaki \u00e7orap maviydi, di\u011ferindeki k\u0131rm\u0131z\u0131. Her seferinde \u00e7oraplar\u0131 b\u00f6yle birbirinden farkl\u0131 oluyordu. Acaba ninem neden b\u00f6yle farkl\u0131 \u00e7oraplar giyiyordu?<\/p>\n","protected":false},"excerpt":{"rendered":"<p>Nineme her gidi\u015fimizde \u00e7oraplar\u0131 dikkatimi \u00e7eker. Hi\u00e7bir zaman \u00e7oraplar\u0131n\u0131n ikisi&hellip;<\/p>\n<p> <a class=\"more-link\" href=\"https:\/\/edam.com.tr\/en\/product\/ninemin-coraplari\/\">Read more<\/a><\/p>\n","protected":false},"featured_media":26044,"comment_status":"open","ping_status":"closed","template":"","meta":{"_acf_changed":false},"product_brand":[],"product_cat":[427],"product_tag":[],"class_list":{"0":"post-26045","1":"product","2":"type-product","3":"status-publish","4":"has-post-thumbnail","6":"product_cat-childrens","7":"pa_katki-saglayan-hatice-isilak-durmus-en","8":"pa_katki-saglayan-hussein-al-rebai-en","9":"pa_katki-saglayan-sahar-shehadi-en","10":"pa_yas-gruplari-4-8-en","12":"first","13":"instock","14":"featured","15":"taxable","16":"shipping-taxable","17":"purchasable","18":"product-type-simple"},"acf":[],"_links":{"self":[{"href":"https:\/\/edam.com.tr\/en\/wp-json\/wp\/v2\/product\/26045","targetHints":{"allow":["GET"]}}],"collection":[{"href":"https:\/\/edam.com.tr\/en\/wp-json\/wp\/v2\/product"}],"about":[{"href":"https:\/\/edam.com.tr\/en\/wp-json\/wp\/v2\/types\/product"}],"replies":[{"embeddable":true,"href":"https:\/\/edam.com.tr\/en\/wp-json\/wp\/v2\/comments?post=26045"}],"wp:featuredmedia":[{"embeddable":true,"href":"https:\/\/edam.com.tr\/en\/wp-json\/wp\/v2\/media\/26044"}],"wp:attachment":[{"href":"https:\/\/edam.com.tr\/en\/wp-json\/wp\/v2\/media?parent=26045"}],"wp:term":[{"taxonomy":"product_brand","embeddable":true,"href":"https:\/\/edam.com.tr\/en\/wp-json\/wp\/v2\/product_brand?post=26045"},{"taxonomy":"product_cat","embeddable":true,"href":"https:\/\/edam.com.tr\/en\/wp-json\/wp\/v2\/product_cat?post=26045"},{"taxonomy":"product_tag","embeddable":true,"href":"https:\/\/edam.com.tr\/en\/wp-json\/wp\/v2\/product_tag?post=26045"}],"curies":[{"name":"wp","href":"https:\/\/api.w.org\/{rel}","templated":true}]}}