{"id":26041,"date":"2024-12-06T21:01:52","date_gmt":"2024-12-06T18:01:52","guid":{"rendered":"https:\/\/edam.com.tr\/urun\/kendimi-nasil-koruyabilirim\/"},"modified":"2026-01-02T00:16:58","modified_gmt":"2026-01-01T21:16:58","slug":"kendimi-nasil-koruyabilirim","status":"publish","type":"product","link":"https:\/\/edam.com.tr\/en\/product\/kendimi-nasil-koruyabilirim\/","title":{"rendered":"Kendimi Nas\u0131l Koruyabilirim?"},"content":{"rendered":"<p class=\"western\" lang=\"tr-TR\">Bu, benim bedenim. Bedenim bana emanet! Peki onu nas\u0131l koruyabilirim? \u00d6zel alan\u0131m\u0131n s\u0131n\u0131rlar\u0131n\u0131 nas\u0131l belirlerim? Kimlere g\u00fcvenebilirim? T\u00fcm bu sorular\u0131m\u0131n cevaplar\u0131 bu kitapta\u2026 Ben bir \u00e7ocu\u011fum. Kendimi g\u00fcvende ve korunmu\u015f hissetmek benim hakk\u0131m!<\/p>\n","protected":false},"excerpt":{"rendered":"<p>Bu, benim bedenim. Bedenim bana emanet! Peki onu nas\u0131l koruyabilirim?&hellip;<\/p>\n<p> <a class=\"more-link\" href=\"https:\/\/edam.com.tr\/en\/product\/kendimi-nasil-koruyabilirim\/\">Read more<\/a><\/p>\n","protected":false},"featured_media":26040,"comment_status":"open","ping_status":"closed","template":"","meta":{"_acf_changed":false},"product_brand":[],"product_cat":[427],"product_tag":[],"class_list":{"0":"post-26041","1":"product","2":"type-product","3":"status-publish","4":"has-post-thumbnail","6":"product_cat-childrens","7":"pa_katki-saglayan-hatice-isilak-durmus-en","8":"pa_katki-saglayan-karim-ali-en","9":"pa_katki-saglayan-sirine-matta-en","10":"pa_yas-gruplari-4-8-en","12":"first","13":"instock","14":"featured","15":"taxable","16":"shipping-taxable","17":"purchasable","18":"product-type-simple"},"acf":[],"_links":{"self":[{"href":"https:\/\/edam.com.tr\/en\/wp-json\/wp\/v2\/product\/26041","targetHints":{"allow":["GET"]}}],"collection":[{"href":"https:\/\/edam.com.tr\/en\/wp-json\/wp\/v2\/product"}],"about":[{"href":"https:\/\/edam.com.tr\/en\/wp-json\/wp\/v2\/types\/product"}],"replies":[{"embeddable":true,"href":"https:\/\/edam.com.tr\/en\/wp-json\/wp\/v2\/comments?post=26041"}],"wp:featuredmedia":[{"embeddable":true,"href":"https:\/\/edam.com.tr\/en\/wp-json\/wp\/v2\/media\/26040"}],"wp:attachment":[{"href":"https:\/\/edam.com.tr\/en\/wp-json\/wp\/v2\/media?parent=26041"}],"wp:term":[{"taxonomy":"product_brand","embeddable":true,"href":"https:\/\/edam.com.tr\/en\/wp-json\/wp\/v2\/product_brand?post=26041"},{"taxonomy":"product_cat","embeddable":true,"href":"https:\/\/edam.com.tr\/en\/wp-json\/wp\/v2\/product_cat?post=26041"},{"taxonomy":"product_tag","embeddable":true,"href":"https:\/\/edam.com.tr\/en\/wp-json\/wp\/v2\/product_tag?post=26041"}],"curies":[{"name":"wp","href":"https:\/\/api.w.org\/{rel}","templated":true}]}}