{"id":26037,"date":"2024-12-06T20:55:53","date_gmt":"2024-12-06T17:55:53","guid":{"rendered":"https:\/\/edam.com.tr\/urun\/eyvah-balina-hapsirdi\/"},"modified":"2026-01-02T00:16:58","modified_gmt":"2026-01-01T21:16:58","slug":"eyvah-balina-hapsirdi","status":"publish","type":"product","link":"https:\/\/edam.com.tr\/en\/product\/eyvah-balina-hapsirdi\/","title":{"rendered":"Eyvah, Balina Hap\u015f\u0131rd\u0131!"},"content":{"rendered":"<p lang=\"tr-TR\"><span style=\"color: #000000;\">\u201cAmbar\u201d ad\u0131nda bir balina varm\u0131\u015f. Hem de kocaman bir mavi balina! Denizlerde ve okyanuslarda dola\u015f\u0131r, mutlu mesut y\u00fczermi\u015f. Y\u00fczerken de \u00f6n\u00fcne gelen her \u015feyi yutarm\u0131\u015f. Eski bir ayakkab\u0131, kocaman bir \u00e7ad\u0131r, k\u0131r\u0131k bir sandalye, \u00e7\u00f6p dolu torbalar\u2026 Daha neler neler! Bunca at\u0131k, Ambar\u2019\u0131n midesini ne h\u00e2le getirecek acaba? Peki b\u00fct\u00fcn bunlar\u0131n denizde ne i\u015fi var sizce?<\/span><\/p>\n","protected":false},"excerpt":{"rendered":"<p>\u201cAmbar\u201d ad\u0131nda bir balina varm\u0131\u015f. Hem de kocaman bir mavi&hellip;<\/p>\n<p> <a class=\"more-link\" href=\"https:\/\/edam.com.tr\/en\/product\/eyvah-balina-hapsirdi\/\">Read more<\/a><\/p>\n","protected":false},"featured_media":26036,"comment_status":"open","ping_status":"closed","template":"","meta":{"_acf_changed":false},"product_brand":[],"product_cat":[427],"product_tag":[],"class_list":{"0":"post-26037","1":"product","2":"type-product","3":"status-publish","4":"has-post-thumbnail","6":"product_cat-childrens","7":"pa_katki-saglayan-baraa-al-awour-en","8":"pa_katki-saglayan-mariam-tarhini-en","9":"pa_katki-saglayan-zeynep-alp-en","10":"pa_yas-gruplari-4-8-en","12":"first","13":"instock","14":"featured","15":"taxable","16":"shipping-taxable","17":"purchasable","18":"product-type-simple"},"acf":[],"_links":{"self":[{"href":"https:\/\/edam.com.tr\/en\/wp-json\/wp\/v2\/product\/26037","targetHints":{"allow":["GET"]}}],"collection":[{"href":"https:\/\/edam.com.tr\/en\/wp-json\/wp\/v2\/product"}],"about":[{"href":"https:\/\/edam.com.tr\/en\/wp-json\/wp\/v2\/types\/product"}],"replies":[{"embeddable":true,"href":"https:\/\/edam.com.tr\/en\/wp-json\/wp\/v2\/comments?post=26037"}],"wp:featuredmedia":[{"embeddable":true,"href":"https:\/\/edam.com.tr\/en\/wp-json\/wp\/v2\/media\/26036"}],"wp:attachment":[{"href":"https:\/\/edam.com.tr\/en\/wp-json\/wp\/v2\/media?parent=26037"}],"wp:term":[{"taxonomy":"product_brand","embeddable":true,"href":"https:\/\/edam.com.tr\/en\/wp-json\/wp\/v2\/product_brand?post=26037"},{"taxonomy":"product_cat","embeddable":true,"href":"https:\/\/edam.com.tr\/en\/wp-json\/wp\/v2\/product_cat?post=26037"},{"taxonomy":"product_tag","embeddable":true,"href":"https:\/\/edam.com.tr\/en\/wp-json\/wp\/v2\/product_tag?post=26037"}],"curies":[{"name":"wp","href":"https:\/\/api.w.org\/{rel}","templated":true}]}}