{"id":25611,"date":"2024-03-20T17:10:46","date_gmt":"2024-03-20T14:10:46","guid":{"rendered":"https:\/\/edam.com.tr\/?post_type=product&#038;p=25611"},"modified":"2026-01-02T00:16:58","modified_gmt":"2026-01-01T21:16:58","slug":"degerler-egitimi-oykuleri-10-kitaplik-set-kucuk-boy","status":"publish","type":"product","link":"https:\/\/edam.com.tr\/en\/product\/degerler-egitimi-oykuleri-10-kitaplik-set-kucuk-boy\/","title":{"rendered":"De\u011ferler E\u011fitimi \u00d6yk\u00fcleri (10 Kitapl\u0131k Set &#8211; K\u00fc\u00e7\u00fck Boy)"},"content":{"rendered":"<p>Sorumluluk, yard\u0131mseverlik, adalet, \u00f6z g\u00fcven, liderlik, dostluk, do\u011fruluk, sab\u0131r, sayg\u0131, \u00f6z denetim de\u011ferleriyle ili\u015fkili, birbirinden keyifli, renkli, resimli, capcanl\u0131 10 \u00f6yk\u00fc&#8230;<\/p>\n<p>Bu setin, <a href=\"https:\/\/edam.com.tr\/urun-yayin\/character-education-stories-10-books\/\">Character Education Stories<\/a> ad\u0131yla \u0130ngilizce bask\u0131s\u0131 da mevcuttur.<\/p>\n","protected":false},"excerpt":{"rendered":"<p>Sorumluluk, yard\u0131mseverlik, adalet, \u00f6z g\u00fcven, liderlik, dostluk, do\u011fruluk, sab\u0131r, sayg\u0131,&hellip;<\/p>\n<p> <a class=\"more-link\" href=\"https:\/\/edam.com.tr\/en\/product\/degerler-egitimi-oykuleri-10-kitaplik-set-kucuk-boy\/\">Read more<\/a><\/p>\n","protected":false},"featured_media":25613,"comment_status":"open","ping_status":"closed","template":"","meta":{"_acf_changed":false},"product_brand":[],"product_cat":[427,437,477,484],"product_tag":[733,744],"class_list":{"0":"post-25611","1":"product","2":"type-product","3":"status-publish","4":"has-post-thumbnail","6":"product_cat-childrens","7":"product_cat-fiction","8":"product_cat-values-education-fiction","9":"product_cat-values-education-stories-turkish","10":"product_tag-degerler-egitimi-en","11":"product_tag-oyku-en","12":"pa_katki-saglayan-hatice-isilak-durmus-en","13":"pa_katki-saglayan-mehmet-ali-ozkan-en","14":"pa_katki-saglayan-meryem-nuriye-yavuz-en","15":"pa_katki-saglayan-nezire-demir-en","16":"pa_katki-saglayan-yahya-alakay-en","17":"pa_yas-gruplari-6-9-en","19":"first","20":"instock","21":"taxable","22":"shipping-taxable","23":"purchasable","24":"product-type-simple"},"acf":[],"_links":{"self":[{"href":"https:\/\/edam.com.tr\/en\/wp-json\/wp\/v2\/product\/25611","targetHints":{"allow":["GET"]}}],"collection":[{"href":"https:\/\/edam.com.tr\/en\/wp-json\/wp\/v2\/product"}],"about":[{"href":"https:\/\/edam.com.tr\/en\/wp-json\/wp\/v2\/types\/product"}],"replies":[{"embeddable":true,"href":"https:\/\/edam.com.tr\/en\/wp-json\/wp\/v2\/comments?post=25611"}],"wp:featuredmedia":[{"embeddable":true,"href":"https:\/\/edam.com.tr\/en\/wp-json\/wp\/v2\/media\/25613"}],"wp:attachment":[{"href":"https:\/\/edam.com.tr\/en\/wp-json\/wp\/v2\/media?parent=25611"}],"wp:term":[{"taxonomy":"product_brand","embeddable":true,"href":"https:\/\/edam.com.tr\/en\/wp-json\/wp\/v2\/product_brand?post=25611"},{"taxonomy":"product_cat","embeddable":true,"href":"https:\/\/edam.com.tr\/en\/wp-json\/wp\/v2\/product_cat?post=25611"},{"taxonomy":"product_tag","embeddable":true,"href":"https:\/\/edam.com.tr\/en\/wp-json\/wp\/v2\/product_tag?post=25611"}],"curies":[{"name":"wp","href":"https:\/\/api.w.org\/{rel}","templated":true}]}}