{"id":15205,"date":"2024-03-20T18:04:50","date_gmt":"2024-03-20T15:04:50","guid":{"rendered":"https:\/\/edam.com.tr\/urun\/hacivat-ve-karagoz-ile-degerler-egitimi-10-kitaplik-set\/"},"modified":"2026-01-02T00:16:57","modified_gmt":"2026-01-01T21:16:57","slug":"hacivat-ve-karagoz-ile-degerler-egitimi-10-kitaplik-set","status":"publish","type":"product","link":"https:\/\/edam.com.tr\/en\/product\/hacivat-ve-karagoz-ile-degerler-egitimi-10-kitaplik-set\/","title":{"rendered":"Hacivat ve Karag\u00f6z ile De\u011ferler E\u011fitimi (10 Kitapl\u0131k Set)"},"content":{"rendered":"<p>Geleneksel g\u00f6lge oyunumuzun sevimli kahramanlar\u0131 Hacivat ile Karag\u00f6z yeni bir yorumla kar\u015f\u0131n\u0131zda&#8230; De\u011ferler e\u011fitimini mizahla harmanlayan bu \u00f6yku\u0308ler, samimi anlat\u0131m\u0131 ve usta i\u015fi \u00e7izimleriyle \u00e7ocuklar\u0131m\u0131z\u0131 de\u011ferlerimiz u\u0308zerine du\u0308\u015fu\u0308nmeye davet ediyor.<\/p>\n<p>Her bir kitapta u\u0308\u00e7 ayr\u0131 macera ve etkinliklerle \u015fu de\u011ferler ele al\u0131n\u0131yor: sorumluluk, yard\u0131mseverlik, adalet, \u00f6z gu\u0308ven, liderlik, dostluk, do\u011fruluk, sab\u0131r, sayg\u0131, \u00f6z denetim.<\/p>\n","protected":false},"excerpt":{"rendered":"<p>Geleneksel g\u00f6lge oyunumuzun sevimli kahramanlar\u0131 Hacivat ile Karag\u00f6z yeni bir&hellip;<\/p>\n<p> <a class=\"more-link\" href=\"https:\/\/edam.com.tr\/en\/product\/hacivat-ve-karagoz-ile-degerler-egitimi-10-kitaplik-set\/\">Read more<\/a><\/p>\n","protected":false},"featured_media":12861,"comment_status":"open","ping_status":"closed","template":"","meta":{"_acf_changed":false},"product_brand":[],"product_cat":[470,479],"product_tag":[733],"class_list":{"0":"post-15205","1":"product","2":"type-product","3":"status-publish","4":"has-post-thumbnail","6":"product_cat-comics","7":"product_cat-values-education-with-cool-sheikh-and-blakeye","8":"product_tag-degerler-egitimi-en","9":"pa_katki-saglayan-elif-akardas-en","10":"pa_katki-saglayan-hatice-isilak-durmus-en","11":"pa_katki-saglayan-turan-dertli-en","12":"pa_yas-gruplari-7-12-en","14":"first","15":"outofstock","16":"taxable","17":"shipping-taxable","18":"purchasable","19":"product-type-simple"},"acf":[],"_links":{"self":[{"href":"https:\/\/edam.com.tr\/en\/wp-json\/wp\/v2\/product\/15205","targetHints":{"allow":["GET"]}}],"collection":[{"href":"https:\/\/edam.com.tr\/en\/wp-json\/wp\/v2\/product"}],"about":[{"href":"https:\/\/edam.com.tr\/en\/wp-json\/wp\/v2\/types\/product"}],"replies":[{"embeddable":true,"href":"https:\/\/edam.com.tr\/en\/wp-json\/wp\/v2\/comments?post=15205"}],"wp:featuredmedia":[{"embeddable":true,"href":"https:\/\/edam.com.tr\/en\/wp-json\/wp\/v2\/media\/12861"}],"wp:attachment":[{"href":"https:\/\/edam.com.tr\/en\/wp-json\/wp\/v2\/media?parent=15205"}],"wp:term":[{"taxonomy":"product_brand","embeddable":true,"href":"https:\/\/edam.com.tr\/en\/wp-json\/wp\/v2\/product_brand?post=15205"},{"taxonomy":"product_cat","embeddable":true,"href":"https:\/\/edam.com.tr\/en\/wp-json\/wp\/v2\/product_cat?post=15205"},{"taxonomy":"product_tag","embeddable":true,"href":"https:\/\/edam.com.tr\/en\/wp-json\/wp\/v2\/product_tag?post=15205"}],"curies":[{"name":"wp","href":"https:\/\/api.w.org\/{rel}","templated":true}]}}