{"id":15202,"date":"2024-03-20T18:04:57","date_gmt":"2024-03-20T15:04:57","guid":{"rendered":"https:\/\/edam.com.tr\/urun\/perese-degerler-egitimi-ogrenci-calisma-kitabi-8-sabir\/"},"modified":"2026-01-02T00:16:57","modified_gmt":"2026-01-01T21:16:57","slug":"perese-degerler-egitimi-ogrenci-calisma-kitabi-8-sabir","status":"publish","type":"product","link":"https:\/\/edam.com.tr\/en\/product\/perese-degerler-egitimi-ogrenci-calisma-kitabi-8-sabir\/","title":{"rendered":"Perese\u00ae De\u011ferler E\u011fitimi \u00d6\u011frenci \u00c7al\u0131\u015fma Kitab\u0131 8: Sab\u0131r"},"content":{"rendered":"<p>Perese\u00a9 De\u011ferler E\u011fitimi \u00d6\u011fretmen Kitab\u0131 setinde yer alan \u00e7al\u0131\u015fma k\u00e2\u011f\u0131tlar\u0131n\u0131n \u00f6\u011frenciye ula\u015ft\u0131r\u0131lmas\u0131 amac\u0131yla haz\u0131rlanm\u0131\u015f 10 kitapl\u0131k bir dizidir. Bu dizideki etkinlikler Perese\u00a9 De\u011ferler E\u011fitimi \u00d6\u011fretmen Kitab\u0131 e\u015fli\u011finde kullan\u0131lmal\u0131d\u0131r.<\/p>\n","protected":false},"excerpt":{"rendered":"<p>Perese\u00a9 De\u011ferler E\u011fitimi \u00d6\u011fretmen Kitab\u0131 setinde yer alan \u00e7al\u0131\u015fma k\u00e2\u011f\u0131tlar\u0131n\u0131n&hellip;<\/p>\n<p> <a class=\"more-link\" href=\"https:\/\/edam.com.tr\/en\/product\/perese-degerler-egitimi-ogrenci-calisma-kitabi-8-sabir\/\">Read more<\/a><\/p>\n","protected":false},"featured_media":12936,"comment_status":"open","ping_status":"closed","template":"","meta":{"_acf_changed":false},"product_brand":[],"product_cat":[448,427,473,472],"product_tag":[734],"class_list":{"0":"post-15202","1":"product","2":"type-product","3":"status-publish","4":"has-post-thumbnail","6":"product_cat-activity","7":"product_cat-childrens","8":"product_cat-perese-student-book-series","9":"product_cat-values-education-activity","10":"product_tag-degerler-egitimi-ogrenci-kitabi-en","11":"pa_katki-saglayan-alpaslan-durmus-en","12":"pa_katki-saglayan-halil-eksi-en","13":"pa_katki-saglayan-hatice-isilak-durmus-en","14":"pa_katki-saglayan-mustafa-otrar-en","15":"pa_katki-saglayan-neriman-karatekin-en","16":"pa_katki-saglayan-pinar-koc-yildirim-en","17":"pa_yas-gruplari-13-plus","18":"pa_yas-gruplari-7-12-en","20":"first","21":"instock","22":"taxable","23":"shipping-taxable","24":"purchasable","25":"product-type-simple"},"acf":[],"_links":{"self":[{"href":"https:\/\/edam.com.tr\/en\/wp-json\/wp\/v2\/product\/15202","targetHints":{"allow":["GET"]}}],"collection":[{"href":"https:\/\/edam.com.tr\/en\/wp-json\/wp\/v2\/product"}],"about":[{"href":"https:\/\/edam.com.tr\/en\/wp-json\/wp\/v2\/types\/product"}],"replies":[{"embeddable":true,"href":"https:\/\/edam.com.tr\/en\/wp-json\/wp\/v2\/comments?post=15202"}],"wp:featuredmedia":[{"embeddable":true,"href":"https:\/\/edam.com.tr\/en\/wp-json\/wp\/v2\/media\/12936"}],"wp:attachment":[{"href":"https:\/\/edam.com.tr\/en\/wp-json\/wp\/v2\/media?parent=15202"}],"wp:term":[{"taxonomy":"product_brand","embeddable":true,"href":"https:\/\/edam.com.tr\/en\/wp-json\/wp\/v2\/product_brand?post=15202"},{"taxonomy":"product_cat","embeddable":true,"href":"https:\/\/edam.com.tr\/en\/wp-json\/wp\/v2\/product_cat?post=15202"},{"taxonomy":"product_tag","embeddable":true,"href":"https:\/\/edam.com.tr\/en\/wp-json\/wp\/v2\/product_tag?post=15202"}],"curies":[{"name":"wp","href":"https:\/\/api.w.org\/{rel}","templated":true}]}}