{"id":15186,"date":"2024-03-20T18:05:26","date_gmt":"2024-03-20T15:05:26","guid":{"rendered":"https:\/\/edam.com.tr\/urun\/degerli-boyama-kitabi-oz-guven\/"},"modified":"2026-01-02T00:16:56","modified_gmt":"2026-01-01T21:16:56","slug":"degerli-boyama-kitabi-oz-guven","status":"publish","type":"product","link":"https:\/\/edam.com.tr\/en\/product\/degerli-boyama-kitabi-oz-guven\/","title":{"rendered":"De\u011ferli Boyama Kitab\u0131 &#8211; \u00d6z G\u00fcven"},"content":{"rendered":"<p>EDAM Karakter Okulu\u00ae Program\u0131, &#8220;\u00f6\u011frencilerde, sorumluluklar\u0131n\u0131 ta\u015f\u0131yabilecekleri makul se\u00e7imler yapabilmelerine imk\u00e2n sa\u011flayacak bilgi, beceri ve yeteneklerin geli\u015ftirilmesi\u201dni hedeflemektedir. \u0130lk\u00f6\u011fretim kurumlar\u0131nda uygulanmak u\u0308zere geli\u015ftirilmi\u015f olan EDAM Karakter Okulu\u00ae Program\u0131 aile, okul ve \u00e7evrenin i\u015f birli\u011fini organize ederek hedeflerini ger\u00e7ekle\u015ftirmeye \u00e7al\u0131\u015fmaktad\u0131r.<\/p>\n<p>De\u011ferler e\u011fitimi \u00f6\u011fretmenden idari personele, anne babadan servis su\u0308ru\u0308cu\u0308su\u0308ne uzanan, \u00f6\u011frenciyle muhatap olan her bireye \u00e7e\u015fitli du\u0308zeylerde sorumluluk yu\u0308kleyen bir \u00e7al\u0131\u015fmad\u0131r. Bu anlay\u0131\u015fla, EDAM Karakter Okulu\u00ae Program\u0131 kapsam\u0131nda aileler i\u00e7in, \u00f6\u011fretmenler i\u00e7in ve \u00f6\u011frenciler i\u00e7in \u00e7e\u015fitli u\u0308ru\u0308nler haz\u0131rlanm\u0131\u015ft\u0131r.<\/p>\n<p>Elinizde bulunan De\u011ferli Boyama Kitab\u0131 serisi okul \u00f6ncesi ve 1. s\u0131n\u0131f \u00f6\u011frencileri i\u00e7in haz\u0131rlanm\u0131\u015f bir seridir. EDAM Karakter Okulu\u00ae Program\u0131\u2019nda ayr\u0131ca \u00e7e\u015fitli ya\u015f du\u0308zeylerine uygun olarak haz\u0131rlanm\u0131\u015f farkl\u0131 seriler bulunmaktad\u0131r.<\/p>\n","protected":false},"excerpt":{"rendered":"<p>EDAM Karakter Okulu\u00ae Program\u0131, &#8220;\u00f6\u011frencilerde, sorumluluklar\u0131n\u0131 ta\u015f\u0131yabilecekleri makul se\u00e7imler yapabilmelerine&hellip;<\/p>\n<p> <a class=\"more-link\" href=\"https:\/\/edam.com.tr\/en\/product\/degerli-boyama-kitabi-oz-guven\/\">Read more<\/a><\/p>\n","protected":false},"featured_media":12956,"comment_status":"open","ping_status":"closed","template":"","meta":{"_acf_changed":false},"product_brand":[],"product_cat":[427,445,471],"product_tag":[],"class_list":{"0":"post-15186","1":"product","2":"type-product","3":"status-publish","4":"has-post-thumbnail","6":"product_cat-childrens","7":"product_cat-coloring-books","8":"product_cat-values-education-coloring-series","9":"pa_katki-saglayan-hatice-isilak-durmus-en","10":"pa_katki-saglayan-neriman-karatekin-en","11":"pa_yas-gruplari-0-6-en","13":"first","14":"instock","15":"taxable","16":"shipping-taxable","17":"purchasable","18":"product-type-simple"},"acf":[],"_links":{"self":[{"href":"https:\/\/edam.com.tr\/en\/wp-json\/wp\/v2\/product\/15186","targetHints":{"allow":["GET"]}}],"collection":[{"href":"https:\/\/edam.com.tr\/en\/wp-json\/wp\/v2\/product"}],"about":[{"href":"https:\/\/edam.com.tr\/en\/wp-json\/wp\/v2\/types\/product"}],"replies":[{"embeddable":true,"href":"https:\/\/edam.com.tr\/en\/wp-json\/wp\/v2\/comments?post=15186"}],"wp:featuredmedia":[{"embeddable":true,"href":"https:\/\/edam.com.tr\/en\/wp-json\/wp\/v2\/media\/12956"}],"wp:attachment":[{"href":"https:\/\/edam.com.tr\/en\/wp-json\/wp\/v2\/media?parent=15186"}],"wp:term":[{"taxonomy":"product_brand","embeddable":true,"href":"https:\/\/edam.com.tr\/en\/wp-json\/wp\/v2\/product_brand?post=15186"},{"taxonomy":"product_cat","embeddable":true,"href":"https:\/\/edam.com.tr\/en\/wp-json\/wp\/v2\/product_cat?post=15186"},{"taxonomy":"product_tag","embeddable":true,"href":"https:\/\/edam.com.tr\/en\/wp-json\/wp\/v2\/product_tag?post=15186"}],"curies":[{"name":"wp","href":"https:\/\/api.w.org\/{rel}","templated":true}]}}