{"id":15172,"date":"2024-03-20T17:57:51","date_gmt":"2024-03-20T14:57:51","guid":{"rendered":"https:\/\/edam.com.tr\/urun\/kara-tahtayi-asmak-ogrenci-merkezli-ogretmenlik\/"},"modified":"2026-01-02T00:16:55","modified_gmt":"2026-01-01T21:16:55","slug":"kara-tahtayi-asmak-ogrenci-merkezli-ogretmenlik","status":"publish","type":"product","link":"https:\/\/edam.com.tr\/en\/product\/kara-tahtayi-asmak-ogrenci-merkezli-ogretmenlik\/","title":{"rendered":"Kara Tahtay\u0131 A\u015fmak: \u00d6\u011frenci Merkezli \u00d6\u011fretmenlik"},"content":{"rendered":"<p>Kara Tahtay\u0131 A\u015fmak pratikle i\u00e7 i\u00e7e olan \u00f6\u011fretmenlerin meslek ya\u015famlar\u0131na katk\u0131da bulunmak amac\u0131yla haz\u0131rland\u0131. Kitaptaki b\u00f6lu\u0308mlerin her biri, \u00f6\u011fretmenlerin e\u011fitim su\u0308recinde kullan\u0131labilecek malzemeleri daha yak\u0131ndan tan\u0131malar\u0131n\u0131 ve etkili bir \u015fekilde kullanabilmelerini, yeterliliklerinin ve eksikliklerinin fark\u0131nda olan e\u011fitimciler olmalar\u0131n\u0131 desteklemek amac\u0131yla olu\u015fturulmu\u015ftur. Teorik bilgilere pratik alan uygulamalar\u0131yla yeni bir yu\u0308z kazand\u0131rmay\u0131 hedefleyen kitap sekiz b\u00f6lu\u0308mden olu\u015fuyor:<\/p>\n<ul>\n<li>Yan\u0131ba\u015f\u0131m\u0131zdaki Okul<\/li>\n<li>S\u0131n\u0131f Y\u00f6netimi<\/li>\n<li>E\u011fitimde Genel \u0130lkeler<\/li>\n<li>\u00d6\u011fretim Y\u00f6ntemleri<\/li>\n<li>Rehberlik ve Bireyi Tan\u0131ma Teknikleri<\/li>\n<li>Karakter E\u011fitimi<\/li>\n<li>Olu\u015fturmac\u0131l\u0131k Kuram\u0131 ve \u00d6\u011frenci Merkezli \u00d6l\u00e7me-De\u011ferlendirme<\/li>\n<li>Etkili \u0130leti\u015fim Becerileri<\/li>\n<\/ul>\n","protected":false},"excerpt":{"rendered":"<p>Kara Tahtay\u0131 A\u015fmak pratikle i\u00e7 i\u00e7e olan \u00f6\u011fretmenlerin meslek ya\u015famlar\u0131na&hellip;<\/p>\n<p> <a class=\"more-link\" href=\"https:\/\/edam.com.tr\/en\/product\/kara-tahtayi-asmak-ogrenci-merkezli-ogretmenlik\/\">Read more<\/a><\/p>\n","protected":false},"featured_media":11886,"comment_status":"open","ping_status":"closed","template":"","meta":{"_acf_changed":false},"product_brand":[],"product_cat":[460,430,491],"product_tag":[737,779],"class_list":{"0":"post-15172","1":"product","2":"type-product","3":"status-publish","4":"has-post-thumbnail","6":"product_cat-educational-sciences","7":"product_cat-nonfiction","8":"product_cat-teacher-manuals","9":"product_tag-egitim-en","10":"product_tag-okul-en","11":"pa_katki-saglayan-alpaslan-durmus-en","12":"pa_katki-saglayan-ayhan-basak-en","13":"pa_katki-saglayan-halil-eksi-en","14":"pa_katki-saglayan-hatice-isilak-durmus-en","15":"pa_katki-saglayan-ibrahim-hakan-karatas-en","16":"pa_katki-saglayan-mustafa-otrar-en","17":"pa_katki-saglayan-neriman-karatekin-en","18":"pa_katki-saglayan-pinar-koc-yildirim-en","19":"pa_yas-gruplari-general-audience","21":"first","22":"instock","23":"taxable","24":"shipping-taxable","25":"purchasable","26":"product-type-simple"},"acf":[],"_links":{"self":[{"href":"https:\/\/edam.com.tr\/en\/wp-json\/wp\/v2\/product\/15172","targetHints":{"allow":["GET"]}}],"collection":[{"href":"https:\/\/edam.com.tr\/en\/wp-json\/wp\/v2\/product"}],"about":[{"href":"https:\/\/edam.com.tr\/en\/wp-json\/wp\/v2\/types\/product"}],"replies":[{"embeddable":true,"href":"https:\/\/edam.com.tr\/en\/wp-json\/wp\/v2\/comments?post=15172"}],"wp:featuredmedia":[{"embeddable":true,"href":"https:\/\/edam.com.tr\/en\/wp-json\/wp\/v2\/media\/11886"}],"wp:attachment":[{"href":"https:\/\/edam.com.tr\/en\/wp-json\/wp\/v2\/media?parent=15172"}],"wp:term":[{"taxonomy":"product_brand","embeddable":true,"href":"https:\/\/edam.com.tr\/en\/wp-json\/wp\/v2\/product_brand?post=15172"},{"taxonomy":"product_cat","embeddable":true,"href":"https:\/\/edam.com.tr\/en\/wp-json\/wp\/v2\/product_cat?post=15172"},{"taxonomy":"product_tag","embeddable":true,"href":"https:\/\/edam.com.tr\/en\/wp-json\/wp\/v2\/product_tag?post=15172"}],"curies":[{"name":"wp","href":"https:\/\/api.w.org\/{rel}","templated":true}]}}