{"id":15171,"date":"2024-03-20T17:57:51","date_gmt":"2024-03-20T14:57:51","guid":{"rendered":"https:\/\/edam.com.tr\/urun\/gomulu-teori-nitel-desenler\/"},"modified":"2026-01-02T00:16:55","modified_gmt":"2026-01-01T21:16:55","slug":"gomulu-teori-nitel-desenler","status":"publish","type":"product","link":"https:\/\/edam.com.tr\/en\/product\/gomulu-teori-nitel-desenler\/","title":{"rendered":"G\u00f6m\u00fcl\u00fc Teori &#8211; Nitel Desenler"},"content":{"rendered":"<p>Nitel ara\u015ft\u0131rma desenleri \u00f6zellikle modernizm, pozitivizm ve \u00f6zc\u00fc yakla\u015f\u0131mlar \u00fczerinden y\u00fcr\u00fct\u00fclen felsefi tart\u0131\u015fmalar\u0131n ard\u0131 s\u0131ra s\u00f6k\u00fcn ederek g\u00fcn\u00fcm\u00fcz bilim insanlar\u0131na farkl\u0131 bilimsel \u00e7al\u0131\u015fmalar yapma ve bir\u00e7ok disiplinde derinlemesine bilgi \u00fcretme olanaklar\u0131 \u00fcretmi\u015ftir. Yap\u0131lan \u00e7al\u0131\u015fmalar\u0131n hem say\u0131sal hem de vas\u0131f ve keyfiyet olarak geli\u015fmesi, nitel ara\u015ft\u0131rma desenlerinin detayl\u0131 bi\u00e7imde kuramsal boyutta tart\u0131\u015f\u0131lmas\u0131n\u0131 zorunlu k\u0131l\u0131yor. EDAM nitel ara\u015ft\u0131rma desenlerinin tart\u0131\u015f\u0131lmas\u0131 ve kullan\u0131lmas\u0131 i\u00e7in &#8220;Nitel Desenler Serisi&#8221;ni buna hizmet etmek \u00fczere haz\u0131rl\u0131yor.<\/p>\n<p>Serinin ilk kitab\u0131nda \u00e7a\u011fc\u0131l nitel ara\u015ft\u0131rma desenlerinden son d\u00f6nemin en \u00f6nemli yakla\u015f\u0131m\u0131 olan g\u00f6mu\u0308lu\u0308 teoriyi anlamaya ve tart\u0131\u015fmaya a\u00e7\u0131yoruz. Sa\u011fl\u0131ktan i\u015fletmeye, piyasa ara\u015ft\u0131rmalar\u0131ndan sosyal \u00e7al\u0131\u015fmalara kadar bir\u00e7ok alanda kullan\u0131lan g\u00f6mu\u0308lu\u0308 teoride temel ama\u00e7, ara\u015ft\u0131rma bulgular\u0131ndan hareketle birtak\u0131m teoriler geli\u015ftirmek ve\/veya kuramlar olu\u015fturmakt\u0131r. Bu a\u00e7\u0131dan bak\u0131ld\u0131\u011f\u0131nda nicel yakla\u015f\u0131m\u0131n aksine g\u00f6mu\u0308lu\u0308 teori, verili varsay\u0131mlardan \u00e7ok, do\u011frudan do\u011fruya ara\u015ft\u0131rma su\u0308recinde ortaya \u00e7\u0131kan bulgulardan \u00e7\u0131kar\u0131mlar yaparak kuram geli\u015ftirmektedir. G\u00f6mu\u0308lu\u0308 teorinin Tu\u0308rkiye\u2019de yu\u0308ru\u0308tu\u0308len ara\u015ft\u0131rmalarda kullan\u0131lmas\u0131 nitel ara\u015ft\u0131rma desenlerinin anla\u015f\u0131lmas\u0131 i\u00e7in \u00f6nemli bir basamak olu\u015fturacakt\u0131r. B\u00f6ylelikle bir\u00e7ok disiplinde disipline \u00f6zgu\u0308, bu topraklar\u0131n sosyal ger\u00e7ekli\u011finden u\u0308retilen kuramlar in\u015fa edilmi\u015f olacakt\u0131r.<\/p>\n","protected":false},"excerpt":{"rendered":"<p>Nitel ara\u015ft\u0131rma desenleri \u00f6zellikle modernizm, pozitivizm ve \u00f6zc\u00fc yakla\u015f\u0131mlar \u00fczerinden&hellip;<\/p>\n<p> <a class=\"more-link\" href=\"https:\/\/edam.com.tr\/en\/product\/gomulu-teori-nitel-desenler\/\">Read more<\/a><\/p>\n","protected":false},"featured_media":11900,"comment_status":"open","ping_status":"closed","template":"","meta":{"_acf_changed":false},"product_brand":[],"product_cat":[460,497,430,498],"product_tag":[],"class_list":{"0":"post-15171","1":"product","2":"type-product","3":"status-publish","4":"has-post-thumbnail","6":"product_cat-educational-sciences","7":"product_cat-method","8":"product_cat-nonfiction","9":"product_cat-research-series","10":"pa_katki-saglayan-halil-eksi-en","11":"pa_katki-saglayan-hilal-celik-en","12":"pa_yas-gruplari-general-audience","14":"first","15":"instock","16":"taxable","17":"shipping-taxable","18":"purchasable","19":"product-type-simple"},"acf":[],"_links":{"self":[{"href":"https:\/\/edam.com.tr\/en\/wp-json\/wp\/v2\/product\/15171","targetHints":{"allow":["GET"]}}],"collection":[{"href":"https:\/\/edam.com.tr\/en\/wp-json\/wp\/v2\/product"}],"about":[{"href":"https:\/\/edam.com.tr\/en\/wp-json\/wp\/v2\/types\/product"}],"replies":[{"embeddable":true,"href":"https:\/\/edam.com.tr\/en\/wp-json\/wp\/v2\/comments?post=15171"}],"wp:featuredmedia":[{"embeddable":true,"href":"https:\/\/edam.com.tr\/en\/wp-json\/wp\/v2\/media\/11900"}],"wp:attachment":[{"href":"https:\/\/edam.com.tr\/en\/wp-json\/wp\/v2\/media?parent=15171"}],"wp:term":[{"taxonomy":"product_brand","embeddable":true,"href":"https:\/\/edam.com.tr\/en\/wp-json\/wp\/v2\/product_brand?post=15171"},{"taxonomy":"product_cat","embeddable":true,"href":"https:\/\/edam.com.tr\/en\/wp-json\/wp\/v2\/product_cat?post=15171"},{"taxonomy":"product_tag","embeddable":true,"href":"https:\/\/edam.com.tr\/en\/wp-json\/wp\/v2\/product_tag?post=15171"}],"curies":[{"name":"wp","href":"https:\/\/api.w.org\/{rel}","templated":true}]}}