{"id":15170,"date":"2024-03-20T17:57:52","date_gmt":"2024-03-20T14:57:52","guid":{"rendered":"https:\/\/edam.com.tr\/urun\/egemen-universite\/"},"modified":"2026-01-02T00:16:55","modified_gmt":"2026-01-01T21:16:55","slug":"egemen-universite","status":"publish","type":"product","link":"https:\/\/edam.com.tr\/en\/product\/egemen-universite\/","title":{"rendered":"Egemen \u00dcniversite"},"content":{"rendered":"<p>Amerikan \u00fcniversiteleri, hem ABD\u2019nin s\u00fcper g\u00fc\u00e7 h\u00e2line geli\u015finde belirgin bir rol oynam\u0131\u015f hem de bu s\u00fcper g\u00fcc\u00fcn ortaya \u00e7\u0131k\u0131\u015f\u0131 sonucunda yeni i\u015flevler \u00fcstlenmi\u015ftir. D\u00fcnden bug\u00fcne ABD \u00fcniversitelerinin y\u00fcksek\u00f6\u011fretimde, inovasyonda ve bilime ili\u015fkin hemen her uluslararas\u0131 g\u00f6stergede liderli\u011fini korudu\u011fu ve bu itibarla pek \u00e7ok \u00fclkenin y\u00fcksek\u00f6\u011fretim sistemi i\u00e7in ta\u015f\u0131d\u0131\u011f\u0131 emsal niteli\u011fini gitgide peki\u015ftirdi\u011fi de apa\u00e7\u0131k ortadad\u0131r.<\/p>\n<p>E\u011fitim g\u00fcndeminin s\u0131cakl\u0131\u011f\u0131n\u0131 daima koruyan meselesi konumundaki y\u00fcksek\u00f6\u011fretime dair farkl\u0131 analizleri ve \u00f6nemli tespitleri i\u00e7eren bu kitap, Amerikan y\u00fcksek\u00f6\u011fretimini d\u00fcnyada egemen ve kendisine imrenilen bir sistem k\u0131lan unsurlar\u0131 genel hatlar\u0131yla incelemekte, ABD\u2019de y\u00fcksek\u00f6\u011fretimin y\u00f6netimi, koordinasyonu ve planlamas\u0131 gibi hususlar\u0131 kapsaml\u0131 bir \u015fekilde tart\u0131\u015fmakta, n\u00fcfus a\u00e7\u0131s\u0131ndan Amerika\u2019n\u0131n en b\u00fcy\u00fck d\u00f6rt eyaleti olan Kaliforniya, Texas, New York ve Florida\u2019n\u0131n y\u00fcksek\u00f6\u011fretim sistemlerini nispeten daha detayl\u0131 \u015fekilde ele almakta, ABD y\u00fcksek\u00f6\u011fretiminden \u00e7\u0131kard\u0131\u011f\u0131 derslerle T\u00fcrkiye y\u00fcksek\u00f6\u011fretim sisteminin reformuna y\u00f6nelik baz\u0131 politika \u00f6nerileri geli\u015ftirmektedir.<\/p>\n","protected":false},"excerpt":{"rendered":"<p>Amerikan \u00fcniversiteleri, hem ABD\u2019nin s\u00fcper g\u00fc\u00e7 h\u00e2line geli\u015finde belirgin bir&hellip;<\/p>\n<p> <a class=\"more-link\" href=\"https:\/\/edam.com.tr\/en\/product\/egemen-universite\/\">Read more<\/a><\/p>\n","protected":false},"featured_media":11914,"comment_status":"open","ping_status":"closed","template":"","meta":{"_acf_changed":false},"product_brand":[],"product_cat":[461,460,430],"product_tag":[770,774,775,776,777,778],"class_list":{"0":"post-15170","1":"product","2":"type-product","3":"status-publish","4":"has-post-thumbnail","6":"product_cat-alternative-approaches","7":"product_cat-educational-sciences","8":"product_cat-nonfiction","9":"product_tag-egitim-bilimleri-en","10":"product_tag-egitim-reformlari-en","11":"product_tag-karsilastirmali-egitim-en","12":"product_tag-yuksekogretim-en","13":"product_tag-yuksekogretim-calismalari-en","14":"product_tag-yuksekogretim-reformu-en","15":"pa_katki-saglayan-bekir-s-gur-en","16":"pa_yas-gruplari-general-audience","18":"first","19":"instock","20":"taxable","21":"shipping-taxable","22":"purchasable","23":"product-type-simple"},"acf":[],"_links":{"self":[{"href":"https:\/\/edam.com.tr\/en\/wp-json\/wp\/v2\/product\/15170","targetHints":{"allow":["GET"]}}],"collection":[{"href":"https:\/\/edam.com.tr\/en\/wp-json\/wp\/v2\/product"}],"about":[{"href":"https:\/\/edam.com.tr\/en\/wp-json\/wp\/v2\/types\/product"}],"replies":[{"embeddable":true,"href":"https:\/\/edam.com.tr\/en\/wp-json\/wp\/v2\/comments?post=15170"}],"wp:featuredmedia":[{"embeddable":true,"href":"https:\/\/edam.com.tr\/en\/wp-json\/wp\/v2\/media\/11914"}],"wp:attachment":[{"href":"https:\/\/edam.com.tr\/en\/wp-json\/wp\/v2\/media?parent=15170"}],"wp:term":[{"taxonomy":"product_brand","embeddable":true,"href":"https:\/\/edam.com.tr\/en\/wp-json\/wp\/v2\/product_brand?post=15170"},{"taxonomy":"product_cat","embeddable":true,"href":"https:\/\/edam.com.tr\/en\/wp-json\/wp\/v2\/product_cat?post=15170"},{"taxonomy":"product_tag","embeddable":true,"href":"https:\/\/edam.com.tr\/en\/wp-json\/wp\/v2\/product_tag?post=15170"}],"curies":[{"name":"wp","href":"https:\/\/api.w.org\/{rel}","templated":true}]}}