{"id":15169,"date":"2024-03-20T17:57:52","date_gmt":"2024-03-20T14:57:52","guid":{"rendered":"https:\/\/edam.com.tr\/urun\/nitel-desenler-etnografya\/"},"modified":"2026-01-02T00:16:55","modified_gmt":"2026-01-01T21:16:55","slug":"nitel-desenler-etnografya","status":"publish","type":"product","link":"https:\/\/edam.com.tr\/en\/product\/nitel-desenler-etnografya\/","title":{"rendered":"Nitel Desenler: Etnografya"},"content":{"rendered":"<p>Ba\u015flang\u0131\u00e7ta antropoloji ve sosyolojide kullan\u0131lan etnografyadan g\u00fcn\u00fcm\u00fczde sa\u011fl\u0131ktan e\u011fitime bir\u00e7ok farkl\u0131 disiplin yararlan\u0131yor. Etnografyada temel ama\u00e7 ortak bir k\u00fclt\u00fcre veya alt k\u00fclt\u00fcre sahip belirli bir grubun olabildi\u011fince derinlemesine incelenmesidir. Ara\u015ft\u0131rmac\u0131n\u0131n bilgi toplamada kulland\u0131\u011f\u0131 temel ara\u00e7 ise kendisidir. Ara\u015ft\u0131rmac\u0131 ba\u015fta kat\u0131l\u0131mc\u0131 g\u00f6zlem olmak \u00fczere g\u00f6r\u00fc\u015fme, alan notlar\u0131, foto\u011fraflar vb. kullanarak derinlemesine betimlemeler yapar. T\u00fcm bunlar ara\u015ft\u0131rmac\u0131ya say\u0131sal verilerle elde edilemeyecek derinlikte bilgiler sa\u011flar. K\u00fclt\u00fcr kendi ba\u011flam\u0131 i\u00e7erisinde kendine \u00f6zg\u00fc \u00f6zellikleriyle incelenir. Ara\u015ft\u0131rmac\u0131 anahtar ki\u015filer bularak alana girer, kat\u0131l\u0131mc\u0131larla birlikte ya\u015far, inceledi\u011fi k\u00fclt\u00fcrel gruba ait hem i\u00e7eriden hem de d\u0131\u015far\u0131dan bir bak\u0131\u015f a\u00e7\u0131s\u0131 sa\u011flar. \u0130\u00e7eriden bak\u0131\u015f a\u00e7\u0131s\u0131 a\u00e7\u0131s\u0131n\u0131n ortaya \u00e7\u0131kar\u0131lmas\u0131 konusunda son derece de\u011ferlidir. T\u00fcm ara\u015ft\u0131rma teknikleri gibi bu tekni\u011fin de \u00e7ok b\u00fcy\u00fck avantajlar\u0131n\u0131n yan\u0131 s\u0131ra ara\u015ft\u0131rman\u0131n uzun s\u00fcrmesi, alanda kar\u015f\u0131la\u015f\u0131labilecek baz\u0131 tehlikeler vb. baz\u0131 dezavantajlar\u0131 bulunur. Etnografya k\u00fclt\u00fcre hatta alt k\u00fclt\u00fcre \u00f6zg\u00fc temel unsurlar\u0131 ortaya \u00e7\u0131kard\u0131\u011f\u0131ndan, nicel ara\u015ft\u0131rmalar\u0131n ayn\u0131 de\u011ferleri genelleme amac\u0131ndan tamamen farkl\u0131 bir anlay\u0131\u015f sunar. Ayr\u0131ca g\u00fcn\u00fcm\u00fczde etnik de\u011ferler, g\u00f6\u00e7, k\u00fclt\u00fcrel farkl\u0131l\u0131klar gibi konulara artan duyarl\u0131l\u0131k nedeniyle etnografyan\u0131n \u00f6zellikle bu hassasiyete en iyi cevap veren ara\u015ft\u0131rma desenlerden biri say\u0131labilece\u011fi ger\u00e7e\u011fi bulunuyor. \u00dclkemizde hem farkl\u0131 k\u00fclt\u00fcrel de\u011ferlere sahip alt k\u00fclt\u00fcrel gruplar\u0131n bulunmas\u0131 hem de i\u00e7 ve d\u0131\u015f g\u00f6\u00e7\u00fcn devam etmesi nedeniyle ara\u015ft\u0131rma sorular\u0131n\u0131 cevaplama konusunda etnografyadan yararlan\u0131labilir. Ara\u015ft\u0131rmac\u0131lara bu desen hi\u00e7 bilmedikleri k\u00fclt\u00fcrler hakk\u0131nda bir pencere a\u00e7ar ve her k\u00fclt\u00fcr\u00fc kendi ba\u011flam\u0131nda de\u011ferlendirerek art\u0131k g\u00fcn\u00fcm\u00fczde her alanda oldu\u011fu gibi ara\u015ft\u0131rmalardan da beklenen k\u00fclt\u00fcrel farkl\u0131l\u0131klara hassasiyet vurgusunu beraberinde getirir.<\/p>\n","protected":false},"excerpt":{"rendered":"<p>Ba\u015flang\u0131\u00e7ta antropoloji ve sosyolojide kullan\u0131lan etnografyadan g\u00fcn\u00fcm\u00fczde sa\u011fl\u0131ktan e\u011fitime bir\u00e7ok&hellip;<\/p>\n<p> <a class=\"more-link\" href=\"https:\/\/edam.com.tr\/en\/product\/nitel-desenler-etnografya\/\">Read more<\/a><\/p>\n","protected":false},"featured_media":11928,"comment_status":"open","ping_status":"closed","template":"","meta":{"_acf_changed":false},"product_brand":[],"product_cat":[460,497,430,498],"product_tag":[773,737,770],"class_list":{"0":"post-15169","1":"product","2":"type-product","3":"status-publish","4":"has-post-thumbnail","6":"product_cat-educational-sciences","7":"product_cat-method","8":"product_cat-nonfiction","9":"product_cat-research-series","10":"product_tag-arastirma-yontemleri-en","11":"product_tag-egitim-en","12":"product_tag-egitim-bilimleri-en","13":"pa_katki-saglayan-halil-eksi-en","14":"pa_katki-saglayan-tugba-turk-en","15":"pa_yas-gruplari-general-audience","17":"first","18":"instock","19":"taxable","20":"shipping-taxable","21":"purchasable","22":"product-type-simple"},"acf":[],"_links":{"self":[{"href":"https:\/\/edam.com.tr\/en\/wp-json\/wp\/v2\/product\/15169","targetHints":{"allow":["GET"]}}],"collection":[{"href":"https:\/\/edam.com.tr\/en\/wp-json\/wp\/v2\/product"}],"about":[{"href":"https:\/\/edam.com.tr\/en\/wp-json\/wp\/v2\/types\/product"}],"replies":[{"embeddable":true,"href":"https:\/\/edam.com.tr\/en\/wp-json\/wp\/v2\/comments?post=15169"}],"wp:featuredmedia":[{"embeddable":true,"href":"https:\/\/edam.com.tr\/en\/wp-json\/wp\/v2\/media\/11928"}],"wp:attachment":[{"href":"https:\/\/edam.com.tr\/en\/wp-json\/wp\/v2\/media?parent=15169"}],"wp:term":[{"taxonomy":"product_brand","embeddable":true,"href":"https:\/\/edam.com.tr\/en\/wp-json\/wp\/v2\/product_brand?post=15169"},{"taxonomy":"product_cat","embeddable":true,"href":"https:\/\/edam.com.tr\/en\/wp-json\/wp\/v2\/product_cat?post=15169"},{"taxonomy":"product_tag","embeddable":true,"href":"https:\/\/edam.com.tr\/en\/wp-json\/wp\/v2\/product_tag?post=15169"}],"curies":[{"name":"wp","href":"https:\/\/api.w.org\/{rel}","templated":true}]}}