{"id":15168,"date":"2024-03-20T17:57:52","date_gmt":"2024-03-20T14:57:52","guid":{"rendered":"https:\/\/edam.com.tr\/urun\/egitim-bir-kitle-imha-silahi\/"},"modified":"2026-01-02T00:16:55","modified_gmt":"2026-01-01T21:16:55","slug":"egitim-bir-kitle-imha-silahi","status":"publish","type":"product","link":"https:\/\/edam.com.tr\/en\/product\/egitim-bir-kitle-imha-silahi\/","title":{"rendered":"E\u011fitim: Bir Kitle \u0130mha Silah\u0131"},"content":{"rendered":"<p>Bu \u00e7al\u0131\u015fma, John Taylor Gatto\u2019nun, geleneksel okul e\u011fitimi yakla\u015f\u0131mlar\u0131na geli\u015ftirilen ele\u015ftirilere ekledi\u011fi t\u00fcyler \u00fcrpertici bir metafor\u2026<\/p>\n<p>Gatto bu kitab\u0131nda, okulun insana verdi\u011fi zarar\u0131n rasyonel ve kas\u0131tl\u0131 oldu\u011funu g\u00f6steriyor. Gatto\u2019ya g\u00f6re modern pedagojinin esas i\u015flevi, n\u00fcfusu y\u00f6netilebilir k\u0131lmak. Zorunlu e\u011fitim tuza\u011f\u0131ndan kurtulmay\u0131 ba\u015farabilmi\u015f insanlara ili\u015fkin \u00f6rneklerle dolu bu kitap, ki\u015fisel potansiyeli ger\u00e7ekle\u015ftirmenin temel \u015fart\u0131n\u0131n farkl\u0131 bir yeti\u015ftirilme ve beceri edinme \u015fekli ile m\u00fcmk\u00fcn olabilece\u011fini ortaya koyuyor. Gatto buna, &#8220;a\u00e7\u0131k kaynak \u00f6\u011frenme\u201d ad\u0131n\u0131 veriyor.<\/p>\n<p>Acil sorunlara cevap veren ve baz\u0131 tart\u0131\u015fmalar\u0131 da beraberinde getirece\u011fi muhakkak olan bu kitap, mevcut e\u011fitim sistemine dair \u015f\u00fcphelere sahip olan herkesin ilgisini \u00e7ekecek.<\/p>\n","protected":false},"excerpt":{"rendered":"<p>Bu \u00e7al\u0131\u015fma, John Taylor Gatto\u2019nun, geleneksel okul e\u011fitimi yakla\u015f\u0131mlar\u0131na geli\u015ftirilen&hellip;<\/p>\n<p> <a class=\"more-link\" href=\"https:\/\/edam.com.tr\/en\/product\/egitim-bir-kitle-imha-silahi\/\">Read more<\/a><\/p>\n","protected":false},"featured_media":11942,"comment_status":"open","ping_status":"closed","template":"","meta":{"_acf_changed":false},"product_brand":[],"product_cat":[461,460,430],"product_tag":[770,771,772],"class_list":{"0":"post-15168","1":"product","2":"type-product","3":"status-publish","4":"has-post-thumbnail","6":"product_cat-alternative-approaches","7":"product_cat-educational-sciences","8":"product_cat-nonfiction","9":"product_tag-egitim-bilimleri-en","10":"product_tag-egitim-felsefesi-en","11":"product_tag-zorunlu-egitim-en","12":"pa_katki-saglayan-hatice-isilak-durmus-en","13":"pa_katki-saglayan-john-taylor-gatto-en","14":"pa_katki-saglayan-mehmet-ali-ozkan-en","15":"pa_yas-gruplari-general-audience","17":"first","18":"instock","19":"featured","20":"taxable","21":"shipping-taxable","22":"purchasable","23":"product-type-simple"},"acf":[],"_links":{"self":[{"href":"https:\/\/edam.com.tr\/en\/wp-json\/wp\/v2\/product\/15168","targetHints":{"allow":["GET"]}}],"collection":[{"href":"https:\/\/edam.com.tr\/en\/wp-json\/wp\/v2\/product"}],"about":[{"href":"https:\/\/edam.com.tr\/en\/wp-json\/wp\/v2\/types\/product"}],"replies":[{"embeddable":true,"href":"https:\/\/edam.com.tr\/en\/wp-json\/wp\/v2\/comments?post=15168"}],"wp:featuredmedia":[{"embeddable":true,"href":"https:\/\/edam.com.tr\/en\/wp-json\/wp\/v2\/media\/11942"}],"wp:attachment":[{"href":"https:\/\/edam.com.tr\/en\/wp-json\/wp\/v2\/media?parent=15168"}],"wp:term":[{"taxonomy":"product_brand","embeddable":true,"href":"https:\/\/edam.com.tr\/en\/wp-json\/wp\/v2\/product_brand?post=15168"},{"taxonomy":"product_cat","embeddable":true,"href":"https:\/\/edam.com.tr\/en\/wp-json\/wp\/v2\/product_cat?post=15168"},{"taxonomy":"product_tag","embeddable":true,"href":"https:\/\/edam.com.tr\/en\/wp-json\/wp\/v2\/product_tag?post=15168"}],"curies":[{"name":"wp","href":"https:\/\/api.w.org\/{rel}","templated":true}]}}