{"id":15167,"date":"2024-03-20T17:57:53","date_gmt":"2024-03-20T14:57:53","guid":{"rendered":"https:\/\/edam.com.tr\/urun\/egitim-arastirmalari\/"},"modified":"2026-01-02T00:16:55","modified_gmt":"2026-01-01T21:16:55","slug":"egitim-arastirmalari","status":"publish","type":"product","link":"https:\/\/edam.com.tr\/en\/product\/egitim-arastirmalari\/","title":{"rendered":"E\u011fitim Ara\u015ft\u0131rmalar\u0131"},"content":{"rendered":"<p>Bu kitap, e\u011fitim ara\u015ft\u0131rmalar\u0131na giri\u015f niteli\u011findeki kitaplar aras\u0131nda, nicel ve nitel y\u00f6ntemlerin ger\u00e7ek anlamda dengeli ve b\u00fct\u00fcnle\u015fik bir bi\u00e7imde ele al\u0131nd\u0131\u011f\u0131 ilk ve tek kitap olma \u00f6zelli\u011fini ta\u015f\u0131yor. Net ve pratik bir dille kaleme al\u0131nan kitap, okurlara hem kendi ara\u015ft\u0131rmalar\u0131na ba\u015flama a\u015famas\u0131nda yard\u0131mc\u0131 olacak, hem de iyi birer ara\u015ft\u0131rma okuyucusu olma imk\u00e2n\u0131 verecektir.<\/p>\n","protected":false},"excerpt":{"rendered":"<p>Bu kitap, e\u011fitim ara\u015ft\u0131rmalar\u0131na giri\u015f niteli\u011findeki kitaplar aras\u0131nda, nicel ve&hellip;<\/p>\n<p> <a class=\"more-link\" href=\"https:\/\/edam.com.tr\/en\/product\/egitim-arastirmalari\/\">Read more<\/a><\/p>\n","protected":false},"featured_media":11954,"comment_status":"open","ping_status":"closed","template":"","meta":{"_acf_changed":false},"product_brand":[],"product_cat":[460,497,430],"product_tag":[],"class_list":{"0":"post-15167","1":"product","2":"type-product","3":"status-publish","4":"has-post-thumbnail","6":"product_cat-educational-sciences","7":"product_cat-method","8":"product_cat-nonfiction","9":"pa_katki-saglayan-akif-avcu-en","10":"pa_katki-saglayan-derya-eryigit-en","11":"pa_katki-saglayan-duygu-dincer-en","12":"pa_katki-saglayan-esra-bakiler-en","13":"pa_katki-saglayan-gamze-alcekic-en","14":"pa_katki-saglayan-halil-eksi-en","15":"pa_katki-saglayan-hilal-celik-en","16":"pa_katki-saglayan-ismail-karsantik-en","17":"pa_katki-saglayan-john-w-creswell-en","18":"pa_katki-saglayan-melis-tuncel-en","19":"pa_katki-saglayan-munevver-kaya-basman-en","20":"pa_katki-saglayan-neslihan-yaman-en","21":"pa_katki-saglayan-samil-tatik-en","22":"pa_katki-saglayan-selami-kardas-en","23":"pa_katki-saglayan-selcuk-dogan-en","24":"pa_katki-saglayan-seyra-cakir-en","25":"pa_katki-saglayan-yasemin-baykin-en","26":"pa_yas-gruplari-general-audience","28":"first","29":"instock","30":"featured","31":"taxable","32":"shipping-taxable","33":"purchasable","34":"product-type-simple"},"acf":[],"_links":{"self":[{"href":"https:\/\/edam.com.tr\/en\/wp-json\/wp\/v2\/product\/15167","targetHints":{"allow":["GET"]}}],"collection":[{"href":"https:\/\/edam.com.tr\/en\/wp-json\/wp\/v2\/product"}],"about":[{"href":"https:\/\/edam.com.tr\/en\/wp-json\/wp\/v2\/types\/product"}],"replies":[{"embeddable":true,"href":"https:\/\/edam.com.tr\/en\/wp-json\/wp\/v2\/comments?post=15167"}],"wp:featuredmedia":[{"embeddable":true,"href":"https:\/\/edam.com.tr\/en\/wp-json\/wp\/v2\/media\/11954"}],"wp:attachment":[{"href":"https:\/\/edam.com.tr\/en\/wp-json\/wp\/v2\/media?parent=15167"}],"wp:term":[{"taxonomy":"product_brand","embeddable":true,"href":"https:\/\/edam.com.tr\/en\/wp-json\/wp\/v2\/product_brand?post=15167"},{"taxonomy":"product_cat","embeddable":true,"href":"https:\/\/edam.com.tr\/en\/wp-json\/wp\/v2\/product_cat?post=15167"},{"taxonomy":"product_tag","embeddable":true,"href":"https:\/\/edam.com.tr\/en\/wp-json\/wp\/v2\/product_tag?post=15167"}],"curies":[{"name":"wp","href":"https:\/\/api.w.org\/{rel}","templated":true}]}}