{"id":15166,"date":"2024-03-20T17:57:53","date_gmt":"2024-03-20T14:57:53","guid":{"rendered":"https:\/\/edam.com.tr\/urun\/gelenegin-isiginda-egitim\/"},"modified":"2026-01-02T00:16:55","modified_gmt":"2026-01-01T21:16:55","slug":"gelenegin-isiginda-egitim","status":"publish","type":"product","link":"https:\/\/edam.com.tr\/en\/product\/gelenegin-isiginda-egitim\/","title":{"rendered":"Gelene\u011fin I\u015f\u0131\u011f\u0131nda E\u011fitim"},"content":{"rendered":"<p>Bu makale se\u00e7kisinin amac\u0131, ya\u015fayan geleneklerin i\u00e7inden geleneksel e\u011fitimin bak\u0131\u015f a\u00e7\u0131s\u0131na dair bir \u0131\u015f\u0131k tutmak ve modern e\u011fitim felsefelerine dayanarak tasarlanan \u00e7a\u011fda\u015f mill\u00ee e\u011fitim programlar\u0131yla alakal\u0131 ele\u015ftiri i\u00e7in bir alan a\u00e7makt\u0131r. Bug\u00fcn tecr\u00fcbe etti\u011fimiz \u00fczere, tek tip m\u00fcfredat ve &#8220;herkes i\u00e7in e\u011fitim\u201di toplumsal hastal\u0131klar konusunda her derde deva bir ila\u00e7 olarak \u00f6neren bir felsefe \u00fczerine programlar\u0131n in\u015fa edilmesi sebebiyle e\u011fitim ka\u00e7\u0131n\u0131lmaz olarak \u00e7\u00f6z\u00fclmesi imk\u00e2ns\u0131z tehlikelerle doludur. Bu tehlikelerin ana sebebi &#8220;herkes i\u00e7in e\u011fitim\u201d \u00e7er\u00e7evesinde geli\u015ftirilen sistemin insan yetilerinin asgari ortak paydas\u0131n\u0131 hedefleyip tek tek insan ruhunun sonsuz \u00e7e\u015fitlili\u011fini g\u00f6rmezden gelerek m\u00fcmk\u00fcn oldu\u011funca \u00e7ok say\u0131da gen\u00e7 insana genel bir e\u011fitim sistemini zorla kabul ettirme te\u015febb\u00fcs\u00fcnde bulunmas\u0131nda yatmaktad\u0131r.<\/p>\n<p>Makalelerin bir k\u0131sm\u0131 felsefi nitelikte olup geleneksel e\u011fitim ilkelerini vurgulamakta, di\u011fer k\u0131sm\u0131 ise genel e\u011fitim sistemlerinin do\u011frudan veya dolayl\u0131 ele\u015ftirileri olup alternatif yakla\u015f\u0131mlar sunmaktad\u0131r. Bununla birlikte, makalelerin hepsi de geleneksel bir toplum \u00e7er\u00e7evesinde bilgi ve de\u011fer aktar\u0131m\u0131n\u0131 izah etmektedir.<\/p>\n","protected":false},"excerpt":{"rendered":"<p>Bu makale se\u00e7kisinin amac\u0131, ya\u015fayan geleneklerin i\u00e7inden geleneksel e\u011fitimin bak\u0131\u015f&hellip;<\/p>\n<p> <a class=\"more-link\" href=\"https:\/\/edam.com.tr\/en\/product\/gelenegin-isiginda-egitim\/\">Read more<\/a><\/p>\n","protected":false},"featured_media":11974,"comment_status":"open","ping_status":"closed","template":"","meta":{"_acf_changed":false},"product_brand":[],"product_cat":[461,460,430],"product_tag":[],"class_list":{"0":"post-15166","1":"product","2":"type-product","3":"status-publish","4":"has-post-thumbnail","6":"product_cat-alternative-approaches","7":"product_cat-educational-sciences","8":"product_cat-nonfiction","9":"pa_katki-saglayan-jane-casewit-en","10":"pa_katki-saglayan-nurullah-koltas-en","11":"pa_yas-gruplari-general-audience","13":"first","14":"instock","15":"taxable","16":"shipping-taxable","17":"purchasable","18":"product-type-simple"},"acf":[],"_links":{"self":[{"href":"https:\/\/edam.com.tr\/en\/wp-json\/wp\/v2\/product\/15166","targetHints":{"allow":["GET"]}}],"collection":[{"href":"https:\/\/edam.com.tr\/en\/wp-json\/wp\/v2\/product"}],"about":[{"href":"https:\/\/edam.com.tr\/en\/wp-json\/wp\/v2\/types\/product"}],"replies":[{"embeddable":true,"href":"https:\/\/edam.com.tr\/en\/wp-json\/wp\/v2\/comments?post=15166"}],"wp:featuredmedia":[{"embeddable":true,"href":"https:\/\/edam.com.tr\/en\/wp-json\/wp\/v2\/media\/11974"}],"wp:attachment":[{"href":"https:\/\/edam.com.tr\/en\/wp-json\/wp\/v2\/media?parent=15166"}],"wp:term":[{"taxonomy":"product_brand","embeddable":true,"href":"https:\/\/edam.com.tr\/en\/wp-json\/wp\/v2\/product_brand?post=15166"},{"taxonomy":"product_cat","embeddable":true,"href":"https:\/\/edam.com.tr\/en\/wp-json\/wp\/v2\/product_cat?post=15166"},{"taxonomy":"product_tag","embeddable":true,"href":"https:\/\/edam.com.tr\/en\/wp-json\/wp\/v2\/product_tag?post=15166"}],"curies":[{"name":"wp","href":"https:\/\/api.w.org\/{rel}","templated":true}]}}