{"id":15165,"date":"2024-03-20T17:57:53","date_gmt":"2024-03-20T14:57:53","guid":{"rendered":"https:\/\/edam.com.tr\/urun\/degerler-egitimi-ansiklopedisi\/"},"modified":"2026-01-02T00:16:55","modified_gmt":"2026-01-01T21:16:55","slug":"degerler-egitimi-ansiklopedisi","status":"publish","type":"product","link":"https:\/\/edam.com.tr\/en\/product\/degerler-egitimi-ansiklopedisi\/","title":{"rendered":"De\u011ferler E\u011fitimi Ansiklopedisi"},"content":{"rendered":"<p>Kapsaml\u0131, g\u00fcncel ve pratik bir kaynak niteli\u011findeki bu eser hem konunun uzmanlar\u0131 i\u00e7in hem de uzman olmayan ki\u015filer i\u00e7in kolay ve anla\u015f\u0131l\u0131r bir bi\u00e7imde haz\u0131rland\u0131. B\u00fct\u00fcn ba\u015fl\u0131klar, tarihsel ba\u011flamlar\u0131 olu\u015fturularak anla\u015f\u0131l\u0131r bir \u00fcslupla ele al\u0131nd\u0131 ve kullan\u0131m kolayl\u0131\u011f\u0131 i\u00e7in alfabetik olarak s\u0131raland\u0131. Bir zamanlar yaln\u0131zca din\u00ee e\u011fitim kurumlar\u0131n\u0131n sorumlulu\u011funda oldu\u011fu d\u00fc\u015f\u00fcn\u00fclen &#8220;de\u011ferler e\u011fitimi\u201d g\u00fcn\u00fcm\u00fczde ailelerin, e\u011fitimcilerin, ara\u015ft\u0131rmac\u0131lar\u0131n, gen\u00e7lerin; \u00f6zetle herkesin merak etti\u011fi, tezler \u00f6ne s\u00fcrd\u00fc\u011f\u00fc bir alan h\u00e2line geldi. Bu ansiklopedi, gerek d\u00fc\u015f\u00fcncelerinizde tak\u0131ld\u0131\u011f\u0131n\u0131z, merak etti\u011finiz, elzem olmas\u0131na kar\u015f\u0131n bilmedi\u011finiz spesifik bir kavram i\u00e7in ba\u015fvurabilece\u011finiz gerekse de\u011ferler e\u011fitimi hakk\u0131nda A\u2019dan Z\u2019ye var\u0131ncaya kadar kapsaml\u0131 bilgi sahibi olabilece\u011finiz bir ba\u015fvuru kayna\u011f\u0131&#8230;<\/p>\n","protected":false},"excerpt":{"rendered":"<p>Kapsaml\u0131, g\u00fcncel ve pratik bir kaynak niteli\u011findeki bu eser hem&hellip;<\/p>\n<p> <a class=\"more-link\" href=\"https:\/\/edam.com.tr\/en\/product\/degerler-egitimi-ansiklopedisi\/\">Read more<\/a><\/p>\n","protected":false},"featured_media":11982,"comment_status":"open","ping_status":"closed","template":"","meta":{"_acf_changed":false},"product_brand":[],"product_cat":[460,430,475],"product_tag":[761,733,737],"class_list":{"0":"post-15165","1":"product","2":"type-product","3":"status-publish","4":"has-post-thumbnail","6":"product_cat-educational-sciences","7":"product_cat-nonfiction","8":"product_cat-values-education-educational-sciences","9":"product_tag-ahlak-en","10":"product_tag-degerler-egitimi-en","11":"product_tag-egitim-en","12":"pa_katki-saglayan-cengiz-seker-en","13":"pa_katki-saglayan-daniel-k-lapsley-en","14":"pa_katki-saglayan-darcia-narvaez-en","15":"pa_katki-saglayan-ronald-j-nuzzi-en","16":"pa_katki-saglayan-thomas-c-hunt-en","17":"pa_yas-gruplari-general-audience","19":"first","20":"instock","21":"taxable","22":"shipping-taxable","23":"purchasable","24":"product-type-simple"},"acf":[],"_links":{"self":[{"href":"https:\/\/edam.com.tr\/en\/wp-json\/wp\/v2\/product\/15165","targetHints":{"allow":["GET"]}}],"collection":[{"href":"https:\/\/edam.com.tr\/en\/wp-json\/wp\/v2\/product"}],"about":[{"href":"https:\/\/edam.com.tr\/en\/wp-json\/wp\/v2\/types\/product"}],"replies":[{"embeddable":true,"href":"https:\/\/edam.com.tr\/en\/wp-json\/wp\/v2\/comments?post=15165"}],"wp:featuredmedia":[{"embeddable":true,"href":"https:\/\/edam.com.tr\/en\/wp-json\/wp\/v2\/media\/11982"}],"wp:attachment":[{"href":"https:\/\/edam.com.tr\/en\/wp-json\/wp\/v2\/media?parent=15165"}],"wp:term":[{"taxonomy":"product_brand","embeddable":true,"href":"https:\/\/edam.com.tr\/en\/wp-json\/wp\/v2\/product_brand?post=15165"},{"taxonomy":"product_cat","embeddable":true,"href":"https:\/\/edam.com.tr\/en\/wp-json\/wp\/v2\/product_cat?post=15165"},{"taxonomy":"product_tag","embeddable":true,"href":"https:\/\/edam.com.tr\/en\/wp-json\/wp\/v2\/product_tag?post=15165"}],"curies":[{"name":"wp","href":"https:\/\/api.w.org\/{rel}","templated":true}]}}