{"id":15156,"date":"2024-03-20T17:57:54","date_gmt":"2024-03-20T14:57:54","guid":{"rendered":"https:\/\/edam.com.tr\/urun\/ahlak-ve-karakter-egitimi-el-kitabi\/"},"modified":"2026-01-02T00:16:55","modified_gmt":"2026-01-01T21:16:55","slug":"ahlak-ve-karakter-egitimi-el-kitabi","status":"publish","type":"product","link":"https:\/\/edam.com.tr\/en\/product\/ahlak-ve-karakter-egitimi-el-kitabi\/","title":{"rendered":"Ahlak ve Karakter E\u011fitimi El Kitab\u0131"},"content":{"rendered":"<p>Genel bir g\u00f6zlemle okulun \u00f6\u011frencilerde ahlaki geli\u015fime ve karakter olu\u015fumuna katk\u0131da bulunmas\u0131 gerekti\u011fi konusunda yayg\u0131n bir fikir birli\u011fi oldu\u011fu g\u00f6ru\u0308lu\u0308yor. Bu ba\u011flamda kurumsal ve ki\u015fisel olarak ahlak ve karakter e\u011fitimi konusunda \u00e7al\u0131\u015fmalar yu\u0308ru\u0308tu\u0308lmekte, projeler hayata ge\u00e7irilmekte, \u00e7ok\u00e7a nefes ve mu\u0308rekkep tu\u0308ketilmekte\u2026 Ancak konunun s\u0131cak bir gu\u0308ndem olu\u015fturdu\u011fu son on-on be\u015f y\u0131l gu\u0308nu\u0308mu\u0308ze do\u011fru g\u00f6zden ge\u00e7irildi\u011finde, ahlak ve karakter e\u011fitimine y\u00f6nelik farkl\u0131 bak\u0131\u015f ve yakla\u015f\u0131mlar\u0131 ara\u015ft\u0131rma sonu\u00e7lar\u0131 ve bilimsel bilgilerle mezcederek bir araya getiren \u00f6nemli bir kayna\u011fa h\u00e2l\u00e2 sahip olmad\u0131\u011f\u0131m\u0131z g\u00f6ru\u0308lecektir. Bu el kitab\u0131 mesle\u011finin zirvesindeki ara\u015ft\u0131rmac\u0131 ve akademisyenleri bir araya getirerek i\u015fte bu bo\u015flu\u011fu doldurmakta, e\u011fitimin bu hassas alan\u0131na y\u00f6nelik bu\u0308tu\u0308n bak\u0131\u015f a\u00e7\u0131lar\u0131n\u0131 Amerikan tecru\u0308besinden hareketle eksiksiz olarak sunmaktad\u0131r. Ahlak ve karakter e\u011fitimi konusundaki yakla\u015f\u0131mlar\u0131n tarihsel ve felsefi temelleri, adil ve ilgili \u00f6\u011frenciler yeti\u015ftirmeye elveri\u015fli s\u0131n\u0131f ortamlar\u0131n\u0131n nitelikleri, sosyal ve duygusal \u00f6\u011frenme, okul \u00f6ncesinden u\u0308niversiteye dek ahlak e\u011fitimiyle ilgili \u00e7a\u011fda\u015f yakla\u015f\u0131mlar, okul ve s\u0131n\u0131f d\u0131\u015f\u0131nda ahlak ve karakter e\u011fitimi, sonu\u00e7 al\u0131c\u0131 uygulamalar\u0131 yu\u0308ru\u0308tebilecek \u00f6\u011fretmen ve idarecilerin hizmet i\u00e7i e\u011fitimleri gibi pek \u00e7ok konu bu kitapta ilgililerine sunulmaktad\u0131r.<\/p>\n<p>Kapsaml\u0131 ve zengin i\u00e7erikli Ahlak ve Karakter E\u011fitimi El Kitab\u0131n\u0131n \u00f6\u011fretmenli\u011fe haz\u0131rlanan e\u011fitim faku\u0308lteleri \u00f6\u011frencilerinden onlar\u0131n yeti\u015fmesine emek veren \u00f6\u011fretim elemanlar\u0131na, ahlak ve karakter e\u011fitimi sahalar\u0131nda hizmet veren ara\u015ft\u0131rmac\u0131 ve akademisyenlerden e\u011fitim felsefecileri ve program geli\u015ftirme uzmanlar\u0131na, geli\u015fim ve e\u011fitim psikologlar\u0131ndan sosyologlara, ahlak ve karakter e\u011fitimine dair gu\u0308ncel uygulamalar\u0131 \u00f6\u011frenmek isteyen \u00f6\u011fretmenler ve okul idarecilerinden ebeveynlere geni\u015f bir kesim i\u00e7in \u00f6nemli bir ba\u015fvuru kayna\u011f\u0131 olaca\u011f\u0131n\u0131 u\u0308mit ediyoruz.<\/p>\n","protected":false},"excerpt":{"rendered":"<p>Genel bir g\u00f6zlemle okulun \u00f6\u011frencilerde ahlaki geli\u015fime ve karakter olu\u015fumuna&hellip;<\/p>\n<p> <a class=\"more-link\" href=\"https:\/\/edam.com.tr\/en\/product\/ahlak-ve-karakter-egitimi-el-kitabi\/\">Read more<\/a><\/p>\n","protected":false},"featured_media":11996,"comment_status":"open","ping_status":"closed","template":"","meta":{"_acf_changed":false},"product_brand":[],"product_cat":[460,430,475],"product_tag":[761,735,690],"class_list":{"0":"post-15156","1":"product","2":"type-product","3":"status-publish","4":"has-post-thumbnail","6":"product_cat-educational-sciences","7":"product_cat-nonfiction","8":"product_cat-values-education-educational-sciences","9":"product_tag-ahlak-en","10":"product_tag-ahlak-egitimi-en","11":"product_tag-karakter-egitimi-en","12":"pa_katki-saglayan-alaaddin-turgut-en","13":"pa_katki-saglayan-cengiz-seker-en","14":"pa_katki-saglayan-larry-p-nucci-en","15":"pa_katki-saglayan-omer-baldik-en","16":"pa_katki-saglayan-tulin-senmerdan-ucar-en","17":"pa_yas-gruplari-general-audience","19":"first","20":"instock","21":"taxable","22":"shipping-taxable","23":"purchasable","24":"product-type-simple"},"acf":[],"_links":{"self":[{"href":"https:\/\/edam.com.tr\/en\/wp-json\/wp\/v2\/product\/15156","targetHints":{"allow":["GET"]}}],"collection":[{"href":"https:\/\/edam.com.tr\/en\/wp-json\/wp\/v2\/product"}],"about":[{"href":"https:\/\/edam.com.tr\/en\/wp-json\/wp\/v2\/types\/product"}],"replies":[{"embeddable":true,"href":"https:\/\/edam.com.tr\/en\/wp-json\/wp\/v2\/comments?post=15156"}],"wp:featuredmedia":[{"embeddable":true,"href":"https:\/\/edam.com.tr\/en\/wp-json\/wp\/v2\/media\/11996"}],"wp:attachment":[{"href":"https:\/\/edam.com.tr\/en\/wp-json\/wp\/v2\/media?parent=15156"}],"wp:term":[{"taxonomy":"product_brand","embeddable":true,"href":"https:\/\/edam.com.tr\/en\/wp-json\/wp\/v2\/product_brand?post=15156"},{"taxonomy":"product_cat","embeddable":true,"href":"https:\/\/edam.com.tr\/en\/wp-json\/wp\/v2\/product_cat?post=15156"},{"taxonomy":"product_tag","embeddable":true,"href":"https:\/\/edam.com.tr\/en\/wp-json\/wp\/v2\/product_tag?post=15156"}],"curies":[{"name":"wp","href":"https:\/\/api.w.org\/{rel}","templated":true}]}}