{"id":15155,"date":"2024-03-20T17:57:54","date_gmt":"2024-03-20T14:57:54","guid":{"rendered":"https:\/\/edam.com.tr\/urun\/nitel-desenler-durum-calismasi\/"},"modified":"2026-01-02T00:16:55","modified_gmt":"2026-01-01T21:16:55","slug":"nitel-desenler-durum-calismasi","status":"publish","type":"product","link":"https:\/\/edam.com.tr\/en\/product\/nitel-desenler-durum-calismasi\/","title":{"rendered":"Nitel Desenler: Durum \u00c7al\u0131\u015fmas\u0131"},"content":{"rendered":"<p>EDAM, nitel ara\u015ft\u0131rma desenlerinin tart\u0131\u015f\u0131lmas\u0131 ve kullan\u0131lmas\u0131 i\u00e7in &#8220;Nitel Desenler\u201d ba\u015fl\u0131\u011f\u0131 alt\u0131nda bir dizi kitab\u0131 ara\u015ft\u0131rmac\u0131lar i\u00e7in haz\u0131rl\u0131yor. Serinin ilk kitab\u0131nda g\u00f6m\u00fcl\u00fc teori, ikinci kitab\u0131nda etnografya ele al\u0131nm\u0131\u015ft\u0131. Bu \u00fc\u00e7\u00fcnc\u00fc kitapta ise durum \u00e7al\u0131\u015fmas\u0131 tart\u0131\u015f\u0131lmaya a\u00e7\u0131l\u0131yor. Durum \u00e7al\u0131\u015fmas\u0131n\u0131n nicel bir y\u00f6n\u00fc bulunmas\u0131na ra\u011fmen bu kitap nitel durum \u00e7al\u0131\u015fmas\u0131na odaklan\u0131yor.<\/p>\n<p>D\u00fc\u015f\u00fcn\u00fcld\u00fc\u011f\u00fcnden daha eski bir ge\u00e7mi\u015fe sahip olan durum \u00e7al\u0131\u015fmas\u0131ndan g\u00fcn\u00fcm\u00fczde t\u0131p, psikoloji, e\u011fitim, m\u00fchendislik gibi farkl\u0131 disiplinler yararlan\u0131yor. Durum \u00e7al\u0131\u015fmas\u0131 \u00e7e\u015fitli kombinasyonlar olu\u015fturuldu\u011funda onlarca farkl\u0131 t\u00fcre sahiptir. Kitap kapsam\u0131nda tek durum, \u00e7oklu durum, ara\u00e7sal durum, ger\u00e7ek durum, teori test etme ama\u00e7l\u0131 durum gibi farkl\u0131 t\u00fcrdeki durum \u00e7al\u0131\u015fmalar\u0131ndan bahsedilmektedir. Durum \u00e7al\u0131\u015fmas\u0131 \u00f6zellikle olguyu zengin ve b\u00fct\u00fcnc\u00fcl bir \u015fekilde almas\u0131 nedeniyle ara\u015ft\u0131rmac\u0131ya olguya ili\u015fkin derinlemesine bir anlay\u0131\u015f kazand\u0131r\u0131r. Uygulamal\u0131 bilimler ba\u015fta olmak \u00fczere ger\u00e7ek ya\u015fam ba\u011flam\u0131nda derinlemesine bir anlay\u0131\u015f kazand\u0131rmak i\u00e7in olduk\u00e7a de\u011ferli bir y\u00f6ntemdir.<\/p>\n<p>Durum \u00e7al\u0131\u015fmas\u0131n\u0131n temel unsurlar\u0131n\u0131, kulland\u0131\u011f\u0131 teknikleri, avantajlar\u0131n\u0131, dezavantajlar\u0131n\u0131 uygulama \u00f6rnekleriyle birlikte anlatan bu kitap, farkl\u0131 disiplinlerden ara\u015ft\u0131rmac\u0131lar i\u00e7in bir k\u0131lavuz niteli\u011finde\u2026<\/p>\n","protected":false},"excerpt":{"rendered":"<p>EDAM, nitel ara\u015ft\u0131rma desenlerinin tart\u0131\u015f\u0131lmas\u0131 ve kullan\u0131lmas\u0131 i\u00e7in &#8220;Nitel Desenler\u201d&hellip;<\/p>\n<p> <a class=\"more-link\" href=\"https:\/\/edam.com.tr\/en\/product\/nitel-desenler-durum-calismasi\/\">Read more<\/a><\/p>\n","protected":false},"featured_media":12015,"comment_status":"open","ping_status":"closed","template":"","meta":{"_acf_changed":false},"product_brand":[],"product_cat":[460,497,430,498],"product_tag":[],"class_list":{"0":"post-15155","1":"product","2":"type-product","3":"status-publish","4":"has-post-thumbnail","6":"product_cat-educational-sciences","7":"product_cat-method","8":"product_cat-nonfiction","9":"product_cat-research-series","10":"pa_katki-saglayan-halil-eksi-en","11":"pa_katki-saglayan-tugba-turk-kurtca-en","12":"pa_yas-gruplari-general-audience","14":"first","15":"instock","16":"taxable","17":"shipping-taxable","18":"purchasable","19":"product-type-simple"},"acf":[],"_links":{"self":[{"href":"https:\/\/edam.com.tr\/en\/wp-json\/wp\/v2\/product\/15155","targetHints":{"allow":["GET"]}}],"collection":[{"href":"https:\/\/edam.com.tr\/en\/wp-json\/wp\/v2\/product"}],"about":[{"href":"https:\/\/edam.com.tr\/en\/wp-json\/wp\/v2\/types\/product"}],"replies":[{"embeddable":true,"href":"https:\/\/edam.com.tr\/en\/wp-json\/wp\/v2\/comments?post=15155"}],"wp:featuredmedia":[{"embeddable":true,"href":"https:\/\/edam.com.tr\/en\/wp-json\/wp\/v2\/media\/12015"}],"wp:attachment":[{"href":"https:\/\/edam.com.tr\/en\/wp-json\/wp\/v2\/media?parent=15155"}],"wp:term":[{"taxonomy":"product_brand","embeddable":true,"href":"https:\/\/edam.com.tr\/en\/wp-json\/wp\/v2\/product_brand?post=15155"},{"taxonomy":"product_cat","embeddable":true,"href":"https:\/\/edam.com.tr\/en\/wp-json\/wp\/v2\/product_cat?post=15155"},{"taxonomy":"product_tag","embeddable":true,"href":"https:\/\/edam.com.tr\/en\/wp-json\/wp\/v2\/product_tag?post=15155"}],"curies":[{"name":"wp","href":"https:\/\/api.w.org\/{rel}","templated":true}]}}