{"id":15154,"date":"2024-03-20T17:57:54","date_gmt":"2024-03-20T14:57:54","guid":{"rendered":"https:\/\/edam.com.tr\/urun\/egitime-ve-ogrenmeye-dair-sehir-efsaneleri\/"},"modified":"2026-01-02T00:16:55","modified_gmt":"2026-01-01T21:16:55","slug":"egitime-ve-ogrenmeye-dair-sehir-efsaneleri","status":"publish","type":"product","link":"https:\/\/edam.com.tr\/en\/product\/egitime-ve-ogrenmeye-dair-sehir-efsaneleri\/","title":{"rendered":"E\u011fitime ve \u00d6\u011frenmeye Dair \u015eehir Efsaneleri"},"content":{"rendered":"<p>Bu kitapta \u00f6\u011frenme ve e\u011fitimle ilgili en yayg\u0131n efsaneler ele al\u0131nmakta, bu efsanelerin herhangi bir ger\u00e7ekli\u011finin olup olmad\u0131\u011f\u0131 tart\u0131\u015f\u0131lmakta, bunlar hakk\u0131nda sa\u011flam e\u011fitimsel ve psikolojik ara\u015ft\u0131rmalar\u0131n ne s\u00f6yledi\u011fi incelenmektedir. Sol beyin\/ sa\u011f beyin ve beyin geli\u015ftirme programlar\u0131, s\u0131n\u0131flar\u0131n ve okullar\u0131n ne kadar b\u00fcy\u00fck veya k\u00fc\u00e7\u00fck olmas\u0131 gerekti\u011fi, okullar\u0131n neden de\u011fi\u015fti\u011finden tutun \u00f6\u011frenme stillerine ve n\u00f6roefsanelere kadar uzanan bir dizi efsane\u2026 Bu kitap \u00f6z\u00fc ortaya koyan, esprili ve anla\u015f\u0131labilir bir \u00fcslupla yaz\u0131lm\u0131\u015ft\u0131r ama ayn\u0131 zamanda ilgili ampirik ara\u015ft\u0131rmalar\u0131n kapsaml\u0131 bir bilimsel incelemesine dayan\u0131r. Bu arada, Maslow\u2019un \u00e7al\u0131\u015fmas\u0131nda bir piramit olmad\u0131\u011f\u0131n\u0131 ve ABD Ulusal Uygulama Laboratuvarlar\u0131n\u0131n (UUL) elinde Dales\u2019in \u00f6\u011frenme piramidini destekleyecek bir veri bulunmad\u0131\u011f\u0131n\u0131 biliyor muydunuz?<\/p>\n","protected":false},"excerpt":{"rendered":"<p>Bu kitapta \u00f6\u011frenme ve e\u011fitimle ilgili en yayg\u0131n efsaneler ele&hellip;<\/p>\n<p> <a class=\"more-link\" href=\"https:\/\/edam.com.tr\/en\/product\/egitime-ve-ogrenmeye-dair-sehir-efsaneleri\/\">Read more<\/a><\/p>\n","protected":false},"featured_media":12029,"comment_status":"open","ping_status":"closed","template":"","meta":{"_acf_changed":false},"product_brand":[],"product_cat":[461,460,430],"product_tag":[737],"class_list":{"0":"post-15154","1":"product","2":"type-product","3":"status-publish","4":"has-post-thumbnail","6":"product_cat-alternative-approaches","7":"product_cat-educational-sciences","8":"product_cat-nonfiction","9":"product_tag-egitim-en","10":"pa_katki-saglayan-casper-d-hulshof-en","11":"pa_katki-saglayan-fevzi-inan-donmez-en","12":"pa_katki-saglayan-paul-a-kirschner-en","13":"pa_katki-saglayan-pedro-de-bruyckere-en","14":"pa_katki-saglayan-yusuf-ozturk-en","15":"pa_yas-gruplari-general-audience","17":"first","18":"instock","19":"taxable","20":"shipping-taxable","21":"purchasable","22":"product-type-simple"},"acf":[],"_links":{"self":[{"href":"https:\/\/edam.com.tr\/en\/wp-json\/wp\/v2\/product\/15154","targetHints":{"allow":["GET"]}}],"collection":[{"href":"https:\/\/edam.com.tr\/en\/wp-json\/wp\/v2\/product"}],"about":[{"href":"https:\/\/edam.com.tr\/en\/wp-json\/wp\/v2\/types\/product"}],"replies":[{"embeddable":true,"href":"https:\/\/edam.com.tr\/en\/wp-json\/wp\/v2\/comments?post=15154"}],"wp:featuredmedia":[{"embeddable":true,"href":"https:\/\/edam.com.tr\/en\/wp-json\/wp\/v2\/media\/12029"}],"wp:attachment":[{"href":"https:\/\/edam.com.tr\/en\/wp-json\/wp\/v2\/media?parent=15154"}],"wp:term":[{"taxonomy":"product_brand","embeddable":true,"href":"https:\/\/edam.com.tr\/en\/wp-json\/wp\/v2\/product_brand?post=15154"},{"taxonomy":"product_cat","embeddable":true,"href":"https:\/\/edam.com.tr\/en\/wp-json\/wp\/v2\/product_cat?post=15154"},{"taxonomy":"product_tag","embeddable":true,"href":"https:\/\/edam.com.tr\/en\/wp-json\/wp\/v2\/product_tag?post=15154"}],"curies":[{"name":"wp","href":"https:\/\/api.w.org\/{rel}","templated":true}]}}