{"id":15140,"date":"2024-03-20T17:57:57","date_gmt":"2024-03-20T14:57:57","guid":{"rendered":"https:\/\/edam.com.tr\/urun\/yapboz-sorumluluk\/"},"modified":"2026-02-19T16:11:39","modified_gmt":"2026-02-19T13:11:39","slug":"yapboz-sorumluluk","status":"publish","type":"product","link":"https:\/\/edam.com.tr\/en\/product\/yapboz-sorumluluk\/","title":{"rendered":"Yapboz &#8211; Sorumluluk"},"content":{"rendered":"<p>EDAM Karakter Okulu\u00ae Program\u0131, &#8220;\u00f6\u011frencilerde, sorumluluklar\u0131n\u0131 ta\u015f\u0131yabilecekleri makul se\u00e7imler yapabilmelerine imk\u00e2n sa\u011flayacak bilgi, beceri ve yeteneklerin geli\u015ftirilmesi\u201dni hedeflemektedir. Okul \u00f6ncesi ve ilk\u00f6\u011fretim kurumlar\u0131nda uygulanmak u\u0308zere geli\u015ftirilmi\u015f olan EDAM Karakter Okulu\u00ae Program\u0131 aile, okul ve \u00e7evrenin i\u015f birli\u011fini organize ederek hedeflerini ger\u00e7ekle\u015ftirmeye \u00e7al\u0131\u015fmaktad\u0131r. EDAM Karakter Okulu\u00ae Program\u0131 kapsam\u0131nda \u00fcretilmi\u015f olan bu yapboz setinde \u00f6z denetim, sayg\u0131, sab\u0131r, do\u011fruluk, dostluk, liderlik, \u00f6z g\u00fcven, adalet, yard\u0131mseverlik, sorumluluk de\u011ferlerinin i\u015flendi\u011fi 10 adet yapboz bulunmaktad\u0131r.<\/p>\n","protected":false},"excerpt":{"rendered":"<p>EDAM Karakter Okulu\u00ae Program\u0131, &#8220;\u00f6\u011frencilerde, sorumluluklar\u0131n\u0131 ta\u015f\u0131yabilecekleri makul se\u00e7imler yapabilmelerine&hellip;<\/p>\n<p> <a class=\"more-link\" href=\"https:\/\/edam.com.tr\/en\/product\/yapboz-sorumluluk\/\">Read more<\/a><\/p>\n","protected":false},"featured_media":12061,"comment_status":"open","ping_status":"closed","template":"","meta":{"_acf_changed":false},"product_brand":[],"product_cat":[496,443],"product_tag":[767,768],"class_list":{"0":"post-15140","1":"product","2":"type-product","3":"status-publish","4":"has-post-thumbnail","6":"product_cat-puzzles","7":"product_cat-stationary","8":"product_tag-iman-en","9":"product_tag-temizlik-en","10":"pa_katki-saglayan-yahya-alakay-en","11":"pa_yas-gruplari-0-6-en","13":"first","14":"instock","15":"taxable","16":"shipping-taxable","17":"purchasable","18":"product-type-simple"},"acf":[],"_links":{"self":[{"href":"https:\/\/edam.com.tr\/en\/wp-json\/wp\/v2\/product\/15140","targetHints":{"allow":["GET"]}}],"collection":[{"href":"https:\/\/edam.com.tr\/en\/wp-json\/wp\/v2\/product"}],"about":[{"href":"https:\/\/edam.com.tr\/en\/wp-json\/wp\/v2\/types\/product"}],"replies":[{"embeddable":true,"href":"https:\/\/edam.com.tr\/en\/wp-json\/wp\/v2\/comments?post=15140"}],"wp:featuredmedia":[{"embeddable":true,"href":"https:\/\/edam.com.tr\/en\/wp-json\/wp\/v2\/media\/12061"}],"wp:attachment":[{"href":"https:\/\/edam.com.tr\/en\/wp-json\/wp\/v2\/media?parent=15140"}],"wp:term":[{"taxonomy":"product_brand","embeddable":true,"href":"https:\/\/edam.com.tr\/en\/wp-json\/wp\/v2\/product_brand?post=15140"},{"taxonomy":"product_cat","embeddable":true,"href":"https:\/\/edam.com.tr\/en\/wp-json\/wp\/v2\/product_cat?post=15140"},{"taxonomy":"product_tag","embeddable":true,"href":"https:\/\/edam.com.tr\/en\/wp-json\/wp\/v2\/product_tag?post=15140"}],"curies":[{"name":"wp","href":"https:\/\/api.w.org\/{rel}","templated":true}]}}