{"id":15126,"date":"2024-03-20T17:57:58","date_gmt":"2024-03-20T14:57:58","guid":{"rendered":"https:\/\/edam.com.tr\/urun\/40-hadis-40-cizgi-kartpostal-seti\/"},"modified":"2026-01-02T00:16:54","modified_gmt":"2026-01-01T21:16:54","slug":"40-hadis-40-cizgi-kartpostal-seti","status":"publish","type":"product","link":"https:\/\/edam.com.tr\/en\/product\/40-hadis-40-cizgi-kartpostal-seti\/","title":{"rendered":"40 Hadis 40 \u00c7izgi Kartpostal Seti"},"content":{"rendered":"<p>Hasan Ayc\u0131n&#8217;\u0131n \u00f6zg\u00fcn \u00e7izimlerinin e\u015flik etti\u011fi 40 hadis-i \u015ferifin yer ald\u0131\u011f\u0131 bu kartpostal setinde hadis terc\u00fcmeleri rahat anla\u015f\u0131lan sade bir dille yap\u0131lm\u0131\u015ft\u0131r. Her bir kartpostalda hadislerin orijinal Arap\u00e7a metinlerine ve kaynaklar\u0131na da yer verilmi\u015ftir.<\/p>\n","protected":false},"excerpt":{"rendered":"<p>Hasan Ayc\u0131n&#8217;\u0131n \u00f6zg\u00fcn \u00e7izimlerinin e\u015flik etti\u011fi 40 hadis-i \u015ferifin yer&hellip;<\/p>\n<p> <a class=\"more-link\" href=\"https:\/\/edam.com.tr\/en\/product\/40-hadis-40-cizgi-kartpostal-seti\/\">Read more<\/a><\/p>\n","protected":false},"featured_media":12115,"comment_status":"open","ping_status":"closed","template":"","meta":{"_acf_changed":false},"product_brand":[],"product_cat":[427,437],"product_tag":[753,765,766],"class_list":{"0":"post-15126","1":"product","2":"type-product","3":"status-publish","4":"has-post-thumbnail","6":"product_cat-childrens","7":"product_cat-fiction","8":"product_tag-hadis-en","9":"product_tag-kartpostal-en","10":"product_tag-kirk-hadis-en","11":"pa_katki-saglayan-hasan-aycin-en","12":"pa_yas-gruplari-13-plus","13":"pa_yas-gruplari-general-audience","15":"first","16":"instock","17":"taxable","18":"shipping-taxable","19":"purchasable","20":"product-type-simple"},"acf":[],"_links":{"self":[{"href":"https:\/\/edam.com.tr\/en\/wp-json\/wp\/v2\/product\/15126","targetHints":{"allow":["GET"]}}],"collection":[{"href":"https:\/\/edam.com.tr\/en\/wp-json\/wp\/v2\/product"}],"about":[{"href":"https:\/\/edam.com.tr\/en\/wp-json\/wp\/v2\/types\/product"}],"replies":[{"embeddable":true,"href":"https:\/\/edam.com.tr\/en\/wp-json\/wp\/v2\/comments?post=15126"}],"wp:featuredmedia":[{"embeddable":true,"href":"https:\/\/edam.com.tr\/en\/wp-json\/wp\/v2\/media\/12115"}],"wp:attachment":[{"href":"https:\/\/edam.com.tr\/en\/wp-json\/wp\/v2\/media?parent=15126"}],"wp:term":[{"taxonomy":"product_brand","embeddable":true,"href":"https:\/\/edam.com.tr\/en\/wp-json\/wp\/v2\/product_brand?post=15126"},{"taxonomy":"product_cat","embeddable":true,"href":"https:\/\/edam.com.tr\/en\/wp-json\/wp\/v2\/product_cat?post=15126"},{"taxonomy":"product_tag","embeddable":true,"href":"https:\/\/edam.com.tr\/en\/wp-json\/wp\/v2\/product_tag?post=15126"}],"curies":[{"name":"wp","href":"https:\/\/api.w.org\/{rel}","templated":true}]}}