{"id":15125,"date":"2024-03-20T17:57:58","date_gmt":"2024-03-20T14:57:58","guid":{"rendered":"https:\/\/edam.com.tr\/urun\/hep-yanimda\/"},"modified":"2026-01-02T00:16:54","modified_gmt":"2026-01-01T21:16:54","slug":"hep-yanimda","status":"publish","type":"product","link":"https:\/\/edam.com.tr\/en\/product\/hep-yanimda\/","title":{"rendered":"Hep Yan\u0131mda"},"content":{"rendered":"<p>Hi\u00e7 yan\u0131n\u0131zdan ayr\u0131lmayan bir arkada\u015f\u0131n\u0131z olsa\u2026 Nereye gitseniz ya sizden \u00f6nce varsa oraya ya yan\u0131n\u0131zda gitse ya da pe\u015finizden gelse\u2026 Nas\u0131l olurdu?<\/p>\n<p>Bu kitap, k\u00fc\u00e7\u00fck bir \u00e7ocu\u011fun ke\u015fif maceras\u0131\u2026 Neyi ke\u015ffetti\u011fi, gelin, kitab\u0131n sonuna kals\u0131n. Bu arada biz, g\u00fc\u00e7l\u00fc \u00e7izimlerin e\u015flik etti\u011fi bu keyifli hik\u00e2yenin ak\u0131\u015f\u0131na b\u0131rakal\u0131m kendimizi.<\/p>\n","protected":false},"excerpt":{"rendered":"<p>Hi\u00e7 yan\u0131n\u0131zdan ayr\u0131lmayan bir arkada\u015f\u0131n\u0131z olsa\u2026 Nereye gitseniz ya sizden&hellip;<\/p>\n<p> <a class=\"more-link\" href=\"https:\/\/edam.com.tr\/en\/product\/hep-yanimda\/\">Read more<\/a><\/p>\n","protected":false},"featured_media":12119,"comment_status":"open","ping_status":"closed","template":"","meta":{"_acf_changed":false},"product_brand":[],"product_cat":[485,443],"product_tag":[],"class_list":{"0":"post-15125","1":"product","2":"type-product","3":"status-publish","4":"has-post-thumbnail","6":"product_cat-postcards","7":"product_cat-stationary","8":"pa_katki-saglayan-cathy-khattar-en","9":"pa_katki-saglayan-gustavo-aimar-en","10":"pa_katki-saglayan-hatice-isilak-durmus-en","11":"pa_yas-gruplari-3-6-en","13":"first","14":"instock","15":"taxable","16":"shipping-taxable","17":"purchasable","18":"product-type-simple"},"acf":[],"_links":{"self":[{"href":"https:\/\/edam.com.tr\/en\/wp-json\/wp\/v2\/product\/15125","targetHints":{"allow":["GET"]}}],"collection":[{"href":"https:\/\/edam.com.tr\/en\/wp-json\/wp\/v2\/product"}],"about":[{"href":"https:\/\/edam.com.tr\/en\/wp-json\/wp\/v2\/types\/product"}],"replies":[{"embeddable":true,"href":"https:\/\/edam.com.tr\/en\/wp-json\/wp\/v2\/comments?post=15125"}],"wp:featuredmedia":[{"embeddable":true,"href":"https:\/\/edam.com.tr\/en\/wp-json\/wp\/v2\/media\/12119"}],"wp:attachment":[{"href":"https:\/\/edam.com.tr\/en\/wp-json\/wp\/v2\/media?parent=15125"}],"wp:term":[{"taxonomy":"product_brand","embeddable":true,"href":"https:\/\/edam.com.tr\/en\/wp-json\/wp\/v2\/product_brand?post=15125"},{"taxonomy":"product_cat","embeddable":true,"href":"https:\/\/edam.com.tr\/en\/wp-json\/wp\/v2\/product_cat?post=15125"},{"taxonomy":"product_tag","embeddable":true,"href":"https:\/\/edam.com.tr\/en\/wp-json\/wp\/v2\/product_tag?post=15125"}],"curies":[{"name":"wp","href":"https:\/\/api.w.org\/{rel}","templated":true}]}}