{"id":15124,"date":"2024-03-20T17:57:58","date_gmt":"2024-03-20T14:57:58","guid":{"rendered":"https:\/\/edam.com.tr\/?post_type=product&#038;p=15124"},"modified":"2026-01-02T00:16:54","modified_gmt":"2026-01-01T21:16:54","slug":"renklerin-kara-kitabi","status":"publish","type":"product","link":"https:\/\/edam.com.tr\/en\/product\/renklerin-kara-kitabi\/","title":{"rendered":"Renklerin Kara Kitab\u0131"},"content":{"rendered":"<p>G\u00f6zlerinizi kapat\u0131n ve renkleri hissetmeye \u00e7al\u0131\u015f\u0131n. Yapabilir misiniz? Sizi bilmem ama Renklerin Kara Kitab\u0131 i\u015fte tam bunu yap\u0131yor. Dokunma, i\u015fitme, koklama ve tat alma duyular\u0131n\u0131 kullanarak renkleri tarif ediyor.<\/p>\n<p>Son elli senenin en prestijli \u00e7ocuk yay\u0131nc\u0131l\u0131\u011f\u0131 \u00f6d\u00fcl\u00fc kabul edilen Bologna Ragazzi\u2019ye lay\u0131k g\u00f6r\u00fclen bu kitapta renklerin tad\u0131n\u0131 alacak, kokular\u0131n\u0131 duyacak, seslerini i\u015fitecek, dokunu\u015flar\u0131n\u0131 hissedeceksiniz. Yeni bir bak\u0131\u015f a\u00e7\u0131s\u0131yla renkleri yeniden ke\u015ffedeceksiniz.<\/p>\n<p>Kitab\u0131 isterseniz Latin alfabesinden, isterseniz Braille alfabesinden okuyabilirsiniz. Kitapta ikisi de var. Bu arada kitab\u0131n resimlerine bakmak m\u0131 istersiniz, yoksa dokunmak m\u0131? Tercih yine tamam\u0131yla sizin.<\/p>\n","protected":false},"excerpt":{"rendered":"<p>G\u00f6zlerinizi kapat\u0131n ve renkleri hissetmeye \u00e7al\u0131\u015f\u0131n. Yapabilir misiniz? Sizi bilmem&hellip;<\/p>\n<p> <a class=\"more-link\" href=\"https:\/\/edam.com.tr\/en\/product\/renklerin-kara-kitabi\/\">Read more<\/a><\/p>\n","protected":false},"featured_media":12101,"comment_status":"open","ping_status":"closed","template":"","meta":{"_acf_changed":false},"product_brand":[],"product_cat":[427,437],"product_tag":[],"class_list":{"0":"post-15124","1":"product","2":"type-product","3":"status-publish","4":"has-post-thumbnail","6":"product_cat-childrens","7":"product_cat-fiction","8":"pa_katki-saglayan-alpaslan-durmus-en","9":"pa_katki-saglayan-menena-cottin-en","10":"pa_katki-saglayan-rosana-faria-en","11":"pa_yas-gruplari-13-plus","12":"pa_yas-gruplari-7-12-en","14":"first","15":"instock","16":"taxable","17":"shipping-taxable","18":"purchasable","19":"product-type-simple"},"acf":[],"_links":{"self":[{"href":"https:\/\/edam.com.tr\/en\/wp-json\/wp\/v2\/product\/15124","targetHints":{"allow":["GET"]}}],"collection":[{"href":"https:\/\/edam.com.tr\/en\/wp-json\/wp\/v2\/product"}],"about":[{"href":"https:\/\/edam.com.tr\/en\/wp-json\/wp\/v2\/types\/product"}],"replies":[{"embeddable":true,"href":"https:\/\/edam.com.tr\/en\/wp-json\/wp\/v2\/comments?post=15124"}],"wp:featuredmedia":[{"embeddable":true,"href":"https:\/\/edam.com.tr\/en\/wp-json\/wp\/v2\/media\/12101"}],"wp:attachment":[{"href":"https:\/\/edam.com.tr\/en\/wp-json\/wp\/v2\/media?parent=15124"}],"wp:term":[{"taxonomy":"product_brand","embeddable":true,"href":"https:\/\/edam.com.tr\/en\/wp-json\/wp\/v2\/product_brand?post=15124"},{"taxonomy":"product_cat","embeddable":true,"href":"https:\/\/edam.com.tr\/en\/wp-json\/wp\/v2\/product_cat?post=15124"},{"taxonomy":"product_tag","embeddable":true,"href":"https:\/\/edam.com.tr\/en\/wp-json\/wp\/v2\/product_tag?post=15124"}],"curies":[{"name":"wp","href":"https:\/\/api.w.org\/{rel}","templated":true}]}}