{"id":15121,"date":"2024-03-20T17:57:59","date_gmt":"2024-03-20T14:57:59","guid":{"rendered":"https:\/\/edam.com.tr\/urun\/minenin-buzdolabi\/"},"modified":"2026-01-02T00:16:54","modified_gmt":"2026-01-01T21:16:54","slug":"minenin-buzdolabi","status":"publish","type":"product","link":"https:\/\/edam.com.tr\/en\/product\/minenin-buzdolabi\/","title":{"rendered":"Mine\u2019nin Buzdolab\u0131"},"content":{"rendered":"<p>Safiye ve Mine ayn\u0131 mahallede oturuyor, ayn\u0131 parkta oyun oynuyor ve ayn\u0131 okula gidiyorlar. Safiyelerin buzdolab\u0131 a\u011fz\u0131na kadar dolu ama Minelerinki de\u011fil. Onlar\u0131n buzdolab\u0131nda sadece birazc\u0131k s\u00fct var.<\/p>\n<p>&#8220;Annen neden markete gidip al\u0131\u015fveri\u015f yapm\u0131yor?\u201d diye Mine\u2019ye sordu Safiye. Sonra bak\u0131n neler oldu?<\/p>\n","protected":false},"excerpt":{"rendered":"<p>Safiye ve Mine ayn\u0131 mahallede oturuyor, ayn\u0131 parkta oyun oynuyor&hellip;<\/p>\n<p> <a class=\"more-link\" href=\"https:\/\/edam.com.tr\/en\/product\/minenin-buzdolabi\/\">Read more<\/a><\/p>\n","protected":false},"featured_media":12143,"comment_status":"open","ping_status":"closed","template":"","meta":{"_acf_changed":false},"product_brand":[],"product_cat":[427,437],"product_tag":[],"class_list":{"0":"post-15121","1":"product","2":"type-product","3":"status-publish","4":"has-post-thumbnail","6":"product_cat-childrens","7":"product_cat-fiction","8":"pa_katki-saglayan-hatice-isilak-durmus-en","9":"pa_katki-saglayan-lois-brandt-en","10":"pa_katki-saglayan-vin-vogel-en","11":"pa_yas-gruplari-5-9-en","13":"first","14":"instock","15":"taxable","16":"shipping-taxable","17":"purchasable","18":"product-type-simple"},"acf":[],"_links":{"self":[{"href":"https:\/\/edam.com.tr\/en\/wp-json\/wp\/v2\/product\/15121","targetHints":{"allow":["GET"]}}],"collection":[{"href":"https:\/\/edam.com.tr\/en\/wp-json\/wp\/v2\/product"}],"about":[{"href":"https:\/\/edam.com.tr\/en\/wp-json\/wp\/v2\/types\/product"}],"replies":[{"embeddable":true,"href":"https:\/\/edam.com.tr\/en\/wp-json\/wp\/v2\/comments?post=15121"}],"wp:featuredmedia":[{"embeddable":true,"href":"https:\/\/edam.com.tr\/en\/wp-json\/wp\/v2\/media\/12143"}],"wp:attachment":[{"href":"https:\/\/edam.com.tr\/en\/wp-json\/wp\/v2\/media?parent=15121"}],"wp:term":[{"taxonomy":"product_brand","embeddable":true,"href":"https:\/\/edam.com.tr\/en\/wp-json\/wp\/v2\/product_brand?post=15121"},{"taxonomy":"product_cat","embeddable":true,"href":"https:\/\/edam.com.tr\/en\/wp-json\/wp\/v2\/product_cat?post=15121"},{"taxonomy":"product_tag","embeddable":true,"href":"https:\/\/edam.com.tr\/en\/wp-json\/wp\/v2\/product_tag?post=15121"}],"curies":[{"name":"wp","href":"https:\/\/api.w.org\/{rel}","templated":true}]}}