{"id":15120,"date":"2024-03-20T17:58:29","date_gmt":"2024-03-20T14:58:29","guid":{"rendered":"https:\/\/edam.com.tr\/urun\/ortasi-bos-kitap\/"},"modified":"2026-01-02T00:16:53","modified_gmt":"2026-01-01T21:16:53","slug":"ortasi-bos-kitap","status":"publish","type":"product","link":"https:\/\/edam.com.tr\/en\/product\/ortasi-bos-kitap\/","title":{"rendered":"Ortas\u0131 Bo\u015f Kitap"},"content":{"rendered":"<p>Bu kitap, bildi\u011fin di\u011fer kitaplara benzemiyor. Bu, ortas\u0131 bo\u015f bir kitap&#8230; Bu kitab\u0131n ortas\u0131nda kocaman bir delik var. Bu delik, bazen b\u00f6ceklere bakmak i\u00e7in bir b\u00fcy\u00fctece d\u00f6n\u00fc\u015f\u00fcyor, bazen i\u00e7ine atlanacak bir havuza, bazen bir yar\u0131\u015f pistine ya da tropik bir adaya. Ortadaki bo\u015flu\u011fa istersen bir g\u00f6kdelen kondur, istersen buradan bir file hortum tak ya da buru\u015fmu\u015f k\u00e2\u011f\u0131t bir top ile basketbol oyna&#8230; Oynayabilece\u011fin oyunlar\u0131n ya da e\u011flencenin s\u0131n\u0131r\u0131 yok. Sadece dikkat et, bo\u015flu\u011fa d\u00fc\u015fme! \u00c7\u0131lg\u0131n \u00e7izimler ve daha da \u00e7\u0131lg\u0131n fikirlerle dolu bu kitap Herve Tullet taraf\u0131ndan haz\u0131rland\u0131. S\u0131n\u0131rs\u0131z ke\u015fiflerle dolu ortas\u0131 bo\u015f kitap, her ya\u015ftan \u00e7ocu\u011fu mest edecek.<\/p>\n","protected":false},"excerpt":{"rendered":"<p>Bu kitap, bildi\u011fin di\u011fer kitaplara benzemiyor. Bu, ortas\u0131 bo\u015f bir&hellip;<\/p>\n<p> <a class=\"more-link\" href=\"https:\/\/edam.com.tr\/en\/product\/ortasi-bos-kitap\/\">Read more<\/a><\/p>\n","protected":false},"featured_media":12145,"comment_status":"open","ping_status":"closed","template":"","meta":{"_acf_changed":false},"product_brand":[],"product_cat":[448,427],"product_tag":[],"class_list":{"0":"post-15120","1":"product","2":"type-product","3":"status-publish","4":"has-post-thumbnail","6":"product_cat-activity","7":"product_cat-childrens","8":"pa_katki-saglayan-herve-tullet-en","9":"pa_katki-saglayan-zeynep-alp-en","10":"pa_yas-gruplari-8-13-en","11":"pa_yas-gruplari-general-audience","13":"first","14":"instock","15":"taxable","16":"shipping-taxable","17":"purchasable","18":"product-type-simple"},"acf":[],"_links":{"self":[{"href":"https:\/\/edam.com.tr\/en\/wp-json\/wp\/v2\/product\/15120","targetHints":{"allow":["GET"]}}],"collection":[{"href":"https:\/\/edam.com.tr\/en\/wp-json\/wp\/v2\/product"}],"about":[{"href":"https:\/\/edam.com.tr\/en\/wp-json\/wp\/v2\/types\/product"}],"replies":[{"embeddable":true,"href":"https:\/\/edam.com.tr\/en\/wp-json\/wp\/v2\/comments?post=15120"}],"wp:featuredmedia":[{"embeddable":true,"href":"https:\/\/edam.com.tr\/en\/wp-json\/wp\/v2\/media\/12145"}],"wp:attachment":[{"href":"https:\/\/edam.com.tr\/en\/wp-json\/wp\/v2\/media?parent=15120"}],"wp:term":[{"taxonomy":"product_brand","embeddable":true,"href":"https:\/\/edam.com.tr\/en\/wp-json\/wp\/v2\/product_brand?post=15120"},{"taxonomy":"product_cat","embeddable":true,"href":"https:\/\/edam.com.tr\/en\/wp-json\/wp\/v2\/product_cat?post=15120"},{"taxonomy":"product_tag","embeddable":true,"href":"https:\/\/edam.com.tr\/en\/wp-json\/wp\/v2\/product_tag?post=15120"}],"curies":[{"name":"wp","href":"https:\/\/api.w.org\/{rel}","templated":true}]}}