{"id":15119,"date":"2024-03-20T17:58:31","date_gmt":"2024-03-20T14:58:31","guid":{"rendered":"https:\/\/edam.com.tr\/urun\/ofkelendiginde\/"},"modified":"2026-01-02T00:16:53","modified_gmt":"2026-01-01T21:16:53","slug":"ofkelendiginde","status":"publish","type":"product","link":"https:\/\/edam.com.tr\/en\/product\/ofkelendiginde\/","title":{"rendered":"\u00d6fkelendi\u011finde&#8230;"},"content":{"rendered":"<p>Hi\u00e7 kendinizi haks\u0131zl\u0131\u011fa u\u011fram\u0131\u015f hissetti\u011finiz, bu y\u00fczden \u00f6fkelendi\u011finiz ve kimsenin sizi sakinle\u015ftiremedi\u011fi oldu mu? Peki ya \u00f6fkeden \u00f6n\u00fcn\u00fcze \u00e7\u0131kan her \u015feyi k\u0131rmak istedi\u011finiz hatta k\u0131rd\u0131\u011f\u0131n\u0131z oldu mu? Ya da belki \u00f6fkeden sa\u00e7\u0131n\u0131z\u0131 ba\u015f\u0131n\u0131z\u0131 yolmu\u015f olabilirsiniz.<\/p>\n<p>Zaman zaman hepimiz \u00f6fkeleniriz. \u00d6fkemizi kontrol etmekte de bazen zorlan\u0131r\u0131z. \u00d6fke kontrol\u00fcn\u00fc \u00e7ocuk sevimlili\u011fiyle bulu\u015fturan bu kitap size ve \u00e7ocuklar\u0131n\u0131za yepyeni bir bak\u0131\u015f a\u00e7\u0131s\u0131 sunacak.<\/p>\n<p>Haydi durmay\u0131n, siz de kat\u0131l\u0131n \u00d6fkeliler Kul\u00fcb\u00fcm\u00fcze!<\/p>\n","protected":false},"excerpt":{"rendered":"<p>Hi\u00e7 kendinizi haks\u0131zl\u0131\u011fa u\u011fram\u0131\u015f hissetti\u011finiz, bu y\u00fczden \u00f6fkelendi\u011finiz ve kimsenin&hellip;<\/p>\n<p> <a class=\"more-link\" href=\"https:\/\/edam.com.tr\/en\/product\/ofkelendiginde\/\">Read more<\/a><\/p>\n","protected":false},"featured_media":12165,"comment_status":"open","ping_status":"closed","template":"","meta":{"_acf_changed":false},"product_brand":[],"product_cat":[427,437],"product_tag":[],"class_list":{"0":"post-15119","1":"product","2":"type-product","3":"status-publish","4":"has-post-thumbnail","6":"product_cat-childrens","7":"product_cat-fiction","8":"pa_katki-saglayan-dunyazad-es-sadi-en","9":"pa_katki-saglayan-hatice-isilak-durmus-en","10":"pa_katki-saglayan-zarife-haydar-en","11":"pa_yas-gruplari-8-11-en","13":"first","14":"instock","15":"taxable","16":"shipping-taxable","17":"purchasable","18":"product-type-simple"},"acf":[],"_links":{"self":[{"href":"https:\/\/edam.com.tr\/en\/wp-json\/wp\/v2\/product\/15119","targetHints":{"allow":["GET"]}}],"collection":[{"href":"https:\/\/edam.com.tr\/en\/wp-json\/wp\/v2\/product"}],"about":[{"href":"https:\/\/edam.com.tr\/en\/wp-json\/wp\/v2\/types\/product"}],"replies":[{"embeddable":true,"href":"https:\/\/edam.com.tr\/en\/wp-json\/wp\/v2\/comments?post=15119"}],"wp:featuredmedia":[{"embeddable":true,"href":"https:\/\/edam.com.tr\/en\/wp-json\/wp\/v2\/media\/12165"}],"wp:attachment":[{"href":"https:\/\/edam.com.tr\/en\/wp-json\/wp\/v2\/media?parent=15119"}],"wp:term":[{"taxonomy":"product_brand","embeddable":true,"href":"https:\/\/edam.com.tr\/en\/wp-json\/wp\/v2\/product_brand?post=15119"},{"taxonomy":"product_cat","embeddable":true,"href":"https:\/\/edam.com.tr\/en\/wp-json\/wp\/v2\/product_cat?post=15119"},{"taxonomy":"product_tag","embeddable":true,"href":"https:\/\/edam.com.tr\/en\/wp-json\/wp\/v2\/product_tag?post=15119"}],"curies":[{"name":"wp","href":"https:\/\/api.w.org\/{rel}","templated":true}]}}