{"id":15118,"date":"2024-03-20T17:58:31","date_gmt":"2024-03-20T14:58:31","guid":{"rendered":"https:\/\/edam.com.tr\/urun\/benim-tarzim\/"},"modified":"2026-01-02T00:16:53","modified_gmt":"2026-01-01T21:16:53","slug":"benim-tarzim","status":"publish","type":"product","link":"https:\/\/edam.com.tr\/en\/product\/benim-tarzim\/","title":{"rendered":"Benim Tarz\u0131m"},"content":{"rendered":"<p>Her ya\u015f, her d\u00f6nem kendisine has g\u00fczellikler bar\u0131nd\u0131r\u0131r. Hele de \u00e7ocukluk! Ama hangimiz b\u00fcy\u00fcmeyi istemeyiz ki? Hande de b\u00fcy\u00fcmek istiyor. Ama kendisini b\u00fcy\u00fcd\u00fc\u011f\u00fcne inand\u0131racak bir \u015fey olmal\u0131. Acaba o \u015fey\u2026<\/p>\n<p>Bir k\u0131z \u00e7ocu\u011funun ablalar\u0131na \u00f6zenerek ba\u015f\u0131n\u0131 \u00f6rtme \u00e7abalar\u0131n\u0131 anlatan bu kitap kendi tarz\u0131n\u0131 belirleme m\u00fccadelesi veren Hande\u2019nin hik\u00e2yesi. Bu e\u011flenceli hik\u00e2ye, b\u00fcy\u00fcklerine \u00f6zenen t\u00fcm k\u0131zlara&#8230;<\/p>\n","protected":false},"excerpt":{"rendered":"<p>Her ya\u015f, her d\u00f6nem kendisine has g\u00fczellikler bar\u0131nd\u0131r\u0131r. Hele de&hellip;<\/p>\n<p> <a class=\"more-link\" href=\"https:\/\/edam.com.tr\/en\/product\/benim-tarzim\/\">Read more<\/a><\/p>\n","protected":false},"featured_media":12167,"comment_status":"open","ping_status":"closed","template":"","meta":{"_acf_changed":false},"product_brand":[],"product_cat":[433,447],"product_tag":[],"class_list":{"0":"post-15118","1":"product","2":"type-product","3":"status-publish","4":"has-post-thumbnail","6":"product_cat-childrens-religious-books","7":"product_cat-fiction-childrens-religious-books","8":"pa_katki-saglayan-hatice-isilak-durmus-en","9":"pa_katki-saglayan-maya-fidavi-en","10":"pa_katki-saglayan-mithaa-alkhayyat-en","11":"pa_yas-gruplari-6-12-en","13":"first","14":"outofstock","15":"taxable","16":"shipping-taxable","17":"purchasable","18":"product-type-simple"},"acf":[],"_links":{"self":[{"href":"https:\/\/edam.com.tr\/en\/wp-json\/wp\/v2\/product\/15118","targetHints":{"allow":["GET"]}}],"collection":[{"href":"https:\/\/edam.com.tr\/en\/wp-json\/wp\/v2\/product"}],"about":[{"href":"https:\/\/edam.com.tr\/en\/wp-json\/wp\/v2\/types\/product"}],"replies":[{"embeddable":true,"href":"https:\/\/edam.com.tr\/en\/wp-json\/wp\/v2\/comments?post=15118"}],"wp:featuredmedia":[{"embeddable":true,"href":"https:\/\/edam.com.tr\/en\/wp-json\/wp\/v2\/media\/12167"}],"wp:attachment":[{"href":"https:\/\/edam.com.tr\/en\/wp-json\/wp\/v2\/media?parent=15118"}],"wp:term":[{"taxonomy":"product_brand","embeddable":true,"href":"https:\/\/edam.com.tr\/en\/wp-json\/wp\/v2\/product_brand?post=15118"},{"taxonomy":"product_cat","embeddable":true,"href":"https:\/\/edam.com.tr\/en\/wp-json\/wp\/v2\/product_cat?post=15118"},{"taxonomy":"product_tag","embeddable":true,"href":"https:\/\/edam.com.tr\/en\/wp-json\/wp\/v2\/product_tag?post=15118"}],"curies":[{"name":"wp","href":"https:\/\/api.w.org\/{rel}","templated":true}]}}