{"id":15117,"date":"2024-03-20T17:58:32","date_gmt":"2024-03-20T14:58:32","guid":{"rendered":"https:\/\/edam.com.tr\/urun\/hey-kedi-nereye\/"},"modified":"2026-01-02T00:16:53","modified_gmt":"2026-01-01T21:16:53","slug":"hey-kedi-nereye","status":"publish","type":"product","link":"https:\/\/edam.com.tr\/en\/product\/hey-kedi-nereye\/","title":{"rendered":"Hey Kedi, Nereye?"},"content":{"rendered":"<p>Ben Zeki. Bir g\u00fcn ya\u011fmur ya\u011farken &#8220;Bu ya\u011fmur yeterince \u0131slak m\u0131?\u201d diye \u00e7\u0131k\u0131p bakay\u0131m dedim. \u015eemsiyemi a\u00e7\u0131p ke\u015ffe \u00e7\u0131kt\u0131m. Bir de ne g\u00f6reyim? Kedinin biri yolun kenar\u0131na sinmi\u015f. Bir kedi d\u00fc\u015f\u00fcn\u00fcn s\u0131ska, nazik ve c\u00f6mert. Kafa kar\u0131\u015ft\u0131r\u0131c\u0131 de\u011fil mi? Hik\u00e2yeyi okudu\u011funuzda siz de bana hak vereceksiniz.<\/p>\n","protected":false},"excerpt":{"rendered":"<p>Ben Zeki. Bir g\u00fcn ya\u011fmur ya\u011farken &#8220;Bu ya\u011fmur yeterince \u0131slak&hellip;<\/p>\n<p> <a class=\"more-link\" href=\"https:\/\/edam.com.tr\/en\/product\/hey-kedi-nereye\/\">Read more<\/a><\/p>\n","protected":false},"featured_media":12175,"comment_status":"open","ping_status":"closed","template":"","meta":{"_acf_changed":false},"product_brand":[],"product_cat":[427,437],"product_tag":[],"class_list":{"0":"post-15117","1":"product","2":"type-product","3":"status-publish","4":"has-post-thumbnail","6":"product_cat-childrens","7":"product_cat-fiction","8":"pa_katki-saglayan-bennan-hammas-en","9":"pa_katki-saglayan-emel-ebu-gida-en","10":"pa_katki-saglayan-meryem-nuriye-yavuz-en","11":"pa_yas-gruplari-7-12-en","13":"first","14":"instock","15":"taxable","16":"shipping-taxable","17":"purchasable","18":"product-type-simple"},"acf":[],"_links":{"self":[{"href":"https:\/\/edam.com.tr\/en\/wp-json\/wp\/v2\/product\/15117","targetHints":{"allow":["GET"]}}],"collection":[{"href":"https:\/\/edam.com.tr\/en\/wp-json\/wp\/v2\/product"}],"about":[{"href":"https:\/\/edam.com.tr\/en\/wp-json\/wp\/v2\/types\/product"}],"replies":[{"embeddable":true,"href":"https:\/\/edam.com.tr\/en\/wp-json\/wp\/v2\/comments?post=15117"}],"wp:featuredmedia":[{"embeddable":true,"href":"https:\/\/edam.com.tr\/en\/wp-json\/wp\/v2\/media\/12175"}],"wp:attachment":[{"href":"https:\/\/edam.com.tr\/en\/wp-json\/wp\/v2\/media?parent=15117"}],"wp:term":[{"taxonomy":"product_brand","embeddable":true,"href":"https:\/\/edam.com.tr\/en\/wp-json\/wp\/v2\/product_brand?post=15117"},{"taxonomy":"product_cat","embeddable":true,"href":"https:\/\/edam.com.tr\/en\/wp-json\/wp\/v2\/product_cat?post=15117"},{"taxonomy":"product_tag","embeddable":true,"href":"https:\/\/edam.com.tr\/en\/wp-json\/wp\/v2\/product_tag?post=15117"}],"curies":[{"name":"wp","href":"https:\/\/api.w.org\/{rel}","templated":true}]}}