{"id":15116,"date":"2024-03-20T17:58:32","date_gmt":"2024-03-20T14:58:32","guid":{"rendered":"https:\/\/edam.com.tr\/urun\/bir-somun-ekmek\/"},"modified":"2026-01-02T00:16:53","modified_gmt":"2026-01-01T21:16:53","slug":"bir-somun-ekmek","status":"publish","type":"product","link":"https:\/\/edam.com.tr\/en\/product\/bir-somun-ekmek\/","title":{"rendered":"Bir Somun Ekmek"},"content":{"rendered":"<p>Koyun saymadan uyuyamayanlar\u0131n \u015fehrinde s\u0131radan bir sabaht\u0131. &#8220;Nefis g\u00f6r\u00fcn\u00fcyor!\u201d dedi ya\u015fl\u0131 adam i\u00e7inden. F\u0131r\u0131n\u0131n \u00f6n\u00fcnde sergilenen ekmekleri seyrediyordu. Mis gibi kokuyorlard\u0131. Karn\u0131 guruldad\u0131. G\u00fcnlerdir a\u00e7t\u0131. Midesindeki a\u011fr\u0131y\u0131 dindirebilmek i\u00e7in karn\u0131na bast\u0131rd\u0131. Tek kuru\u015fu yoktu. Ekmekler sadece paras\u0131 olanlar i\u00e7in mi sergilenirdi?<\/p>\n","protected":false},"excerpt":{"rendered":"<p>Koyun saymadan uyuyamayanlar\u0131n \u015fehrinde s\u0131radan bir sabaht\u0131. &#8220;Nefis g\u00f6r\u00fcn\u00fcyor!\u201d dedi&hellip;<\/p>\n<p> <a class=\"more-link\" href=\"https:\/\/edam.com.tr\/en\/product\/bir-somun-ekmek\/\">Read more<\/a><\/p>\n","protected":false},"featured_media":12183,"comment_status":"open","ping_status":"closed","template":"","meta":{"_acf_changed":false},"product_brand":[],"product_cat":[427,437],"product_tag":[],"class_list":{"0":"post-15116","1":"product","2":"type-product","3":"status-publish","4":"has-post-thumbnail","6":"product_cat-childrens","7":"product_cat-fiction","8":"pa_katki-saglayan-bennan-hammas-en","9":"pa_katki-saglayan-meryem-nuriye-yavuz-en","10":"pa_katki-saglayan-subhi-suleyman-en","11":"pa_yas-gruplari-7-12-en","13":"first","14":"instock","15":"taxable","16":"shipping-taxable","17":"purchasable","18":"product-type-simple"},"acf":[],"_links":{"self":[{"href":"https:\/\/edam.com.tr\/en\/wp-json\/wp\/v2\/product\/15116","targetHints":{"allow":["GET"]}}],"collection":[{"href":"https:\/\/edam.com.tr\/en\/wp-json\/wp\/v2\/product"}],"about":[{"href":"https:\/\/edam.com.tr\/en\/wp-json\/wp\/v2\/types\/product"}],"replies":[{"embeddable":true,"href":"https:\/\/edam.com.tr\/en\/wp-json\/wp\/v2\/comments?post=15116"}],"wp:featuredmedia":[{"embeddable":true,"href":"https:\/\/edam.com.tr\/en\/wp-json\/wp\/v2\/media\/12183"}],"wp:attachment":[{"href":"https:\/\/edam.com.tr\/en\/wp-json\/wp\/v2\/media?parent=15116"}],"wp:term":[{"taxonomy":"product_brand","embeddable":true,"href":"https:\/\/edam.com.tr\/en\/wp-json\/wp\/v2\/product_brand?post=15116"},{"taxonomy":"product_cat","embeddable":true,"href":"https:\/\/edam.com.tr\/en\/wp-json\/wp\/v2\/product_cat?post=15116"},{"taxonomy":"product_tag","embeddable":true,"href":"https:\/\/edam.com.tr\/en\/wp-json\/wp\/v2\/product_tag?post=15116"}],"curies":[{"name":"wp","href":"https:\/\/api.w.org\/{rel}","templated":true}]}}