{"id":15115,"date":"2024-03-20T17:58:32","date_gmt":"2024-03-20T14:58:32","guid":{"rendered":"https:\/\/edam.com.tr\/urun\/mervanin-yolculugu\/"},"modified":"2026-01-02T00:16:53","modified_gmt":"2026-01-01T21:16:53","slug":"mervanin-yolculugu","status":"publish","type":"product","link":"https:\/\/edam.com.tr\/en\/product\/mervanin-yolculugu\/","title":{"rendered":"Mervan\u2019\u0131n Yolculu\u011fu"},"content":{"rendered":"<p>Vatan\u0131ndan uzaklarda bir \u00e7ocu\u011fun hat\u0131ralar\u0131 ile dolu bir cesaret \u00f6yk\u00fcs\u00fc\u2026<\/p>\n<p>Mervan, sava\u015ftan ve a\u00e7l\u0131ktan ka\u00e7an milyonlarca insanla beraber denizleri ve \u00e7\u00f6lleri a\u015f\u0131yor, ya\u015fayacak bir yer ar\u0131yor. Bir ad\u0131m ve bir ad\u0131m daha\u2026 Bir s\u0131n\u0131r\u2026 Bir anne sesi\u2026 \u0130\u015fte Mervan\u2019\u0131n yolculu\u011fu!<\/p>\n<p>Okurken biz de onun ad\u0131mlar\u0131n\u0131 takip ediyoruz. Birlikte, el ele, \u00f6zg\u00fcrl\u00fc\u011fe do\u011fru y\u00fcr\u00fcyoruz.<\/p>\n","protected":false},"excerpt":{"rendered":"<p>Vatan\u0131ndan uzaklarda bir \u00e7ocu\u011fun hat\u0131ralar\u0131 ile dolu bir cesaret \u00f6yk\u00fcs\u00fc\u2026&hellip;<\/p>\n<p> <a class=\"more-link\" href=\"https:\/\/edam.com.tr\/en\/product\/mervanin-yolculugu\/\">Read more<\/a><\/p>\n","protected":false},"featured_media":12195,"comment_status":"open","ping_status":"closed","template":"","meta":{"_acf_changed":false},"product_brand":[],"product_cat":[427,437],"product_tag":[],"class_list":{"0":"post-15115","1":"product","2":"type-product","3":"status-publish","4":"has-post-thumbnail","6":"product_cat-childrens","7":"product_cat-fiction","8":"pa_katki-saglayan-laura-borras-en","9":"pa_katki-saglayan-m-fatih-edis-en","10":"pa_katki-saglayan-patricia-de-arias-en","11":"pa_yas-gruplari-8-12-en","13":"first","14":"outofstock","15":"taxable","16":"shipping-taxable","17":"purchasable","18":"product-type-simple"},"acf":[],"_links":{"self":[{"href":"https:\/\/edam.com.tr\/en\/wp-json\/wp\/v2\/product\/15115","targetHints":{"allow":["GET"]}}],"collection":[{"href":"https:\/\/edam.com.tr\/en\/wp-json\/wp\/v2\/product"}],"about":[{"href":"https:\/\/edam.com.tr\/en\/wp-json\/wp\/v2\/types\/product"}],"replies":[{"embeddable":true,"href":"https:\/\/edam.com.tr\/en\/wp-json\/wp\/v2\/comments?post=15115"}],"wp:featuredmedia":[{"embeddable":true,"href":"https:\/\/edam.com.tr\/en\/wp-json\/wp\/v2\/media\/12195"}],"wp:attachment":[{"href":"https:\/\/edam.com.tr\/en\/wp-json\/wp\/v2\/media?parent=15115"}],"wp:term":[{"taxonomy":"product_brand","embeddable":true,"href":"https:\/\/edam.com.tr\/en\/wp-json\/wp\/v2\/product_brand?post=15115"},{"taxonomy":"product_cat","embeddable":true,"href":"https:\/\/edam.com.tr\/en\/wp-json\/wp\/v2\/product_cat?post=15115"},{"taxonomy":"product_tag","embeddable":true,"href":"https:\/\/edam.com.tr\/en\/wp-json\/wp\/v2\/product_tag?post=15115"}],"curies":[{"name":"wp","href":"https:\/\/api.w.org\/{rel}","templated":true}]}}