{"id":15106,"date":"2024-03-20T17:59:02","date_gmt":"2024-03-20T14:59:02","guid":{"rendered":"https:\/\/edam.com.tr\/urun\/batuta-ve-seyit-onbasi\/"},"modified":"2026-01-02T00:16:53","modified_gmt":"2026-01-01T21:16:53","slug":"batuta-ve-seyit-onbasi","status":"publish","type":"product","link":"https:\/\/edam.com.tr\/en\/product\/batuta-ve-seyit-onbasi\/","title":{"rendered":"Batuta ve Seyit Onba\u015f\u0131"},"content":{"rendered":"<p>Bu\u0308yu\u0308k bu\u0308yu\u0308k bu\u0308yu\u0308k dedesi \u0130bn Batuta gibi bir gezgin olan kahraman\u0131m\u0131z Batuta, yolculuk i\u00e7in s\u0131ra d\u0131\u015f\u0131 bir ara\u00e7 kullanmaktad\u0131r. U\u00e7an bir kaykay! Kaykay\u0131n\u0131n zamanda da yolculuk yapabildi\u011fini ise henu\u0308z kendisi de bilmezken bir gu\u0308n aniden bir sava\u015f\u0131n ortas\u0131na du\u0308\u015fer.<\/p>\n<p>Neler oluyor? Neredeyiz? Hangi zamanday\u0131z?<\/p>\n<p>\u00c7anakkale Sava\u015f\u0131 ile ilgili fantastik bir hik\u00e2ye&#8230;<\/p>\n<p>Bu kitab\u0131n, <a href=\"https:\/\/edam.com.tr\/urun-yayin\/batuta-and-corporal-sayit-honesty\/\">Batuta and Corporal Sayit<\/a> adl\u0131 \u0130ngilizce bask\u0131s\u0131 da mevcuttur.<\/p>\n","protected":false},"excerpt":{"rendered":"<p>Bu\u0308yu\u0308k bu\u0308yu\u0308k bu\u0308yu\u0308k dedesi \u0130bn Batuta gibi bir gezgin olan&hellip;<\/p>\n<p> <a class=\"more-link\" href=\"https:\/\/edam.com.tr\/en\/product\/batuta-ve-seyit-onbasi\/\">Read more<\/a><\/p>\n","protected":false},"featured_media":12203,"comment_status":"open","ping_status":"closed","template":"","meta":{"_acf_changed":false},"product_brand":[],"product_cat":[470],"product_tag":[764],"class_list":{"0":"post-15106","1":"product","2":"type-product","3":"status-publish","4":"has-post-thumbnail","6":"product_cat-comics","7":"product_tag-canakkale-en","8":"pa_katki-saglayan-turan-dertli-en","9":"pa_yas-gruplari-9-12-en","11":"first","12":"instock","13":"taxable","14":"shipping-taxable","15":"purchasable","16":"product-type-simple"},"acf":[],"_links":{"self":[{"href":"https:\/\/edam.com.tr\/en\/wp-json\/wp\/v2\/product\/15106","targetHints":{"allow":["GET"]}}],"collection":[{"href":"https:\/\/edam.com.tr\/en\/wp-json\/wp\/v2\/product"}],"about":[{"href":"https:\/\/edam.com.tr\/en\/wp-json\/wp\/v2\/types\/product"}],"replies":[{"embeddable":true,"href":"https:\/\/edam.com.tr\/en\/wp-json\/wp\/v2\/comments?post=15106"}],"wp:featuredmedia":[{"embeddable":true,"href":"https:\/\/edam.com.tr\/en\/wp-json\/wp\/v2\/media\/12203"}],"wp:attachment":[{"href":"https:\/\/edam.com.tr\/en\/wp-json\/wp\/v2\/media?parent=15106"}],"wp:term":[{"taxonomy":"product_brand","embeddable":true,"href":"https:\/\/edam.com.tr\/en\/wp-json\/wp\/v2\/product_brand?post=15106"},{"taxonomy":"product_cat","embeddable":true,"href":"https:\/\/edam.com.tr\/en\/wp-json\/wp\/v2\/product_cat?post=15106"},{"taxonomy":"product_tag","embeddable":true,"href":"https:\/\/edam.com.tr\/en\/wp-json\/wp\/v2\/product_tag?post=15106"}],"curies":[{"name":"wp","href":"https:\/\/api.w.org\/{rel}","templated":true}]}}