{"id":15105,"date":"2024-03-20T17:59:02","date_gmt":"2024-03-20T14:59:02","guid":{"rendered":"https:\/\/edam.com.tr\/urun\/gizemli-konuk-ve-orman-sakinleri\/"},"modified":"2026-01-02T00:16:53","modified_gmt":"2026-01-01T21:16:53","slug":"gizemli-konuk-ve-orman-sakinleri","status":"publish","type":"product","link":"https:\/\/edam.com.tr\/en\/product\/gizemli-konuk-ve-orman-sakinleri\/","title":{"rendered":"Gizemli Konuk ve Orman Sakinleri"},"content":{"rendered":"<p>K\u00fc\u00e7\u00fck robot y\u0131llar boyunca uyumu\u015ftu. Derken birileri onu uyand\u0131rd\u0131. Kendisini hi\u00e7 bilmedi\u011fi bir zamanda ve hi\u00e7 tan\u0131mad\u0131\u011f\u0131 bir yerde buldu.<\/p>\n<p>Orman\u0131n ortas\u0131nda, harikulade bir yerdeydi ve korkun\u00e7 bir tehlike orman\u0131 tehdit ediyordu. Ormandaki hayvanlar\u0131n elinden hi\u00e7bir \u015fey gelmiyordu. K\u00fc\u00e7\u00fck robotun sahip oldu\u011fu yetenekler, orman\u0131 kurtarmak i\u00e7in i\u015fe yarayabilirdi. Hayvanlar, k\u00fc\u00e7\u00fck robota muhta\u00e7lard\u0131 ama ondan korkuyorlard\u0131 da.<\/p>\n<p>Sence herkesin birbirine benzedi\u011fi bir yerde herkesten farkl\u0131 ve yabanc\u0131 olmak nas\u0131l bir \u015fey? Tasalanma. Nazik birileri taraf\u0131ndan ku\u015fat\u0131l\u0131p yeni arkada\u015flar edinme ihtimalin var.<br \/>\nYeni bir ba\u015flang\u0131\u00e7 \u015fans\u0131 yakalayabilir ve hatta yeni bir aile bile bulabilirsin.<\/p>\n","protected":false},"excerpt":{"rendered":"<p>K\u00fc\u00e7\u00fck robot y\u0131llar boyunca uyumu\u015ftu. Derken birileri onu uyand\u0131rd\u0131. Kendisini&hellip;<\/p>\n<p> <a class=\"more-link\" href=\"https:\/\/edam.com.tr\/en\/product\/gizemli-konuk-ve-orman-sakinleri\/\">Read more<\/a><\/p>\n","protected":false},"featured_media":12217,"comment_status":"open","ping_status":"closed","template":"","meta":{"_acf_changed":false},"product_brand":[],"product_cat":[427,437],"product_tag":[],"class_list":{"0":"post-15105","1":"product","2":"type-product","3":"status-publish","4":"has-post-thumbnail","6":"product_cat-childrens","7":"product_cat-fiction","8":"pa_katki-saglayan-daniel-howarth-en","9":"pa_katki-saglayan-hatice-isilak-durmus-en","10":"pa_katki-saglayan-heidi-howarth-en","11":"pa_katki-saglayan-meryem-nuriye-yavuz-en","12":"pa_yas-gruplari-4-8-en","14":"first","15":"instock","16":"taxable","17":"shipping-taxable","18":"purchasable","19":"product-type-simple"},"acf":[],"_links":{"self":[{"href":"https:\/\/edam.com.tr\/en\/wp-json\/wp\/v2\/product\/15105","targetHints":{"allow":["GET"]}}],"collection":[{"href":"https:\/\/edam.com.tr\/en\/wp-json\/wp\/v2\/product"}],"about":[{"href":"https:\/\/edam.com.tr\/en\/wp-json\/wp\/v2\/types\/product"}],"replies":[{"embeddable":true,"href":"https:\/\/edam.com.tr\/en\/wp-json\/wp\/v2\/comments?post=15105"}],"wp:featuredmedia":[{"embeddable":true,"href":"https:\/\/edam.com.tr\/en\/wp-json\/wp\/v2\/media\/12217"}],"wp:attachment":[{"href":"https:\/\/edam.com.tr\/en\/wp-json\/wp\/v2\/media?parent=15105"}],"wp:term":[{"taxonomy":"product_brand","embeddable":true,"href":"https:\/\/edam.com.tr\/en\/wp-json\/wp\/v2\/product_brand?post=15105"},{"taxonomy":"product_cat","embeddable":true,"href":"https:\/\/edam.com.tr\/en\/wp-json\/wp\/v2\/product_cat?post=15105"},{"taxonomy":"product_tag","embeddable":true,"href":"https:\/\/edam.com.tr\/en\/wp-json\/wp\/v2\/product_tag?post=15105"}],"curies":[{"name":"wp","href":"https:\/\/api.w.org\/{rel}","templated":true}]}}