{"id":15104,"date":"2024-03-20T17:59:03","date_gmt":"2024-03-20T14:59:03","guid":{"rendered":"https:\/\/edam.com.tr\/urun\/tuhaf-yaratik\/"},"modified":"2026-01-02T00:16:53","modified_gmt":"2026-01-01T21:16:53","slug":"tuhaf-yaratik","status":"publish","type":"product","link":"https:\/\/edam.com.tr\/en\/product\/tuhaf-yaratik\/","title":{"rendered":"Tuhaf Yarat\u0131k"},"content":{"rendered":"<p>\u201dBir g\u00fcn, d\u00fcnyaya bir uzay gemisi yakla\u015ft\u0131. Nihayet bizim okulun bah\u00e7esine ini\u015f yapt\u0131. Gemiden esrarengiz bir yarat\u0131k \u00e7\u0131kt\u0131. \u0130nsana benzemiyordu. K\u0131sac\u0131kt\u0131 ve t\u00fcylerle kapl\u0131yd\u0131.&#8221;<\/p>\n<p>Sonras\u0131 kitapta&#8230;<\/p>\n","protected":false},"excerpt":{"rendered":"<p>\u201dBir g\u00fcn, d\u00fcnyaya bir uzay gemisi yakla\u015ft\u0131. Nihayet bizim okulun&hellip;<\/p>\n<p> <a class=\"more-link\" href=\"https:\/\/edam.com.tr\/en\/product\/tuhaf-yaratik\/\">Read more<\/a><\/p>\n","protected":false},"featured_media":12223,"comment_status":"open","ping_status":"closed","template":"","meta":{"_acf_changed":false},"product_brand":[],"product_cat":[427,437],"product_tag":[],"class_list":{"0":"post-15104","1":"product","2":"type-product","3":"status-publish","4":"has-post-thumbnail","6":"product_cat-childrens","7":"product_cat-fiction","8":"pa_katki-saglayan-meryem-nuriye-yavuz-en","9":"pa_katki-saglayan-sena-sebbani-en","10":"pa_katki-saglayan-zarife-haydar-en","11":"pa_katki-saglayan-zeynep-alp-en","12":"pa_yas-gruplari-5-9-en","14":"first","15":"instock","16":"taxable","17":"shipping-taxable","18":"purchasable","19":"product-type-simple"},"acf":[],"_links":{"self":[{"href":"https:\/\/edam.com.tr\/en\/wp-json\/wp\/v2\/product\/15104","targetHints":{"allow":["GET"]}}],"collection":[{"href":"https:\/\/edam.com.tr\/en\/wp-json\/wp\/v2\/product"}],"about":[{"href":"https:\/\/edam.com.tr\/en\/wp-json\/wp\/v2\/types\/product"}],"replies":[{"embeddable":true,"href":"https:\/\/edam.com.tr\/en\/wp-json\/wp\/v2\/comments?post=15104"}],"wp:featuredmedia":[{"embeddable":true,"href":"https:\/\/edam.com.tr\/en\/wp-json\/wp\/v2\/media\/12223"}],"wp:attachment":[{"href":"https:\/\/edam.com.tr\/en\/wp-json\/wp\/v2\/media?parent=15104"}],"wp:term":[{"taxonomy":"product_brand","embeddable":true,"href":"https:\/\/edam.com.tr\/en\/wp-json\/wp\/v2\/product_brand?post=15104"},{"taxonomy":"product_cat","embeddable":true,"href":"https:\/\/edam.com.tr\/en\/wp-json\/wp\/v2\/product_cat?post=15104"},{"taxonomy":"product_tag","embeddable":true,"href":"https:\/\/edam.com.tr\/en\/wp-json\/wp\/v2\/product_tag?post=15104"}],"curies":[{"name":"wp","href":"https:\/\/api.w.org\/{rel}","templated":true}]}}