{"id":15103,"date":"2024-03-20T17:59:34","date_gmt":"2024-03-20T14:59:34","guid":{"rendered":"https:\/\/edam.com.tr\/urun\/ucan-mermi\/"},"modified":"2026-01-02T00:16:53","modified_gmt":"2026-01-01T21:16:53","slug":"ucan-mermi","status":"publish","type":"product","link":"https:\/\/edam.com.tr\/en\/product\/ucan-mermi\/","title":{"rendered":"U\u00e7an Mermi"},"content":{"rendered":"<p>K\u00fc\u00e7\u00fcc\u00fck bir mermi, g\u00f6ky\u00fcz\u00fcnde u\u00e7ma hayali kuruyordu. Bam!<br \/>\n\u0130\u015fte u\u00e7maya ba\u015flad\u0131! G\u00f6\u011fe y\u00fckselmek muhte\u015fem bir \u015fey ama bir kere u\u00e7maya ba\u015flayan \u00f6yle kolay kolay duram\u0131yor.<br \/>\nDur! Dur!<br \/>\nDuram\u0131yor.<br \/>\nBir merminin yolculu\u011fu bizi deh\u015fet ve sava\u015f, insan ve hayat \u00fczerine d\u00fc\u015f\u00fcnmeye davet ediyor.<\/p>\n","protected":false},"excerpt":{"rendered":"<p>K\u00fc\u00e7\u00fcc\u00fck bir mermi, g\u00f6ky\u00fcz\u00fcnde u\u00e7ma hayali kuruyordu. Bam! \u0130\u015fte u\u00e7maya&hellip;<\/p>\n<p> <a class=\"more-link\" href=\"https:\/\/edam.com.tr\/en\/product\/ucan-mermi\/\">Read more<\/a><\/p>\n","protected":false},"featured_media":12231,"comment_status":"open","ping_status":"closed","template":"","meta":{"_acf_changed":false},"product_brand":[],"product_cat":[427,437],"product_tag":[],"class_list":{"0":"post-15103","1":"product","2":"type-product","3":"status-publish","4":"has-post-thumbnail","6":"product_cat-childrens","7":"product_cat-fiction","8":"pa_katki-saglayan-bai-bing-en","9":"pa_katki-saglayan-hatice-isilak-durmus-en","10":"pa_katki-saglayan-liu-zhenjun-en","11":"pa_katki-saglayan-muhammet-sevra-durmus-en","12":"pa_yas-gruplari-9-14-en","13":"pa_yas-gruplari-general-audience","15":"first","16":"instock","17":"taxable","18":"shipping-taxable","19":"purchasable","20":"product-type-simple"},"acf":[],"_links":{"self":[{"href":"https:\/\/edam.com.tr\/en\/wp-json\/wp\/v2\/product\/15103","targetHints":{"allow":["GET"]}}],"collection":[{"href":"https:\/\/edam.com.tr\/en\/wp-json\/wp\/v2\/product"}],"about":[{"href":"https:\/\/edam.com.tr\/en\/wp-json\/wp\/v2\/types\/product"}],"replies":[{"embeddable":true,"href":"https:\/\/edam.com.tr\/en\/wp-json\/wp\/v2\/comments?post=15103"}],"wp:featuredmedia":[{"embeddable":true,"href":"https:\/\/edam.com.tr\/en\/wp-json\/wp\/v2\/media\/12231"}],"wp:attachment":[{"href":"https:\/\/edam.com.tr\/en\/wp-json\/wp\/v2\/media?parent=15103"}],"wp:term":[{"taxonomy":"product_brand","embeddable":true,"href":"https:\/\/edam.com.tr\/en\/wp-json\/wp\/v2\/product_brand?post=15103"},{"taxonomy":"product_cat","embeddable":true,"href":"https:\/\/edam.com.tr\/en\/wp-json\/wp\/v2\/product_cat?post=15103"},{"taxonomy":"product_tag","embeddable":true,"href":"https:\/\/edam.com.tr\/en\/wp-json\/wp\/v2\/product_tag?post=15103"}],"curies":[{"name":"wp","href":"https:\/\/api.w.org\/{rel}","templated":true}]}}