{"id":15102,"date":"2024-03-20T17:59:34","date_gmt":"2024-03-20T14:59:34","guid":{"rendered":"https:\/\/edam.com.tr\/urun\/yumurta-adinda-bir-ejderha\/"},"modified":"2026-01-02T00:16:53","modified_gmt":"2026-01-01T21:16:53","slug":"yumurta-adinda-bir-ejderha","status":"publish","type":"product","link":"https:\/\/edam.com.tr\/en\/product\/yumurta-adinda-bir-ejderha\/","title":{"rendered":"Yumurta Ad\u0131nda Bir Ejderha"},"content":{"rendered":"<p>Farkl\u0131 olmak zordur. Yumurta i\u00e7inse \u00e7ekilmezdi. \u00c7atlak bir yumurtadan do\u011fan ilk ejderha olmas\u0131 onu garip biri yapm\u0131\u015ft\u0131.<\/p>\n<p>Sen olsayd\u0131n ne d\u00fc\u015f\u00fcn\u00fcrd\u00fcn? Yani efsanevi g\u00fc\u00e7lere sahip ejderha ailesinin herkesten farkl\u0131 bir ferdi olsan kendini nas\u0131l hissederdin?<\/p>\n<p>Yumurta, ya\u015f\u0131tlar\u0131na g\u00f6re \u00e7ok minikti ve u\u00e7may\u0131 bile beceremiyordu. G\u00fcl\u00fcn\u00e7 isminden nefret ediyordu. \u0130smi ona her g\u00fcn acayip biri oldu\u011funu hat\u0131rlat\u0131p duruyordu.<\/p>\n<p>Bazen k\u00fc\u00e7\u00fcc\u00fck varl\u0131klar, hayal edemeyece\u011fimiz b\u00fcy\u00fck de\u011fi\u015fiklikler ger\u00e7ekle\u015ftirebilir.<\/p>\n<p>Bazen hi\u00e7 beklemedi\u011fimiz \u015feyler bize \u015fa\u015fk\u0131nl\u0131ktan k\u00fc\u00e7\u00fck dilimizi yutturabilir.<\/p>\n","protected":false},"excerpt":{"rendered":"<p>Farkl\u0131 olmak zordur. Yumurta i\u00e7inse \u00e7ekilmezdi. \u00c7atlak bir yumurtadan do\u011fan&hellip;<\/p>\n<p> <a class=\"more-link\" href=\"https:\/\/edam.com.tr\/en\/product\/yumurta-adinda-bir-ejderha\/\">Read more<\/a><\/p>\n","protected":false},"featured_media":12239,"comment_status":"open","ping_status":"closed","template":"","meta":{"_acf_changed":false},"product_brand":[],"product_cat":[427,437],"product_tag":[],"class_list":{"0":"post-15102","1":"product","2":"type-product","3":"status-publish","4":"has-post-thumbnail","6":"product_cat-childrens","7":"product_cat-fiction","8":"pa_katki-saglayan-daniel-howarth-en","9":"pa_katki-saglayan-hatice-isilak-durmus-en","10":"pa_katki-saglayan-heidi-howarth-en","11":"pa_katki-saglayan-meryem-nuriye-yavuz-en","12":"pa_yas-gruplari-8-13-en","14":"first","15":"instock","16":"taxable","17":"shipping-taxable","18":"purchasable","19":"product-type-simple"},"acf":[],"_links":{"self":[{"href":"https:\/\/edam.com.tr\/en\/wp-json\/wp\/v2\/product\/15102","targetHints":{"allow":["GET"]}}],"collection":[{"href":"https:\/\/edam.com.tr\/en\/wp-json\/wp\/v2\/product"}],"about":[{"href":"https:\/\/edam.com.tr\/en\/wp-json\/wp\/v2\/types\/product"}],"replies":[{"embeddable":true,"href":"https:\/\/edam.com.tr\/en\/wp-json\/wp\/v2\/comments?post=15102"}],"wp:featuredmedia":[{"embeddable":true,"href":"https:\/\/edam.com.tr\/en\/wp-json\/wp\/v2\/media\/12239"}],"wp:attachment":[{"href":"https:\/\/edam.com.tr\/en\/wp-json\/wp\/v2\/media?parent=15102"}],"wp:term":[{"taxonomy":"product_brand","embeddable":true,"href":"https:\/\/edam.com.tr\/en\/wp-json\/wp\/v2\/product_brand?post=15102"},{"taxonomy":"product_cat","embeddable":true,"href":"https:\/\/edam.com.tr\/en\/wp-json\/wp\/v2\/product_cat?post=15102"},{"taxonomy":"product_tag","embeddable":true,"href":"https:\/\/edam.com.tr\/en\/wp-json\/wp\/v2\/product_tag?post=15102"}],"curies":[{"name":"wp","href":"https:\/\/api.w.org\/{rel}","templated":true}]}}