{"id":15096,"date":"2024-03-20T17:59:34","date_gmt":"2024-03-20T14:59:34","guid":{"rendered":"https:\/\/edam.com.tr\/urun\/malzeme-avcilarindan-dunya-yemekleri\/"},"modified":"2026-02-27T12:23:44","modified_gmt":"2026-02-27T09:23:44","slug":"malzeme-avcilarindan-dunya-yemekleri","status":"publish","type":"product","link":"https:\/\/edam.com.tr\/en\/product\/malzeme-avcilarindan-dunya-yemekleri\/","title":{"rendered":"Malzeme Avc\u0131lar\u0131ndan D\u00fcnya Yemekleri"},"content":{"rendered":"<p>Malzeme Avc\u0131lar\u0131, tasar\u0131mc\u0131lar Zoe Bather ve Joe Sharpe ile ill\u00fcstrat\u00f6r Chris Dickason taraf\u0131ndan hayal edildi. \u00dc\u00e7 yemek a\u015f\u0131\u011f\u0131ndan olu\u015fan bu ekip, yeme\u011fin, \u00e7ocuk d\u00fcnyas\u0131nda e\u011fitici bir g\u00fcc\u00fc oldu\u011funa inan\u0131yor. G\u00f6z\u00fc pek lezzet k\u00e2\u015fifleri Malzeme Avc\u0131lar\u0131, bilgi, hik\u00e2ye ve macera dolu bu d\u00fcnya turunda, \u00e7ocuklar\u0131n tadarken heyecan duymalar\u0131n\u0131 diliyorlar.<\/p>\n<div class=\"ratio ratio-16x9\"><\/div>\n","protected":false},"excerpt":{"rendered":"<p>Malzeme Avc\u0131lar\u0131, tasar\u0131mc\u0131lar Zoe Bather ve Joe Sharpe ile ill\u00fcstrat\u00f6r&hellip;<\/p>\n<p> <a class=\"more-link\" href=\"https:\/\/edam.com.tr\/en\/product\/malzeme-avcilarindan-dunya-yemekleri\/\">Read more<\/a><\/p>\n","protected":false},"featured_media":12264,"comment_status":"open","ping_status":"closed","template":"","meta":{"_acf_changed":false},"product_brand":[],"product_cat":[427,428],"product_tag":[762,763],"class_list":{"0":"post-15096","1":"product","2":"type-product","3":"status-publish","4":"has-post-thumbnail","6":"product_cat-childrens","7":"product_cat-reference","8":"product_tag-cocuk-kitabi-en","9":"product_tag-yemek-kitabi-en","10":"pa_katki-saglayan-chris-dickason-en","11":"pa_katki-saglayan-joe-sharpe-en","12":"pa_katki-saglayan-zeynep-alp-en","13":"pa_katki-saglayan-zoe-bather-en","14":"pa_yas-gruplari-9-14-en","15":"pa_yas-gruplari-general-audience","17":"first","18":"outofstock","19":"taxable","20":"shipping-taxable","21":"purchasable","22":"product-type-simple"},"acf":[],"_links":{"self":[{"href":"https:\/\/edam.com.tr\/en\/wp-json\/wp\/v2\/product\/15096","targetHints":{"allow":["GET"]}}],"collection":[{"href":"https:\/\/edam.com.tr\/en\/wp-json\/wp\/v2\/product"}],"about":[{"href":"https:\/\/edam.com.tr\/en\/wp-json\/wp\/v2\/types\/product"}],"replies":[{"embeddable":true,"href":"https:\/\/edam.com.tr\/en\/wp-json\/wp\/v2\/comments?post=15096"}],"wp:featuredmedia":[{"embeddable":true,"href":"https:\/\/edam.com.tr\/en\/wp-json\/wp\/v2\/media\/12264"}],"wp:attachment":[{"href":"https:\/\/edam.com.tr\/en\/wp-json\/wp\/v2\/media?parent=15096"}],"wp:term":[{"taxonomy":"product_brand","embeddable":true,"href":"https:\/\/edam.com.tr\/en\/wp-json\/wp\/v2\/product_brand?post=15096"},{"taxonomy":"product_cat","embeddable":true,"href":"https:\/\/edam.com.tr\/en\/wp-json\/wp\/v2\/product_cat?post=15096"},{"taxonomy":"product_tag","embeddable":true,"href":"https:\/\/edam.com.tr\/en\/wp-json\/wp\/v2\/product_tag?post=15096"}],"curies":[{"name":"wp","href":"https:\/\/api.w.org\/{rel}","templated":true}]}}