{"id":15095,"date":"2024-03-20T17:59:35","date_gmt":"2024-03-20T14:59:35","guid":{"rendered":"https:\/\/edam.com.tr\/urun\/harflerin-ve-notalarin-gizemli-hikayesi\/"},"modified":"2026-01-02T00:16:53","modified_gmt":"2026-01-01T21:16:53","slug":"harflerin-ve-notalarin-gizemli-hikayesi","status":"publish","type":"product","link":"https:\/\/edam.com.tr\/en\/product\/harflerin-ve-notalarin-gizemli-hikayesi\/","title":{"rendered":"Harflerin ve Notalar\u0131n Gizemli Hik\u00e2yesi"},"content":{"rendered":"<p>D\u00fcnyan\u0131n her yerinde birbirinden \u00e7ok farkl\u0131 sesler dola\u015f\u0131yor.<\/p>\n<p>Her bir sesin kendi \u015fehri, evi bark\u0131 var. Sesler beraber ya\u015famay\u0131 seviyor, bir araya gelip kelime ve c\u00fcmleleri olu\u015fturuyorlar. Bazen bir dilden ba\u015fka bir dile \u00e7evriliyorlar. Baz\u0131lar\u0131 da m\u00fczi\u011fe d\u00f6n\u00fc\u015f\u00fcyor.<\/p>\n<p>B\u00fct\u00fcn bunlarla ilgili ke\u015ffetmen gereken d\u00f6rt s\u0131r var. \u015eimdiden sana iyi e\u011flenceler!<\/p>\n","protected":false},"excerpt":{"rendered":"<p>D\u00fcnyan\u0131n her yerinde birbirinden \u00e7ok farkl\u0131 sesler dola\u015f\u0131yor. Her bir&hellip;<\/p>\n<p> <a class=\"more-link\" href=\"https:\/\/edam.com.tr\/en\/product\/harflerin-ve-notalarin-gizemli-hikayesi\/\">Read more<\/a><\/p>\n","protected":false},"featured_media":12266,"comment_status":"open","ping_status":"closed","template":"","meta":{"_acf_changed":false},"product_brand":[],"product_cat":[427,437],"product_tag":[],"class_list":{"0":"post-15095","1":"product","2":"type-product","3":"status-publish","4":"has-post-thumbnail","6":"product_cat-childrens","7":"product_cat-fiction","8":"pa_katki-saglayan-hatice-isilak-durmus-en","9":"pa_katki-saglayan-inga-dagile-en","10":"pa_katki-saglayan-linas-kontrimas-en","11":"pa_katki-saglayan-zeynep-alp-en","12":"pa_yas-gruplari-9-14-en","13":"pa_yas-gruplari-general-audience","15":"first","16":"instock","17":"taxable","18":"shipping-taxable","19":"purchasable","20":"product-type-simple"},"acf":[],"_links":{"self":[{"href":"https:\/\/edam.com.tr\/en\/wp-json\/wp\/v2\/product\/15095","targetHints":{"allow":["GET"]}}],"collection":[{"href":"https:\/\/edam.com.tr\/en\/wp-json\/wp\/v2\/product"}],"about":[{"href":"https:\/\/edam.com.tr\/en\/wp-json\/wp\/v2\/types\/product"}],"replies":[{"embeddable":true,"href":"https:\/\/edam.com.tr\/en\/wp-json\/wp\/v2\/comments?post=15095"}],"wp:featuredmedia":[{"embeddable":true,"href":"https:\/\/edam.com.tr\/en\/wp-json\/wp\/v2\/media\/12266"}],"wp:attachment":[{"href":"https:\/\/edam.com.tr\/en\/wp-json\/wp\/v2\/media?parent=15095"}],"wp:term":[{"taxonomy":"product_brand","embeddable":true,"href":"https:\/\/edam.com.tr\/en\/wp-json\/wp\/v2\/product_brand?post=15095"},{"taxonomy":"product_cat","embeddable":true,"href":"https:\/\/edam.com.tr\/en\/wp-json\/wp\/v2\/product_cat?post=15095"},{"taxonomy":"product_tag","embeddable":true,"href":"https:\/\/edam.com.tr\/en\/wp-json\/wp\/v2\/product_tag?post=15095"}],"curies":[{"name":"wp","href":"https:\/\/api.w.org\/{rel}","templated":true}]}}