{"id":15090,"date":"2024-03-20T17:59:36","date_gmt":"2024-03-20T14:59:36","guid":{"rendered":"https:\/\/edam.com.tr\/urun\/zorbul-zehranin-bulmacalari-esma-i-husna\/"},"modified":"2026-01-22T17:26:47","modified_gmt":"2026-01-22T14:26:47","slug":"zorbul-zehranin-bulmacalari-esma-i-husna","status":"publish","type":"product","link":"https:\/\/edam.com.tr\/en\/product\/zorbul-zehranin-bulmacalari-esma-i-husna\/","title":{"rendered":"Zorbul Zehra\u2019n\u0131n Bulmacalar\u0131: Esma-i H\u00fcsna"},"content":{"rendered":"<p>\u00dc\u00e7 kitaptan olu\u015fan bu serinin her bir kitab\u0131nda s\u0131ra ile namaz, esma-i h\u00fcsna ve ahlak konular\u0131 bulmacalar e\u015fli\u011finde ele al\u0131n\u0131yor. Bo\u015fluk doldurma, iki resim aras\u0131ndaki farklar\u0131 bulma, e\u015fle\u015ftirme, \u00e7engel bulmaca gibi herkesin ilgisini \u00e7ekecek bulmaca tekniklerinden yararlan\u0131l\u0131yor.<\/p>\n","protected":false},"excerpt":{"rendered":"<p>\u00dc\u00e7 kitaptan olu\u015fan bu serinin her bir kitab\u0131nda s\u0131ra ile&hellip;<\/p>\n<p> <a class=\"more-link\" href=\"https:\/\/edam.com.tr\/en\/product\/zorbul-zehranin-bulmacalari-esma-i-husna\/\">Read more<\/a><\/p>\n","protected":false},"featured_media":12312,"comment_status":"open","ping_status":"closed","template":"","meta":{"_acf_changed":false},"product_brand":[],"product_cat":[493,433],"product_tag":[736,752,743],"class_list":{"0":"post-15090","1":"product","2":"type-product","3":"status-publish","4":"has-post-thumbnail","6":"product_cat-activity-childrens-religious-books","7":"product_cat-childrens-religious-books","8":"product_tag-bulmaca-en","9":"product_tag-esma-i-husna-en","10":"product_tag-zorbul-zehra-en","11":"pa_katki-saglayan-alpaslan-durmus-en","12":"pa_katki-saglayan-bahadir-baris-en","13":"pa_katki-saglayan-can-soner-en","14":"pa_katki-saglayan-hatice-isilak-durmus-en","15":"pa_katki-saglayan-ilyas-aslan-en","16":"pa_katki-saglayan-melek-cakiroglu-en","17":"pa_katki-saglayan-muzeyyen-yilmaz-en","18":"pa_katki-saglayan-neriman-karatekin-en","19":"pa_katki-saglayan-nezire-demir-en","20":"pa_katki-saglayan-orhan-bal-en","21":"pa_katki-saglayan-safak-tavkul-en","22":"pa_katki-saglayan-turan-dertli-en","23":"pa_katki-saglayan-yahya-alakay-en","24":"pa_yas-gruplari-9-12-en","26":"first","27":"instock","28":"taxable","29":"shipping-taxable","30":"purchasable","31":"product-type-simple"},"acf":[],"_links":{"self":[{"href":"https:\/\/edam.com.tr\/en\/wp-json\/wp\/v2\/product\/15090","targetHints":{"allow":["GET"]}}],"collection":[{"href":"https:\/\/edam.com.tr\/en\/wp-json\/wp\/v2\/product"}],"about":[{"href":"https:\/\/edam.com.tr\/en\/wp-json\/wp\/v2\/types\/product"}],"replies":[{"embeddable":true,"href":"https:\/\/edam.com.tr\/en\/wp-json\/wp\/v2\/comments?post=15090"}],"wp:featuredmedia":[{"embeddable":true,"href":"https:\/\/edam.com.tr\/en\/wp-json\/wp\/v2\/media\/12312"}],"wp:attachment":[{"href":"https:\/\/edam.com.tr\/en\/wp-json\/wp\/v2\/media?parent=15090"}],"wp:term":[{"taxonomy":"product_brand","embeddable":true,"href":"https:\/\/edam.com.tr\/en\/wp-json\/wp\/v2\/product_brand?post=15090"},{"taxonomy":"product_cat","embeddable":true,"href":"https:\/\/edam.com.tr\/en\/wp-json\/wp\/v2\/product_cat?post=15090"},{"taxonomy":"product_tag","embeddable":true,"href":"https:\/\/edam.com.tr\/en\/wp-json\/wp\/v2\/product_tag?post=15090"}],"curies":[{"name":"wp","href":"https:\/\/api.w.org\/{rel}","templated":true}]}}