{"id":15086,"date":"2024-03-20T17:59:36","date_gmt":"2024-03-20T14:59:36","guid":{"rendered":"https:\/\/edam.com.tr\/urun\/icat-taci-cilgin-projeler-1\/"},"modified":"2026-01-02T00:16:52","modified_gmt":"2026-01-01T21:16:52","slug":"icat-taci-cilgin-projeler-1","status":"publish","type":"product","link":"https:\/\/edam.com.tr\/en\/product\/icat-taci-cilgin-projeler-1\/","title":{"rendered":"\u0130cat Taci \u00c7\u0131lg\u0131n Projeler &#8211; 1"},"content":{"rendered":"<p>Mucit kahraman \u0130cat Taci&#8217;nin projeleri&#8230;<\/p>\n","protected":false},"excerpt":{"rendered":"<p>Mucit kahraman \u0130cat Taci&#8217;nin projeleri&#8230;<\/p>\n","protected":false},"featured_media":12320,"comment_status":"open","ping_status":"closed","template":"","meta":{"_acf_changed":false},"product_brand":[],"product_cat":[433,447],"product_tag":[758,759],"class_list":{"0":"post-15086","1":"product","2":"type-product","3":"status-publish","4":"has-post-thumbnail","6":"product_cat-childrens-religious-books","7":"product_cat-fiction-childrens-religious-books","8":"product_tag-icat-en","9":"product_tag-proje-en","10":"pa_katki-saglayan-cagri-cebeci-en","11":"pa_katki-saglayan-hatice-isilak-durmus-en","12":"pa_yas-gruplari-7-12-en","14":"first","15":"instock","16":"taxable","17":"shipping-taxable","18":"purchasable","19":"product-type-simple"},"acf":[],"_links":{"self":[{"href":"https:\/\/edam.com.tr\/en\/wp-json\/wp\/v2\/product\/15086","targetHints":{"allow":["GET"]}}],"collection":[{"href":"https:\/\/edam.com.tr\/en\/wp-json\/wp\/v2\/product"}],"about":[{"href":"https:\/\/edam.com.tr\/en\/wp-json\/wp\/v2\/types\/product"}],"replies":[{"embeddable":true,"href":"https:\/\/edam.com.tr\/en\/wp-json\/wp\/v2\/comments?post=15086"}],"wp:featuredmedia":[{"embeddable":true,"href":"https:\/\/edam.com.tr\/en\/wp-json\/wp\/v2\/media\/12320"}],"wp:attachment":[{"href":"https:\/\/edam.com.tr\/en\/wp-json\/wp\/v2\/media?parent=15086"}],"wp:term":[{"taxonomy":"product_brand","embeddable":true,"href":"https:\/\/edam.com.tr\/en\/wp-json\/wp\/v2\/product_brand?post=15086"},{"taxonomy":"product_cat","embeddable":true,"href":"https:\/\/edam.com.tr\/en\/wp-json\/wp\/v2\/product_cat?post=15086"},{"taxonomy":"product_tag","embeddable":true,"href":"https:\/\/edam.com.tr\/en\/wp-json\/wp\/v2\/product_tag?post=15086"}],"curies":[{"name":"wp","href":"https:\/\/api.w.org\/{rel}","templated":true}]}}