{"id":15085,"date":"2024-03-20T17:59:37","date_gmt":"2024-03-20T14:59:37","guid":{"rendered":"https:\/\/edam.com.tr\/urun\/40-hadis-40-etkinlik\/"},"modified":"2026-01-02T00:16:52","modified_gmt":"2026-01-01T21:16:52","slug":"40-hadis-40-etkinlik","status":"publish","type":"product","link":"https:\/\/edam.com.tr\/en\/product\/40-hadis-40-etkinlik\/","title":{"rendered":"40 Hadis 40 Etkinlik"},"content":{"rendered":"<p>Bu kitapta, Peygamberimizin 40 hadis-i \u015ferifi, birbirinden farkl\u0131 40 e\u011flenceli etkinlikle bir araya getirildi. \u00c7ocuklar\u0131m\u0131za keyifli bir \u00f6\u011frenme s\u00fcreciyle 40 hadis \u00f6\u011fretmek i\u00e7in haz\u0131rlanan bu kitap ayn\u0131 zamanda e\u011fitimciler i\u00e7in de bir etkinlik repertuvar\u0131 niteli\u011finde. Zira kitapta ayn\u0131 etkinlik tipi ikinci kez tekrarlanm\u0131yor ve 40 ayr\u0131 etkinlik \u00e7e\u015fidi \u00f6rneklendiriliyor.<\/p>\n","protected":false},"excerpt":{"rendered":"<p>Bu kitapta, Peygamberimizin 40 hadis-i \u015ferifi, birbirinden farkl\u0131 40 e\u011flenceli&hellip;<\/p>\n<p> <a class=\"more-link\" href=\"https:\/\/edam.com.tr\/en\/product\/40-hadis-40-etkinlik\/\">Read more<\/a><\/p>\n","protected":false},"featured_media":12357,"comment_status":"open","ping_status":"closed","template":"","meta":{"_acf_changed":false},"product_brand":[],"product_cat":[493,433],"product_tag":[739,753,748],"class_list":{"0":"post-15085","1":"product","2":"type-product","3":"status-publish","4":"has-post-thumbnail","6":"product_cat-activity-childrens-religious-books","7":"product_cat-childrens-religious-books","8":"product_tag-etkinlik-en","9":"product_tag-hadis-en","10":"product_tag-hz-muhammed-en","11":"pa_katki-saglayan-alpaslan-durmus-en","12":"pa_katki-saglayan-derya-isik-ozbay-en","13":"pa_katki-saglayan-hatice-isilak-durmus-en","14":"pa_katki-saglayan-ilyas-aslan-en","15":"pa_katki-saglayan-mahmut-acar-en","16":"pa_katki-saglayan-muzeyyen-yilmaz-en","17":"pa_katki-saglayan-neriman-karatekin-en","18":"pa_katki-saglayan-nezire-demir-en","19":"pa_katki-saglayan-omer-merken-en","20":"pa_katki-saglayan-safak-tavkul-en","21":"pa_katki-saglayan-turan-dertli-en","22":"pa_yas-gruplari-9-12-en","24":"first","25":"instock","26":"taxable","27":"shipping-taxable","28":"purchasable","29":"product-type-simple"},"acf":[],"_links":{"self":[{"href":"https:\/\/edam.com.tr\/en\/wp-json\/wp\/v2\/product\/15085","targetHints":{"allow":["GET"]}}],"collection":[{"href":"https:\/\/edam.com.tr\/en\/wp-json\/wp\/v2\/product"}],"about":[{"href":"https:\/\/edam.com.tr\/en\/wp-json\/wp\/v2\/types\/product"}],"replies":[{"embeddable":true,"href":"https:\/\/edam.com.tr\/en\/wp-json\/wp\/v2\/comments?post=15085"}],"wp:featuredmedia":[{"embeddable":true,"href":"https:\/\/edam.com.tr\/en\/wp-json\/wp\/v2\/media\/12357"}],"wp:attachment":[{"href":"https:\/\/edam.com.tr\/en\/wp-json\/wp\/v2\/media?parent=15085"}],"wp:term":[{"taxonomy":"product_brand","embeddable":true,"href":"https:\/\/edam.com.tr\/en\/wp-json\/wp\/v2\/product_brand?post=15085"},{"taxonomy":"product_cat","embeddable":true,"href":"https:\/\/edam.com.tr\/en\/wp-json\/wp\/v2\/product_cat?post=15085"},{"taxonomy":"product_tag","embeddable":true,"href":"https:\/\/edam.com.tr\/en\/wp-json\/wp\/v2\/product_tag?post=15085"}],"curies":[{"name":"wp","href":"https:\/\/api.w.org\/{rel}","templated":true}]}}