{"id":15084,"date":"2024-03-20T18:00:13","date_gmt":"2024-03-20T15:00:13","guid":{"rendered":"https:\/\/edam.com.tr\/urun\/son-muhur-peygamberimizin-hayati\/"},"modified":"2026-01-02T00:16:52","modified_gmt":"2026-01-01T21:16:52","slug":"son-muhur-peygamberimizin-hayati","status":"publish","type":"product","link":"https:\/\/edam.com.tr\/en\/product\/son-muhur-peygamberimizin-hayati\/","title":{"rendered":"Son M\u00fch\u00fcr &#8211; Peygamberimizin Hayat\u0131"},"content":{"rendered":"<p>Son M\u00fch\u00fcr, \u00e2lemlere rahmet olarak g\u00f6nderilen Sevgili Peygamberimiz Hz. Muhammed\u2019in (s.a.s) hayat\u0131n\u0131 anlat\u0131yor.<\/p>\n<p>Peygamberimizin hayat\u0131yla ilgili en do\u011fru bilgiler yediden yetmi\u015fe herkesin anlayabilece\u011fi bir dille ve suluboya resimler e\u015fli\u011finde sunuluyor.<\/p>\n","protected":false},"excerpt":{"rendered":"<p>Son M\u00fch\u00fcr, \u00e2lemlere rahmet olarak g\u00f6nderilen Sevgili Peygamberimiz Hz. Muhammed\u2019in&hellip;<\/p>\n<p> <a class=\"more-link\" href=\"https:\/\/edam.com.tr\/en\/product\/son-muhur-peygamberimizin-hayati\/\">Read more<\/a><\/p>\n","protected":false},"featured_media":12397,"comment_status":"open","ping_status":"closed","template":"","meta":{"_acf_changed":false},"product_brand":[],"product_cat":[433,434],"product_tag":[748,749,750],"class_list":{"0":"post-15084","1":"product","2":"type-product","3":"status-publish","4":"has-post-thumbnail","6":"product_cat-childrens-religious-books","7":"product_cat-reference-childrens-religious-books","8":"product_tag-hz-muhammed-en","9":"product_tag-peygamber-en","10":"product_tag-siyer-en","11":"pa_katki-saglayan-dalal-al-alami-en","12":"pa_katki-saglayan-merve-akkus-en","13":"pa_katki-saglayan-mohammad-frodi-en","14":"pa_katki-saglayan-reza-hemmatirad-en","15":"pa_katki-saglayan-turan-dertli-en","16":"pa_yas-gruplari-9-12-en","18":"first","19":"instock","20":"taxable","21":"shipping-taxable","22":"purchasable","23":"product-type-simple"},"acf":[],"_links":{"self":[{"href":"https:\/\/edam.com.tr\/en\/wp-json\/wp\/v2\/product\/15084","targetHints":{"allow":["GET"]}}],"collection":[{"href":"https:\/\/edam.com.tr\/en\/wp-json\/wp\/v2\/product"}],"about":[{"href":"https:\/\/edam.com.tr\/en\/wp-json\/wp\/v2\/types\/product"}],"replies":[{"embeddable":true,"href":"https:\/\/edam.com.tr\/en\/wp-json\/wp\/v2\/comments?post=15084"}],"wp:featuredmedia":[{"embeddable":true,"href":"https:\/\/edam.com.tr\/en\/wp-json\/wp\/v2\/media\/12397"}],"wp:attachment":[{"href":"https:\/\/edam.com.tr\/en\/wp-json\/wp\/v2\/media?parent=15084"}],"wp:term":[{"taxonomy":"product_brand","embeddable":true,"href":"https:\/\/edam.com.tr\/en\/wp-json\/wp\/v2\/product_brand?post=15084"},{"taxonomy":"product_cat","embeddable":true,"href":"https:\/\/edam.com.tr\/en\/wp-json\/wp\/v2\/product_cat?post=15084"},{"taxonomy":"product_tag","embeddable":true,"href":"https:\/\/edam.com.tr\/en\/wp-json\/wp\/v2\/product_tag?post=15084"}],"curies":[{"name":"wp","href":"https:\/\/api.w.org\/{rel}","templated":true}]}}