{"id":15080,"date":"2024-03-20T18:00:13","date_gmt":"2024-03-20T15:00:13","guid":{"rendered":"https:\/\/edam.com.tr\/urun\/kayip-vadi-yardimseverlik\/"},"modified":"2026-01-02T00:16:52","modified_gmt":"2026-01-01T21:16:52","slug":"kayip-vadi-yardimseverlik","status":"publish","type":"product","link":"https:\/\/edam.com.tr\/en\/product\/kayip-vadi-yardimseverlik\/","title":{"rendered":"Kay\u0131p Vadi &#8211; Yard\u0131mseverlik"},"content":{"rendered":"<p>T\u00fcrk mill\u00ee basketbol tak\u0131m\u0131n\u0131n birka\u00e7 \u00fcyesi, d\u00fcnya \u015fampiyonas\u0131na gitmek \u00fczere k\u00fc\u00e7\u00fck bir u\u00e7akla yolculuk etmektedirler. Birden kendilerini korkun\u00e7 bir f\u0131rt\u0131nan\u0131n ortas\u0131nda bulurlar. O s\u0131rada devasa bir ku\u015f u\u00e7a\u011fa \u00e7arpar ve u\u00e7ak zorunlu ini\u015f yapar. Neyse ki kimse zarar g\u00f6rmemi\u015ftir.<\/p>\n<p>Fakat \u015fimdi ba\u015fka bir problemleri vard\u0131r. Bu devasa ku\u015f, u\u00e7a\u011f\u0131n alt\u0131na s\u0131k\u0131\u015fm\u0131\u015ft\u0131r. Hey&#8230; Ama&#8230; Ama bu bir ku\u015f de\u011fil! Bu bir dinozor! Neler oluyor? Bu bir r\u00fcya m\u0131? Ba\u015fka bir boyuta m\u0131 ge\u00e7tiler? Buras\u0131 dinozorlar\u0131n \u00fclkesi mi?<\/p>\n","protected":false},"excerpt":{"rendered":"<p>T\u00fcrk mill\u00ee basketbol tak\u0131m\u0131n\u0131n birka\u00e7 \u00fcyesi, d\u00fcnya \u015fampiyonas\u0131na gitmek \u00fczere&hellip;<\/p>\n<p> <a class=\"more-link\" href=\"https:\/\/edam.com.tr\/en\/product\/kayip-vadi-yardimseverlik\/\">Read more<\/a><\/p>\n","protected":false},"featured_media":12433,"comment_status":"open","ping_status":"closed","template":"","meta":{"_acf_changed":false},"product_brand":[],"product_cat":[470],"product_tag":[691,724],"class_list":{"0":"post-15080","1":"product","2":"type-product","3":"status-publish","4":"has-post-thumbnail","6":"product_cat-comics","7":"product_tag-karakter-okulu-en","8":"product_tag-yardimseverlik-en","9":"pa_katki-saglayan-hatice-isilak-durmus-en","10":"pa_katki-saglayan-yildirim-orer-en","11":"pa_yas-gruplari-9-12-en","13":"first","14":"instock","15":"taxable","16":"shipping-taxable","17":"purchasable","18":"product-type-simple"},"acf":[],"_links":{"self":[{"href":"https:\/\/edam.com.tr\/en\/wp-json\/wp\/v2\/product\/15080","targetHints":{"allow":["GET"]}}],"collection":[{"href":"https:\/\/edam.com.tr\/en\/wp-json\/wp\/v2\/product"}],"about":[{"href":"https:\/\/edam.com.tr\/en\/wp-json\/wp\/v2\/types\/product"}],"replies":[{"embeddable":true,"href":"https:\/\/edam.com.tr\/en\/wp-json\/wp\/v2\/comments?post=15080"}],"wp:featuredmedia":[{"embeddable":true,"href":"https:\/\/edam.com.tr\/en\/wp-json\/wp\/v2\/media\/12433"}],"wp:attachment":[{"href":"https:\/\/edam.com.tr\/en\/wp-json\/wp\/v2\/media?parent=15080"}],"wp:term":[{"taxonomy":"product_brand","embeddable":true,"href":"https:\/\/edam.com.tr\/en\/wp-json\/wp\/v2\/product_brand?post=15080"},{"taxonomy":"product_cat","embeddable":true,"href":"https:\/\/edam.com.tr\/en\/wp-json\/wp\/v2\/product_cat?post=15080"},{"taxonomy":"product_tag","embeddable":true,"href":"https:\/\/edam.com.tr\/en\/wp-json\/wp\/v2\/product_tag?post=15080"}],"curies":[{"name":"wp","href":"https:\/\/api.w.org\/{rel}","templated":true}]}}