{"id":15079,"date":"2024-03-20T18:00:13","date_gmt":"2024-03-20T15:00:13","guid":{"rendered":"https:\/\/edam.com.tr\/urun\/ev-okulu-ogretici-kitabi\/"},"modified":"2026-01-02T00:16:52","modified_gmt":"2026-01-01T21:16:52","slug":"ev-okulu-ogretici-kitabi","status":"publish","type":"product","link":"https:\/\/edam.com.tr\/en\/product\/ev-okulu-ogretici-kitabi\/","title":{"rendered":"Ev Okulu \u00d6\u011fretici Kitab\u0131"},"content":{"rendered":"<p>Toplam 9 kitaptan olu\u015fan Ev Okulu Serisi i\u00e7in yay\u0131mlanm\u0131\u015f \u00f6\u011fretici k\u0131lavuzudur.<\/p>\n","protected":false},"excerpt":{"rendered":"<p>Toplam 9 kitaptan olu\u015fan Ev Okulu Serisi i\u00e7in yay\u0131mlanm\u0131\u015f \u00f6\u011fretici&hellip;<\/p>\n<p> <a class=\"more-link\" href=\"https:\/\/edam.com.tr\/en\/product\/ev-okulu-ogretici-kitabi\/\">Read more<\/a><\/p>\n","protected":false},"featured_media":12441,"comment_status":"open","ping_status":"closed","template":"","meta":{"_acf_changed":false},"product_brand":[],"product_cat":[460,430,491],"product_tag":[757],"class_list":{"0":"post-15079","1":"product","2":"type-product","3":"status-publish","4":"has-post-thumbnail","6":"product_cat-educational-sciences","7":"product_cat-nonfiction","8":"product_cat-teacher-manuals","9":"product_tag-ev-okulu-en","10":"pa_katki-saglayan-alpaslan-durmus-en","11":"pa_katki-saglayan-hatice-isilak-durmus-en","12":"pa_katki-saglayan-neriman-karatekin-en","13":"pa_yas-gruplari-general-audience","15":"first","16":"instock","17":"taxable","18":"shipping-taxable","19":"purchasable","20":"product-type-simple"},"acf":[],"_links":{"self":[{"href":"https:\/\/edam.com.tr\/en\/wp-json\/wp\/v2\/product\/15079","targetHints":{"allow":["GET"]}}],"collection":[{"href":"https:\/\/edam.com.tr\/en\/wp-json\/wp\/v2\/product"}],"about":[{"href":"https:\/\/edam.com.tr\/en\/wp-json\/wp\/v2\/types\/product"}],"replies":[{"embeddable":true,"href":"https:\/\/edam.com.tr\/en\/wp-json\/wp\/v2\/comments?post=15079"}],"wp:featuredmedia":[{"embeddable":true,"href":"https:\/\/edam.com.tr\/en\/wp-json\/wp\/v2\/media\/12441"}],"wp:attachment":[{"href":"https:\/\/edam.com.tr\/en\/wp-json\/wp\/v2\/media?parent=15079"}],"wp:term":[{"taxonomy":"product_brand","embeddable":true,"href":"https:\/\/edam.com.tr\/en\/wp-json\/wp\/v2\/product_brand?post=15079"},{"taxonomy":"product_cat","embeddable":true,"href":"https:\/\/edam.com.tr\/en\/wp-json\/wp\/v2\/product_cat?post=15079"},{"taxonomy":"product_tag","embeddable":true,"href":"https:\/\/edam.com.tr\/en\/wp-json\/wp\/v2\/product_tag?post=15079"}],"curies":[{"name":"wp","href":"https:\/\/api.w.org\/{rel}","templated":true}]}}