{"id":15078,"date":"2024-03-20T18:00:14","date_gmt":"2024-03-20T15:00:14","guid":{"rendered":"https:\/\/edam.com.tr\/urun\/ezber-kartelam\/"},"modified":"2026-01-02T00:16:52","modified_gmt":"2026-01-01T21:16:52","slug":"ezber-kartelam","status":"publish","type":"product","link":"https:\/\/edam.com.tr\/en\/product\/ezber-kartelam\/","title":{"rendered":"Ezber Kartelam"},"content":{"rendered":"<p>Ezber Kartelam namaz k\u0131larken okunmas\u0131 gereken sure, ayet ve dualar\u0131n kolayl\u0131kla ve k\u0131sa zamanda ezberlenebilmesi i\u00e7in tasarland\u0131. Bunun yan\u0131nda yemek duas\u0131 gibi g\u00fcndelik hayatta s\u0131kl\u0131kla okunan baz\u0131 dua ve ayetlere de kartelada yer verildi.<\/p>\n<p>Sure, ayet ve dualar ezberleme kolayl\u0131\u011f\u0131 bak\u0131m\u0131ndan ye\u015fil, mavi ve pembe renklerin simgeledi\u011fi \u00fc\u00e7 d\u00fczeye g\u00f6re s\u0131n\u0131fland\u0131r\u0131ld\u0131. Ezberlemeyi kolayla\u015ft\u0131ran bu \u00f6zg\u00fcn teknik sayesinde namaz i\u00e7in gerekli olan ezbere m\u00fcmk\u00fcn olan en k\u0131sa zamanda ula\u015f\u0131labiliyor. Kartelan\u0131n cep boy niteli\u011fi ise ezber ortam\u0131 se\u00e7ene\u011fi say\u0131s\u0131n\u0131 art\u0131r\u0131yor.<\/p>\n","protected":false},"excerpt":{"rendered":"<p>Ezber Kartelam namaz k\u0131larken okunmas\u0131 gereken sure, ayet ve dualar\u0131n&hellip;<\/p>\n<p> <a class=\"more-link\" href=\"https:\/\/edam.com.tr\/en\/product\/ezber-kartelam\/\">Read more<\/a><\/p>\n","protected":false},"featured_media":12455,"comment_status":"open","ping_status":"closed","template":"","meta":{"_acf_changed":false},"product_brand":[],"product_cat":[490,443],"product_tag":[754,755,756],"class_list":{"0":"post-15078","1":"product","2":"type-product","3":"status-publish","4":"has-post-thumbnail","6":"product_cat-learning-cards","7":"product_cat-stationary","8":"product_tag-ayet-en","9":"product_tag-dua-en","10":"product_tag-sure-en","11":"pa_katki-saglayan-komisyon-en","12":"pa_yas-gruplari-general-audience","14":"first","15":"instock","16":"taxable","17":"shipping-taxable","18":"purchasable","19":"product-type-simple"},"acf":[],"_links":{"self":[{"href":"https:\/\/edam.com.tr\/en\/wp-json\/wp\/v2\/product\/15078","targetHints":{"allow":["GET"]}}],"collection":[{"href":"https:\/\/edam.com.tr\/en\/wp-json\/wp\/v2\/product"}],"about":[{"href":"https:\/\/edam.com.tr\/en\/wp-json\/wp\/v2\/types\/product"}],"replies":[{"embeddable":true,"href":"https:\/\/edam.com.tr\/en\/wp-json\/wp\/v2\/comments?post=15078"}],"wp:featuredmedia":[{"embeddable":true,"href":"https:\/\/edam.com.tr\/en\/wp-json\/wp\/v2\/media\/12455"}],"wp:attachment":[{"href":"https:\/\/edam.com.tr\/en\/wp-json\/wp\/v2\/media?parent=15078"}],"wp:term":[{"taxonomy":"product_brand","embeddable":true,"href":"https:\/\/edam.com.tr\/en\/wp-json\/wp\/v2\/product_brand?post=15078"},{"taxonomy":"product_cat","embeddable":true,"href":"https:\/\/edam.com.tr\/en\/wp-json\/wp\/v2\/product_cat?post=15078"},{"taxonomy":"product_tag","embeddable":true,"href":"https:\/\/edam.com.tr\/en\/wp-json\/wp\/v2\/product_tag?post=15078"}],"curies":[{"name":"wp","href":"https:\/\/api.w.org\/{rel}","templated":true}]}}