{"id":15077,"date":"2024-03-20T18:00:14","date_gmt":"2024-03-20T15:00:14","guid":{"rendered":"https:\/\/edam.com.tr\/urun\/koy-faresi-ile-sehir-faresi\/"},"modified":"2026-01-02T00:16:52","modified_gmt":"2026-01-01T21:16:52","slug":"koy-faresi-ile-sehir-faresi","status":"publish","type":"product","link":"https:\/\/edam.com.tr\/en\/product\/koy-faresi-ile-sehir-faresi\/","title":{"rendered":"K\u00f6y Faresi ile \u015eehir Faresi"},"content":{"rendered":"<p>Nohut ve Leblebi iki kuzen fare\u2026 Biri k\u00f6yde ya\u015f\u0131yor, di\u011feri \u015fehirde. Bir g\u00fcn Nohut, k\u00f6y\u00fcnden kalk\u0131p k\u00f6yde ya\u015fayan kuzeni Leblebi\u2019yi ziyarete niyetleniyor. Ondan sonra g\u00f6r\u00fcn bak\u0131n neler oluyor?<\/p>\n","protected":false},"excerpt":{"rendered":"<p>Nohut ve Leblebi iki kuzen fare\u2026 Biri k\u00f6yde ya\u015f\u0131yor, di\u011feri&hellip;<\/p>\n<p> <a class=\"more-link\" href=\"https:\/\/edam.com.tr\/en\/product\/koy-faresi-ile-sehir-faresi\/\">Read more<\/a><\/p>\n","protected":false},"featured_media":12463,"comment_status":"open","ping_status":"closed","template":"","meta":{"_acf_changed":false},"product_brand":[],"product_cat":[427,437],"product_tag":[],"class_list":{"0":"post-15077","1":"product","2":"type-product","3":"status-publish","4":"has-post-thumbnail","6":"product_cat-childrens","7":"product_cat-fiction","8":"pa_katki-saglayan-andrea-petrlik-en","9":"pa_katki-saglayan-hatice-isilak-durmus-en","10":"pa_katki-saglayan-kasmir-huseinovic-en","11":"pa_katki-saglayan-neriman-karatekin-en","12":"pa_yas-gruplari-5-9-en","14":"first","15":"instock","16":"taxable","17":"shipping-taxable","18":"purchasable","19":"product-type-simple"},"acf":[],"_links":{"self":[{"href":"https:\/\/edam.com.tr\/en\/wp-json\/wp\/v2\/product\/15077","targetHints":{"allow":["GET"]}}],"collection":[{"href":"https:\/\/edam.com.tr\/en\/wp-json\/wp\/v2\/product"}],"about":[{"href":"https:\/\/edam.com.tr\/en\/wp-json\/wp\/v2\/types\/product"}],"replies":[{"embeddable":true,"href":"https:\/\/edam.com.tr\/en\/wp-json\/wp\/v2\/comments?post=15077"}],"wp:featuredmedia":[{"embeddable":true,"href":"https:\/\/edam.com.tr\/en\/wp-json\/wp\/v2\/media\/12463"}],"wp:attachment":[{"href":"https:\/\/edam.com.tr\/en\/wp-json\/wp\/v2\/media?parent=15077"}],"wp:term":[{"taxonomy":"product_brand","embeddable":true,"href":"https:\/\/edam.com.tr\/en\/wp-json\/wp\/v2\/product_brand?post=15077"},{"taxonomy":"product_cat","embeddable":true,"href":"https:\/\/edam.com.tr\/en\/wp-json\/wp\/v2\/product_cat?post=15077"},{"taxonomy":"product_tag","embeddable":true,"href":"https:\/\/edam.com.tr\/en\/wp-json\/wp\/v2\/product_tag?post=15077"}],"curies":[{"name":"wp","href":"https:\/\/api.w.org\/{rel}","templated":true}]}}